{"id":11128,"date":"2024-11-12T09:41:28","date_gmt":"2024-11-12T09:41:28","guid":{"rendered":"https:\/\/shedcoliving.com\/krakow\/privacy-policy\/"},"modified":"2026-03-18T11:30:38","modified_gmt":"2026-03-18T11:30:38","slug":"privacy-policy","status":"publish","type":"page","link":"https:\/\/shedcoliving.com\/krakow\/es\/privacy-policy\/","title":{"rendered":"Pol\u00edtica de privacidad"},"content":{"rendered":"\n<p>SHED Warsaw Sky Living\u00bb y \u00abSHED Warsaw Campus Living\u00bb (\u00abnosotros\u00bb, \u00abnos\u00bb, \u00abla Empresa\u00bb) es el responsable del tratamiento de los datos personales que usted nos proporciona. Gestionamos el sitio web <a href=\"http:\/\/www.shedcoliving.com\">www.shedcoliving.com<\/a> (\u00abSitio Web\u00bb) para ofrecer a nuestros usuarios (\u00abusted\u00bb y \u00absu\u00bb) informaci\u00f3n sobre nuestros servicios (\u00abServicios\u00bb).<\/p>\n\n\n\n<p>A continuaci\u00f3n describimos c\u00f3mo recopilamos, utilizamos y gestionamos su informaci\u00f3n cuando utiliza nuestro Sitio Web. Al utilizar los Servicios, usted acepta la recopilaci\u00f3n y el uso de la informaci\u00f3n de conformidad con esta Pol\u00edtica de Privacidad.<\/p>\n\n\n\n<p>En el tratamiento de sus datos, nos atenemos al Reglamento (UE) 2016\/679 del Parlamento Europeo y del Consejo, de 27 de abril de 2016, relativo a la protecci\u00f3n de las personas f\u00edsicas en lo que respecta al tratamiento de datos personales y a la libre circulaci\u00f3n de estos datos y por el que se deroga la Directiva 95\/46\/CE (Reglamento General de Protecci\u00f3n de Datos) (\u00abRGPD\u00bb), as\u00ed como a otras leyes de protecci\u00f3n de datos aplicables.<\/p>\n\n\n\n<p>Tenga en cuenta que esta Pol\u00edtica de Privacidad se aplica \u00fanicamente al Sitio Web. Este Sitio Web puede contener enlaces a otros sitios web que no son operados ni controlados por nosotros. Los enlaces de este Sitio Web no implican que respaldemos o hayamos revisado dichos sitios web de terceros.<\/p>\n\n\n\n<p><strong>I. Informaci\u00f3n sobre nosotros (responsables del tratamiento):<\/strong><\/p>\n\n\n\n<p><strong>SHED Warsaw Campus Living<\/strong> N.\u00ba de registro: 520238302 Direcci\u00f3n registrada: Z\u0142ota 59, 00-120 Varsovia, Polonia Correo electr\u00f3nico: <a href=\"mailto:shedwarsawcampus@yugo.com\">shedwarsawcampus@yugo.com<\/a><\/p>\n\n\n\n<p><strong>SHED Warsaw Sky Living<\/strong> N.\u00ba de registro: 521365652 Direcci\u00f3n registrada: Grzybowska 2\/29, 00-131 Varsovia, Polonia Correo electr\u00f3nico: <a href=\"mailto:shedwarsawliving@yugo.com\">shedwarsawliving@yugo.com<\/a><\/p>\n\n\n\n<p><strong>II. Informaci\u00f3n sobre el delegado de protecci\u00f3n de datos:<\/strong><\/p>\n\n\n\n<p>No se ha designado delegado de protecci\u00f3n de datos.<\/p>\n\n\n\n<p><strong>III. \u00bfQu\u00e9 informaci\u00f3n recopilamos?<\/strong><\/p>\n\n\n\n<p>Recopilamos y utilizamos la siguiente informaci\u00f3n:<\/p>\n\n\n\n<p><strong>1. Datos Personales<\/strong><\/p>\n\n\n\n<p>Cuando utiliza nuestro Sitio Web, podemos recopilar cierta informaci\u00f3n de identificaci\u00f3n personal sobre usted (\u00abDatos Personales\u00bb), por ejemplo, cuando usted nos la proporciona voluntariamente al usar nuestros Servicios, contactarnos con consultas, etc. En todos los lugares donde recopilamos Datos Personales, proporcionamos un enlace a esta Pol\u00edtica de Privacidad.<\/p>\n\n\n\n<p><strong>2. Datos de Uso<\/strong><\/p>\n\n\n\n<p>Tambi\u00e9n podemos recopilar informaci\u00f3n que su navegador env\u00eda cada vez que visita nuestro Sitio Web o cuando accede a \u00e9l a trav\u00e9s de un dispositivo m\u00f3vil (\u00abDatos de Uso\u00bb).<\/p>\n\n\n\n<p>Estos Datos de Uso pueden incluir informaci\u00f3n como direcciones IP, el tipo de navegador y dispositivo que utiliza, la p\u00e1gina web que visit\u00f3 antes de acceder a nuestros sitios, e identificadores asociados a sus dispositivos.<\/p>\n\n\n\n<p>Cuando accede al Sitio Web a trav\u00e9s de un dispositivo m\u00f3vil, estos Datos de Uso pueden incluir informaci\u00f3n como el tipo de dispositivo m\u00f3vil que utiliza, el identificador \u00fanico de su dispositivo m\u00f3vil, la direcci\u00f3n IP de su dispositivo m\u00f3vil, su sistema operativo m\u00f3vil, el tipo de navegador de Internet m\u00f3vil que utiliza, identificadores \u00fanicos de dispositivo y otros datos de diagn\u00f3stico.<\/p>\n\n\n\n<p>Tenga en cuenta que dicha informaci\u00f3n, recopilada de forma pasiva mediante diversas tecnolog\u00edas, no puede utilizarse actualmente para identificarle de forma espec\u00edfica. Este Sitio Web puede usar dicha informaci\u00f3n y combinarla con otra para rastrear, por ejemplo, el n\u00famero total de visitantes del Sitio Web, el n\u00famero de visitantes de cada p\u00e1gina, los nombres de dominio de los proveedores de servicios de Internet de nuestros visitantes, y c\u00f3mo nuestros usuarios utilizan e interact\u00faan con los Servicios.<\/p>\n\n\n\n<p><strong>3. Datos de Cookies de Seguimiento<\/strong><\/p>\n\n\n\n<p>Utilizamos cookies y tecnolog\u00edas de seguimiento similares para rastrear la actividad en nuestro Sitio Web y almacenar cierta informaci\u00f3n. Visite nuestra Pol\u00edtica de Cookies para obtener m\u00e1s informaci\u00f3n.<\/p>\n\n\n\n<p><strong>IV. Datos Personales recopilados y tratados, finalidades y bases jur\u00eddicas del tratamiento, as\u00ed como los plazos de conservaci\u00f3n.<\/strong><\/p>\n\n\n\n<figure class=\"wp-block-table\"><table class=\"has-fixed-layout\"><thead><tr><th>Finalidad del tratamiento<\/th><th>Datos recopilados y tratados<\/th><th>Base jur\u00eddica del tratamiento<\/th><th>Plazo de conservaci\u00f3n<\/th><\/tr><\/thead><tbody><tr><td>Para la reserva de una habitaci\u00f3n<\/td><td>Nombre, Apellidos, Fecha de nacimiento, Direcci\u00f3n, Sexo, Correo electr\u00f3nico, N\u00famero de tel\u00e9fono, Nombre de la universidad y a\u00f1o de estudios<\/td><td>El tratamiento es necesario para la ejecuci\u00f3n de un contrato en el que el interesado es parte, o para la aplicaci\u00f3n a petici\u00f3n de este de medidas precontractuales (RGPD Art. 6(1)(b))<\/td><td>10 (diez) a\u00f1os a partir de la fecha de ejecuci\u00f3n del contrato<\/td><\/tr><tr><td>Para el procesamiento de facturaci\u00f3n y otros pagos, y el cumplimiento de las normas contables<\/td><td>Nombre, Apellidos, N\u00famero de tarjeta de cr\u00e9dito, N\u00famero de cuenta bancaria<\/td><td>El tratamiento es necesario para el cumplimiento de una obligaci\u00f3n legal aplicable al responsable (RGPD Art. 6(1)(c)), es decir, para cumplir con una obligaci\u00f3n legal (emisi\u00f3n o almacenamiento de facturas y otros documentos contables, etc.)<\/td><td>10 (diez) a\u00f1os a partir de la fecha de ejecuci\u00f3n del contrato<\/td><\/tr><tr><td>Para la comunicaci\u00f3n a trav\u00e9s del Sitio Web, por ejemplo para responder a solicitudes del interesado<\/td><td>Nombre, Correo electr\u00f3nico<\/td><td>El tratamiento es necesario para la aplicaci\u00f3n a petici\u00f3n del interesado de medidas precontractuales (RGPD Art. 6(1)(b))<\/td><td>1 (un) a\u00f1o desde la fecha de la \u00faltima correspondencia con el interesado<\/td><\/tr><\/tbody><\/table><\/figure>\n\n\n\n<p>Utilizamos los Datos Personales para los distintos fines indicados en esta Pol\u00edtica de Privacidad. Si nos proporciona Datos Personales por una raz\u00f3n determinada, podremos utilizarlos en relaci\u00f3n con dicha raz\u00f3n. Por ejemplo, si nos contacta por correo electr\u00f3nico, utilizaremos los Datos Personales que nos proporcione para responder a su pregunta o resolver su problema. Asimismo, si nos proporciona Datos Personales para obtener acceso a los Servicios, los utilizaremos para proporcionarle acceso a dichos servicios y para supervisar su uso de los mismos. Nosotros y nuestras filiales y empresas afiliadas (\u00abEmpresas Relacionadas\u00bb) tambi\u00e9n podemos utilizar sus Datos Personales y otra informaci\u00f3n no identificable personalmente recopilada a trav\u00e9s del Sitio Web para mejorar el contenido y la funcionalidad del mismo, para conocer mejor a nuestros usuarios y para mejorar los Servicios. Nosotros y nuestras Empresas Relacionadas podemos usar esta informaci\u00f3n para comunicarnos con usted en relaci\u00f3n con los Servicios.<\/p>\n\n\n\n<p><strong>V. \u00bfEst\u00e1 usted obligado a proporcionarnos Datos Personales?<\/strong><\/p>\n\n\n\n<p>Tenga en cuenta que, para poder utilizar nuestros Servicios, debe proporcionarnos los Datos Personales mencionados anteriormente.<\/p>\n\n\n\n<p><strong>VI. \u00bfDe d\u00f3nde obtenemos sus Datos Personales?<\/strong><\/p>\n\n\n\n<p>Recibimos los datos directamente de usted, es decir, cuando nos proporciona sus Datos Personales a trav\u00e9s de nuestro Sitio Web.<\/p>\n\n\n\n<p><strong>VII. Transferencia de Datos<\/strong><\/p>\n\n\n\n<p>La informaci\u00f3n que nos proporciona, incluidos los Datos Personales, puede ser transferida a \u2014 y conservada en \u2014 ordenadores ubicados fuera de su estado, provincia, pa\u00eds u otra jurisdicci\u00f3n gubernamental donde las leyes de protecci\u00f3n de datos pueden diferir de las de su jurisdicci\u00f3n. Al proporcionarnos voluntariamente sus Datos Personales, usted consiente su uso de conformidad con esta Pol\u00edtica de Privacidad.<\/p>\n\n\n\n<p>Tenga en cuenta que no compartiremos sus Datos Personales con terceros sin su permiso, salvo para los siguientes fines:<\/p>\n\n\n\n<p><strong>1. Terceros que trabajan para nosotros (proveedores de servicios)<\/strong><\/p>\n\n\n\n<p>Podemos recurrir a determinados terceros de confianza (por ejemplo, proveedores de atenci\u00f3n al cliente y servicios inform\u00e1ticos, servicios de contabilidad) para ayudarnos a mejorar nuestro Sitio Web. Estos terceros solo pueden acceder a la informaci\u00f3n para realizar tareas en nuestro nombre y de conformidad con esta Pol\u00edtica de Privacidad, y seguiremos siendo responsables del tratamiento que hagan de su informaci\u00f3n seg\u00fan nuestras instrucciones.<\/p>\n\n\n\n<p><strong>2. Empresas Relacionadas<\/strong><\/p>\n\n\n\n<p>Tambi\u00e9n podemos compartir sus Datos Personales con nuestras Empresas Relacionadas para fines coherentes con esta Pol\u00edtica de Privacidad. Contratamos a terceros que actuar\u00e1n como Encargados del Tratamiento y Sub-encargados para tratar los datos personales que recopilamos de usted. Dichas empresas lo hacen sobre la base de instrucciones escritas, un acuerdo de tratamiento de datos conforme al RGPD, est\u00e1n sujetas a un deber de confidencialidad y est\u00e1n obligadas a implementar medidas t\u00e9cnicas y organizativas adecuadas para garantizar la seguridad de los datos. Pueden estar implicadas, entre otras cosas, en la tramitaci\u00f3n de su pedido, el procesamiento de sus datos de pago y la prestaci\u00f3n de servicios de asistencia. Al enviar sus datos personales, usted acepta esta transferencia, almacenamiento o tratamiento. Tomaremos todas las medidas razonablemente necesarias para garantizar que sus datos sean tratados de forma segura y de conformidad con esta pol\u00edtica de privacidad.<\/p>\n\n\n\n<p><strong>3. Transmisiones empresariales<\/strong><\/p>\n\n\n\n<p>A medida que desarrollamos nuestro negocio, podr\u00edamos vender o adquirir empresas o activos. En caso de venta corporativa, fusi\u00f3n, reorganizaci\u00f3n, disoluci\u00f3n o evento similar, los Datos Personales pueden formar parte de los activos transferidos.<\/p>\n\n\n\n<p><strong>4. Ley y Orden<\/strong><\/p>\n\n\n\n<p>Podemos divulgar su informaci\u00f3n a terceros si determinamos que dicha divulgaci\u00f3n es razonablemente necesaria para (a) cumplir con la ley; (b) proteger a cualquier persona de la muerte o de lesiones corporales graves; (c) prevenir el fraude o el abuso de nosotros o de nuestros usuarios; o (d) proteger nuestros derechos de propiedad.<\/p>\n\n\n\n<p>No transferimos sus Datos Personales a terceros pa\u00edses u organizaciones internacionales, es decir, fuera de la Uni\u00f3n Europea, a menos que la ley o los tribunales lo exijan, o que sea necesario para uno de los fines establecidos en esta Pol\u00edtica.<\/p>\n\n\n\n<p><strong>VIII. Derechos de los Interesados<\/strong><\/p>\n\n\n\n<p>Con respecto al env\u00edo de sus Datos Personales a trav\u00e9s de nuestro Sitio Web y de conformidad con el RGPD, usted tiene los siguientes derechos:<\/p>\n\n\n\n<ul class=\"wp-block-list\">\n<li>el derecho a ser informado sobre el tratamiento de datos;<\/li>\n\n\n\n<li>el derecho de acceso;<\/li>\n\n\n\n<li>el derecho de rectificaci\u00f3n;<\/li>\n\n\n\n<li>el derecho de supresi\u00f3n (\u00abderecho al olvido\u00bb);<\/li>\n\n\n\n<li>el derecho a la portabilidad de los datos;<\/li>\n\n\n\n<li>el derecho a la limitaci\u00f3n del tratamiento;<\/li>\n\n\n\n<li>el derecho de oposici\u00f3n.<\/li>\n<\/ul>\n\n\n\n<p>Le informamos de que tiene derecho a presentar una reclamaci\u00f3n ante una autoridad de protecci\u00f3n de datos.<\/p>\n\n\n\n<p><strong>En Lituania:<\/strong> Inspecci\u00f3n Estatal de Protecci\u00f3n de Datos Direcci\u00f3n: L. Sapiegos str. 17, LT-10312 Vilna, Lituania Correo electr\u00f3nico: <a href=\"mailto:ada@ada.lt\">ada@ada.lt<\/a><\/p>\n\n\n\n<p><strong>En Letonia:<\/strong> Inspecci\u00f3n de Datos del Estado Direcci\u00f3n: Elijas str. 17, Riga, LV-1050 Letonia Correo electr\u00f3nico: <a href=\"mailto:info@dvi.gov.lv\">info@dvi.gov.lv<\/a><\/p>\n\n\n\n<p><strong>En Polonia:<\/strong> El Presidente de la Oficina de Protecci\u00f3n de Datos Personales (\u00abUODO\u00bb) Direcci\u00f3n: ul. Stawki 2, 00-193 Varsovia Correo electr\u00f3nico: <a href=\"mailto:kancelaria@uodo.gov.pl\">kancelaria@uodo.gov.pl<\/a><\/p>\n\n\n\n<p>Tambi\u00e9n tiene derecho a retirar su consentimiento (si lo ha otorgado) para el tratamiento de sus Datos Personales en cualquier momento. Puede retirar su consentimiento en cualquier momento por correo electr\u00f3nico a <a href=\"mailto:shedwarsawcampus@yugo.com\">shedwarsawcampus@yugo.com<\/a> o <a href=\"mailto:shedwarsawliving@yugo.com\">shedwarsawliving@yugo.com<\/a>, o enviando una notificaci\u00f3n a la direcci\u00f3n Grzybowska 2\/29, 00-131 Varsovia, Polonia, o Z\u0142ota 59, 00-120 Varsovia, Polonia. La retirada del consentimiento no afectar\u00e1 a la licitud del tratamiento basado en el consentimiento previo a su retirada.<\/p>\n\n\n\n<p>Para ejercer los derechos mencionados, debe presentar una solicitud por escrito y de forma que le identifique, es decir, confirmando su identidad. No tramitamos solicitudes sin la posibilidad de identificar al solicitante.<\/p>\n\n\n\n<p><strong>IX. Cambios<\/strong><\/p>\n\n\n\n<p>Podemos actualizar nuestra Pol\u00edtica de Privacidad peri\u00f3dicamente. Le notificaremos cualquier cambio publicando la nueva Pol\u00edtica de Privacidad en esta p\u00e1gina.<\/p>\n\n\n\n<p>Le recomendamos que revise esta Pol\u00edtica de Privacidad peri\u00f3dicamente para comprobar si se han producido cambios. Esta Pol\u00edtica de Privacidad fue actualizada por \u00faltima vez en la fecha indicada anteriormente. El uso continuado del Sitio Web tras cualquier cambio o revisi\u00f3n de esta Pol\u00edtica de Privacidad indicar\u00e1 su conformidad con los t\u00e9rminos de dicha Pol\u00edtica de Privacidad revisada.<\/p>\n","protected":false},"excerpt":{"rendered":"<p>SHED Warsaw Sky Living\u00bb y \u00abSHED Warsaw Campus Living\u00bb (\u00abnosotros\u00bb, \u00abnos\u00bb, \u00abla Empresa\u00bb) es el responsable del tratamiento de los datos personales que usted nos proporciona. Gestionamos el sitio web www.shedcoliving.com (\u00abSitio Web\u00bb) para ofrecer a nuestros usuarios (\u00abusted\u00bb y \u00absu\u00bb) informaci\u00f3n sobre nuestros servicios (\u00abServicios\u00bb). A continuaci\u00f3n describimos c\u00f3mo recopilamos, utilizamos y gestionamos su [&hellip;]<\/p>\n","protected":false},"author":1,"featured_media":0,"parent":0,"menu_order":0,"comment_status":"closed","ping_status":"closed","template":"template-policy.php","meta":{"_acf_changed":false,"inline_featured_image":false,"_joinchat":[],"footnotes":""},"class_list":["post-11128","page","type-page","status-publish","hentry"],"acf":[],"yoast_head":"<!-- This site is optimized with the Yoast SEO plugin v27.2 - https:\/\/yoast.com\/product\/yoast-seo-wordpress\/ -->\n<title>Pol\u00edtica de privacidad - SHED Co-living<\/title>\n<meta name=\"robots\" content=\"index, follow, max-snippet:-1, max-image-preview:large, max-video-preview:-1\" \/>\n<link rel=\"canonical\" href=\"https:\/\/shedcoliving.com\/krakow\/es\/privacy-policy\/\" \/>\n<meta property=\"og:locale\" content=\"es_ES\" \/>\n<meta property=\"og:type\" content=\"article\" \/>\n<meta property=\"og:title\" content=\"Pol\u00edtica de privacidad - SHED Co-living\" \/>\n<meta property=\"og:description\" content=\"SHED Warsaw Sky Living\u00bb y \u00abSHED Warsaw Campus Living\u00bb (\u00abnosotros\u00bb, \u00abnos\u00bb, \u00abla Empresa\u00bb) es el responsable del tratamiento de los datos personales que usted nos proporciona. Gestionamos el sitio web www.shedcoliving.com (\u00abSitio Web\u00bb) para ofrecer a nuestros usuarios (\u00abusted\u00bb y \u00absu\u00bb) informaci\u00f3n sobre nuestros servicios (\u00abServicios\u00bb). A continuaci\u00f3n describimos c\u00f3mo recopilamos, utilizamos y gestionamos su [&hellip;]\" \/>\n<meta property=\"og:url\" content=\"https:\/\/shedcoliving.com\/krakow\/es\/privacy-policy\/\" \/>\n<meta property=\"og:site_name\" content=\"SHED Co-living\" \/>\n<meta property=\"article:publisher\" content=\"https:\/\/www.facebook.com\/shedcolivingvilnius\/\" \/>\n<meta property=\"article:modified_time\" content=\"2026-03-18T11:30:38+00:00\" \/>\n<meta property=\"og:image\" content=\"https:\/\/shedcoliving.com\/krakow\/wp-content\/uploads\/2024\/12\/shedcoliving-facebook-og-image-1.png\" \/>\n\t<meta property=\"og:image:width\" content=\"2048\" \/>\n\t<meta property=\"og:image:height\" content=\"1075\" \/>\n\t<meta property=\"og:image:type\" content=\"image\/png\" \/>\n<meta name=\"twitter:card\" content=\"summary_large_image\" \/>\n<meta name=\"twitter:label1\" content=\"Tiempo de lectura\" \/>\n\t<meta name=\"twitter:data1\" content=\"8 minutos\" \/>\n<script type=\"application\/ld+json\" class=\"yoast-schema-graph\">{\"@context\":\"https:\/\/schema.org\",\"@graph\":[{\"@type\":\"WebPage\",\"@id\":\"https:\/\/shedcoliving.com\/krakow\/es\/privacy-policy\/\",\"url\":\"https:\/\/shedcoliving.com\/krakow\/es\/privacy-policy\/\",\"name\":\"Pol\u00edtica de privacidad - SHED Co-living\",\"isPartOf\":{\"@id\":\"https:\/\/shedcoliving.com\/krakow\/#website\"},\"datePublished\":\"2024-11-12T09:41:28+00:00\",\"dateModified\":\"2026-03-18T11:30:38+00:00\",\"breadcrumb\":{\"@id\":\"https:\/\/shedcoliving.com\/krakow\/es\/privacy-policy\/#breadcrumb\"},\"inLanguage\":\"es\",\"potentialAction\":[{\"@type\":\"ReadAction\",\"target\":[\"https:\/\/shedcoliving.com\/krakow\/es\/privacy-policy\/\"]}]},{\"@type\":\"BreadcrumbList\",\"@id\":\"https:\/\/shedcoliving.com\/krakow\/es\/privacy-policy\/#breadcrumb\",\"itemListElement\":[{\"@type\":\"ListItem\",\"position\":1,\"name\":\"Home\",\"item\":\"https:\/\/shedcoliving.com\/krakow\/es\/\"},{\"@type\":\"ListItem\",\"position\":2,\"name\":\"Pol\u00edtica de privacidad\"}]},{\"@type\":\"WebSite\",\"@id\":\"https:\/\/shedcoliving.com\/krakow\/#website\",\"url\":\"https:\/\/shedcoliving.com\/krakow\/\",\"name\":\"SHED Co-living\",\"description\":\"Build a new version of yourself!\",\"publisher\":{\"@id\":\"https:\/\/shedcoliving.com\/krakow\/#organization\"},\"potentialAction\":[{\"@type\":\"SearchAction\",\"target\":{\"@type\":\"EntryPoint\",\"urlTemplate\":\"https:\/\/shedcoliving.com\/krakow\/?s={search_term_string}\"},\"query-input\":{\"@type\":\"PropertyValueSpecification\",\"valueRequired\":true,\"valueName\":\"search_term_string\"}}],\"inLanguage\":\"es\"},{\"@type\":\"Organization\",\"@id\":\"https:\/\/shedcoliving.com\/krakow\/#organization\",\"name\":\"Shed Co-living\",\"url\":\"https:\/\/shedcoliving.com\/krakow\/\",\"logo\":{\"@type\":\"ImageObject\",\"inLanguage\":\"es\",\"@id\":\"https:\/\/shedcoliving.com\/krakow\/#\/schema\/logo\/image\/\",\"url\":\"https:\/\/shedcoliving.com\/krakow\/wp-content\/uploads\/2024\/12\/logo-black.svg\",\"contentUrl\":\"https:\/\/shedcoliving.com\/krakow\/wp-content\/uploads\/2024\/12\/logo-black.svg\",\"width\":937,\"height\":347,\"caption\":\"Shed Co-living\"},\"image\":{\"@id\":\"https:\/\/shedcoliving.com\/krakow\/#\/schema\/logo\/image\/\"},\"sameAs\":[\"https:\/\/www.facebook.com\/shedcolivingvilnius\/\",\"https:\/\/www.instagram.com\/shed_vilnius\/\"]}]}<\/script>\n<!-- \/ Yoast SEO plugin. -->","yoast_head_json":{"title":"Pol\u00edtica de privacidad - SHED Co-living","robots":{"index":"index","follow":"follow","max-snippet":"max-snippet:-1","max-image-preview":"max-image-preview:large","max-video-preview":"max-video-preview:-1"},"canonical":"https:\/\/shedcoliving.com\/krakow\/es\/privacy-policy\/","og_locale":"es_ES","og_type":"article","og_title":"Pol\u00edtica de privacidad - SHED Co-living","og_description":"SHED Warsaw Sky Living\u00bb y \u00abSHED Warsaw Campus Living\u00bb (\u00abnosotros\u00bb, \u00abnos\u00bb, \u00abla Empresa\u00bb) es el responsable del tratamiento de los datos personales que usted nos proporciona. Gestionamos el sitio web www.shedcoliving.com (\u00abSitio Web\u00bb) para ofrecer a nuestros usuarios (\u00abusted\u00bb y \u00absu\u00bb) informaci\u00f3n sobre nuestros servicios (\u00abServicios\u00bb). A continuaci\u00f3n describimos c\u00f3mo recopilamos, utilizamos y gestionamos su [&hellip;]","og_url":"https:\/\/shedcoliving.com\/krakow\/es\/privacy-policy\/","og_site_name":"SHED Co-living","article_publisher":"https:\/\/www.facebook.com\/shedcolivingvilnius\/","article_modified_time":"2026-03-18T11:30:38+00:00","og_image":[{"width":2048,"height":1075,"url":"https:\/\/shedcoliving.com\/krakow\/wp-content\/uploads\/2024\/12\/shedcoliving-facebook-og-image-1.png","type":"image\/png"}],"twitter_card":"summary_large_image","twitter_misc":{"Tiempo de lectura":"8 minutos"},"schema":{"@context":"https:\/\/schema.org","@graph":[{"@type":"WebPage","@id":"https:\/\/shedcoliving.com\/krakow\/es\/privacy-policy\/","url":"https:\/\/shedcoliving.com\/krakow\/es\/privacy-policy\/","name":"Pol\u00edtica de privacidad - SHED Co-living","isPartOf":{"@id":"https:\/\/shedcoliving.com\/krakow\/#website"},"datePublished":"2024-11-12T09:41:28+00:00","dateModified":"2026-03-18T11:30:38+00:00","breadcrumb":{"@id":"https:\/\/shedcoliving.com\/krakow\/es\/privacy-policy\/#breadcrumb"},"inLanguage":"es","potentialAction":[{"@type":"ReadAction","target":["https:\/\/shedcoliving.com\/krakow\/es\/privacy-policy\/"]}]},{"@type":"BreadcrumbList","@id":"https:\/\/shedcoliving.com\/krakow\/es\/privacy-policy\/#breadcrumb","itemListElement":[{"@type":"ListItem","position":1,"name":"Home","item":"https:\/\/shedcoliving.com\/krakow\/es\/"},{"@type":"ListItem","position":2,"name":"Pol\u00edtica de privacidad"}]},{"@type":"WebSite","@id":"https:\/\/shedcoliving.com\/krakow\/#website","url":"https:\/\/shedcoliving.com\/krakow\/","name":"SHED Co-living","description":"Build a new version of yourself!","publisher":{"@id":"https:\/\/shedcoliving.com\/krakow\/#organization"},"potentialAction":[{"@type":"SearchAction","target":{"@type":"EntryPoint","urlTemplate":"https:\/\/shedcoliving.com\/krakow\/?s={search_term_string}"},"query-input":{"@type":"PropertyValueSpecification","valueRequired":true,"valueName":"search_term_string"}}],"inLanguage":"es"},{"@type":"Organization","@id":"https:\/\/shedcoliving.com\/krakow\/#organization","name":"Shed Co-living","url":"https:\/\/shedcoliving.com\/krakow\/","logo":{"@type":"ImageObject","inLanguage":"es","@id":"https:\/\/shedcoliving.com\/krakow\/#\/schema\/logo\/image\/","url":"https:\/\/shedcoliving.com\/krakow\/wp-content\/uploads\/2024\/12\/logo-black.svg","contentUrl":"https:\/\/shedcoliving.com\/krakow\/wp-content\/uploads\/2024\/12\/logo-black.svg","width":937,"height":347,"caption":"Shed Co-living"},"image":{"@id":"https:\/\/shedcoliving.com\/krakow\/#\/schema\/logo\/image\/"},"sameAs":["https:\/\/www.facebook.com\/shedcolivingvilnius\/","https:\/\/www.instagram.com\/shed_vilnius\/"]}]}},"_links":{"self":[{"href":"https:\/\/shedcoliving.com\/krakow\/es\/wp-json\/wp\/v2\/pages\/11128","targetHints":{"allow":["GET"]}}],"collection":[{"href":"https:\/\/shedcoliving.com\/krakow\/es\/wp-json\/wp\/v2\/pages"}],"about":[{"href":"https:\/\/shedcoliving.com\/krakow\/es\/wp-json\/wp\/v2\/types\/page"}],"author":[{"embeddable":true,"href":"https:\/\/shedcoliving.com\/krakow\/es\/wp-json\/wp\/v2\/users\/1"}],"replies":[{"embeddable":true,"href":"https:\/\/shedcoliving.com\/krakow\/es\/wp-json\/wp\/v2\/comments?post=11128"}],"version-history":[{"count":2,"href":"https:\/\/shedcoliving.com\/krakow\/es\/wp-json\/wp\/v2\/pages\/11128\/revisions"}],"predecessor-version":[{"id":12691,"href":"https:\/\/shedcoliving.com\/krakow\/es\/wp-json\/wp\/v2\/pages\/11128\/revisions\/12691"}],"wp:attachment":[{"href":"https:\/\/shedcoliving.com\/krakow\/es\/wp-json\/wp\/v2\/media?parent=11128"}],"curies":[{"name":"wp","href":"https:\/\/api.w.org\/{rel}","templated":true}]}}