{"id":10663,"date":"2024-11-12T09:47:05","date_gmt":"2024-11-12T09:47:05","guid":{"rendered":"https:\/\/shedcoliving.com\/krakow\/?page_id=10663"},"modified":"2025-07-30T16:05:07","modified_gmt":"2025-07-30T16:05:07","slug":"okres-uzytkowania","status":"publish","type":"page","link":"https:\/\/shedcoliving.com\/krakow\/pl\/okres-uzytkowania\/","title":{"rendered":"Polityka rezerwacji"},"content":{"rendered":"\n<h3 class=\"wp-block-heading has-text-align-center\"><strong>Regulamin Rezerwacji, Zawarcia Umowy, Depozytu i Anulacji<\/strong><\/h3>\n\n\n\n<ol start=\"1\" class=\"wp-block-list\">\n<li><strong>Regulamin Rezerwacji, Zawarcia Umowy, Depozytu i Anulacji<\/strong> okre\u015bla zasady:<br>a) dokonywania Zakwaterowania w Obiekcie SHED Living Krak\u00f3w<br>b) zawarcia umowy na zakwaterowanie w Obiekcie<br>c) uiszczania op\u0142at: administracyjnej oraz depozytu<br>d) anulacji i wypowiedzenia umowy<\/li>\n\n\n\n<li><strong>Rezerwacja oraz Umowa Zakwaterowania w SHED Living Krak\u00f3w<\/strong><br>Dokonanie rezerwacji oraz zawarcie umowy nast\u0119puje poprzez nast\u0119puj\u0105ce kroki:<br>2.1. Ubiegaj\u0105cy si\u0119 o zakwaterowanie wybiera na stronie <a href=\"http:\/\/www.shedcoliving.com\/pokoje\">www.shedcoliving.com\/pokoje<\/a> odpowiedni pok\u00f3j jednoosobowy lub miejsce w pokoju dwuosobowym oraz okres zakwaterowania. Po wyborze zostaje przekierowany do serwisu, w kt\u00f3rym dokonuje rezerwacji i zawiera umow\u0119.<br>2.2. Ubiegaj\u0105cy si\u0119 o zakwaterowanie podaje dane osobowe niezb\u0119dne do dokonania rezerwacji i zawarcia umowy.<br>2.3. Po wprowadzeniu danych zapoznaje si\u0119 z tre\u015bci\u0105 umowy, regulaminem rezerwacji i polityk\u0105 prywatno\u015bci oraz akceptuje ich tre\u015b\u0107.<br>2.4. W celu dokonania rezerwacji i zawarcia umowy nale\u017cy op\u0142aci\u0107 w serwisie:<br>a) op\u0142at\u0119 rezerwacyjn\u0105 w wysoko\u015bci 300,00 PLN \u2013 jednorazow\u0105, bezzwrotn\u0105 op\u0142at\u0119 administracyjn\u0105, kt\u00f3ra nie jest rozliczana w czynszu<br>b) depozyt w wysoko\u015bci jednomiesi\u0119cznego czynszu<br>2.5. Dost\u0119pne formy p\u0142atno\u015bci: Visa, MasterCard, przelewy bankowe, Blik. Obs\u0142ug\u0119 p\u0142atno\u015bci online \u015bwiadczy Autopay S.A.<br>2.6. W przypadku p\u0142atno\u015bci kart\u0105 termin realizacji liczy si\u0119 od momentu pozytywnej autoryzacji.<br>2.7. Po otrzymaniu p\u0142atno\u015bci W\u0142a\u015bciciel wysy\u0142a Ubiegaj\u0105cemu si\u0119 o zakwaterowanie, drog\u0105 mailow\u0105 lub przez wybran\u0105 aplikacj\u0119, zaakceptowan\u0105 wersj\u0119 umowy. Ubiegaj\u0105cy si\u0119 o zakwaterowanie podpisuje j\u0105 elektronicznie w ci\u0105gu 3 dni.<br>2.8. W ci\u0105gu 3 dni roboczych od otrzymania podpisanej umowy i depozytu, W\u0142a\u015bciciel podpisuje umow\u0119 w systemie elektronicznym.<br>2.9. Do zawarcia umowy zakwaterowania dochodzi po spe\u0142nieniu \u0142\u0105cznie poni\u017cszych warunk\u00f3w:<br>a) wp\u0142ata op\u0142aty rezerwacyjnej<br>b) wp\u0142ata depozytu<br>c) podpisanie umowy przez Ubiegaj\u0105cego si\u0119<br>d) podpisanie umowy przez W\u0142a\u015bciciela<br>2.10. W przypadku anulacji rezerwacji op\u0142ata rezerwacyjna nie podlega zwrotowi.<br>2.11. W razie konieczno\u015bci zwrotu \u015brodk\u00f3w za transakcj\u0119 kart\u0105, zwrot nast\u0105pi na rachunek bankowy potwierdzony mailowo przez Ubiegaj\u0105cego si\u0119, w terminie 30 dni od otrzymania poprawnego numeru konta.<br>2.12. Strony mog\u0105 uzgodni\u0107 inne sposoby zawarcia umowy i dokonania p\u0142atno\u015bci.<\/li>\n\n\n\n<li><strong>Depozyt<\/strong><br>3.1. Przy podpisaniu Umowy Zakwaterowania Ubiegaj\u0105cy si\u0119 zobowi\u0105zuje si\u0119 do wp\u0142aty depozytu zabezpieczaj\u0105cego w wysoko\u015bci jednomiesi\u0119cznego czynszu wraz z op\u0142at\u0105 za media.<br>3.2. Op\u0142acenie depozytu gwarantuje rezerwacj\u0119 pokoju zgodnie z warunkami umowy.<br>3.3. Depozyt zabezpiecza ewentualne zniszczenia i zaleg\u0142o\u015bci w czynszu.<br>3.4. Po zako\u0144czeniu umowy depozyt zwracany jest na wskazane konto w ci\u0105gu 30 dni.<br>3.5. Kwoty za zniszczenia, zaleg\u0142o\u015bci, zgubione klucze i nieposprz\u0105tany pok\u00f3j zostan\u0105 potr\u0105cone z depozytu.<\/li>\n\n\n\n<li><strong>Anulacja przed podpisaniem Umowy Zakwaterowania<\/strong><br>Je\u015bli Umowa zosta\u0142a przes\u0142ana, ale nie zosta\u0142a podpisana w ci\u0105gu 7 dni, rezerwacja zostaje anulowana, a op\u0142ata rezerwacyjna nie podlega zwrotowi.<\/li>\n\n\n\n<li><strong>Anulacja po podpisaniu Umowy, przed wprowadzeniem si\u0119<\/strong><br>Mo\u017cliwa jest anulacja, je\u015bli:<br>5.1. Aplikacja na uczelni\u0119 zosta\u0142a odrzucona lub Zakwaterowany wybiera inn\u0105 uczelni\u0119 w innym mie\u015bcie<br>5.2. Zakwaterowany nie otrzyma\u0142 wizy do Polski<\/li>\n<\/ol>\n\n\n\n<p>Wymagane jest potwierdzenie tych okoliczno\u015bci:<\/p>\n\n\n\n<ul class=\"wp-block-list\">\n<li>W przypadku uczelni: pismo o odrzuceniu lub kopia akceptacji z innej uczelni<\/li>\n\n\n\n<li>W przypadku wizy: pisemne potwierdzenie odmowy<\/li>\n<\/ul>\n\n\n\n<p>Anulacja z innych powod\u00f3w mo\u017cliwa jest tylko po znalezieniu osoby na zast\u0119pstwo. Po przej\u0119ciu umowy przez now\u0105 osob\u0119 depozyt jest zwracany.<\/p>\n\n\n\n<ol start=\"6\" class=\"wp-block-list\">\n<li><strong>Anulacja po wprowadzeniu si\u0119<\/strong><br>6.1. Anulacja mo\u017cliwa jest tylko po znalezieniu osoby na zast\u0119pstwo. Po jej znalezieniu Zakwaterowany zostaje zwolniony z umowy, a depozyt zwracany jest z potr\u0105ceniem op\u0142aty administracyjnej 300 z\u0142.<br>6.2. Umowa zostaje rozwi\u0105zana w dniu przej\u0119cia jej przez nowego Zakwaterowanego. SHED Living Krak\u00f3w przygotowuje rozliczenie i zwraca ewentualny nadp\u0142acony czynsz.<br>6.3. Osoba zast\u0119pcza musi mie\u0107 min. 18 lat, podpisa\u0107 now\u0105 umow\u0119 i ui\u015bci\u0107 op\u0142aty zgodne z umow\u0105 i regulaminem.<br>6.4. Zwrot czynszu i depozytu dla opuszczaj\u0105cego pok\u00f3j mo\u017cliwy jest po podpisaniu nowej umowy i zap\u0142aceniu nale\u017cno\u015bci przez now\u0105 osob\u0119.<br>6.5. Je\u015bli Zakwaterowany nie znajdzie osoby na zast\u0119pstwo i wyprowadzi si\u0119, umowa nadal obowi\u0105zuje, a op\u0142aty czynszowe s\u0105 naliczane do ko\u0144ca jej trwania.<\/li>\n\n\n\n<li><strong>Zmiany w Umowie Zakwaterowania<\/strong><br>Nie ma mo\u017cliwo\u015bci skr\u00f3cenia okresu zakwaterowania. Przed\u0142u\u017cenie jest mo\u017cliwe w przypadku dost\u0119pno\u015bci pokoi.<br>Mo\u017cliwa jest jednokrotna, bezp\u0142atna zamiana pokoju (przed rozpocz\u0119ciem umowy) w ramach tego samego typu \u2013 w przypadku dost\u0119pno\u015bci. Zamiana typu pokoju wymaga korekty depozytu.<br>Po wprowadzeniu si\u0119 zamiana mo\u017cliwa jest za op\u0142at\u0105 administracyjn\u0105 300 z\u0142.<br>Ka\u017cda zamiana \u2013 tak\u017ce mi\u0119dzy Zakwaterowanymi \u2013 wi\u0105\u017ce si\u0119 z op\u0142at\u0105 administracyjn\u0105 za osob\u0119.<\/li>\n\n\n\n<li><strong>Anulacja z powodu nieodebrania pokoju<\/strong><br>Umowa mo\u017ce zosta\u0107 rozwi\u0105zana, je\u015bli Zakwaterowany nie stawi si\u0119 po pok\u00f3j ani nie ui\u015bci pierwszego czynszu w ci\u0105gu 7 dni od planowanego rozpocz\u0119cia zakwaterowania.<br>W\u0142a\u015bciciel ma wtedy prawo zatrzyma\u0107 depozyt jako odszkodowanie, chyba \u017ce Zakwaterowany poinformuje z min. 3-dniowym wyprzedzeniem i ureguluje czynsz \u2013 wtedy umowa nie zostaje rozwi\u0105zana, a depozyt nie jest zatrzymywany.<\/li>\n<\/ol>\n","protected":false},"excerpt":{"rendered":"<p>Regulamin Rezerwacji, Zawarcia Umowy, Depozytu i Anulacji Wymagane jest potwierdzenie tych okoliczno\u015bci: Anulacja z innych powod\u00f3w mo\u017cliwa jest tylko po znalezieniu osoby na zast\u0119pstwo. Po przej\u0119ciu umowy przez now\u0105 osob\u0119 depozyt jest zwracany.<\/p>\n","protected":false},"author":2,"featured_media":0,"parent":0,"menu_order":0,"comment_status":"closed","ping_status":"closed","template":"template-policy.php","meta":{"_acf_changed":false,"inline_featured_image":false,"_joinchat":[],"footnotes":""},"class_list":["post-10663","page","type-page","status-publish","hentry"],"acf":[],"yoast_head":"<!-- This site is optimized with the Yoast SEO plugin v27.2 - https:\/\/yoast.com\/product\/yoast-seo-wordpress\/ -->\n<title>Polityka rezerwacji - SHED Co-living<\/title>\n<meta name=\"robots\" content=\"index, follow, max-snippet:-1, max-image-preview:large, max-video-preview:-1\" \/>\n<link rel=\"canonical\" href=\"https:\/\/shedcoliving.com\/krakow\/pl\/okres-uzytkowania\/\" \/>\n<meta property=\"og:locale\" content=\"pl_PL\" \/>\n<meta property=\"og:type\" content=\"article\" \/>\n<meta property=\"og:title\" content=\"Polityka rezerwacji - SHED Co-living\" \/>\n<meta property=\"og:description\" content=\"Regulamin Rezerwacji, Zawarcia Umowy, Depozytu i Anulacji Wymagane jest potwierdzenie tych okoliczno\u015bci: Anulacja z innych powod\u00f3w mo\u017cliwa jest tylko po znalezieniu osoby na zast\u0119pstwo. Po przej\u0119ciu umowy przez now\u0105 osob\u0119 depozyt jest zwracany.\" \/>\n<meta property=\"og:url\" content=\"https:\/\/shedcoliving.com\/krakow\/pl\/okres-uzytkowania\/\" \/>\n<meta property=\"og:site_name\" content=\"SHED Co-living\" \/>\n<meta property=\"article:publisher\" content=\"https:\/\/www.facebook.com\/shedcolivingvilnius\/\" \/>\n<meta property=\"article:modified_time\" content=\"2025-07-30T16:05:07+00:00\" \/>\n<meta property=\"og:image\" content=\"https:\/\/shedcoliving.com\/krakow\/wp-content\/uploads\/2024\/12\/shedcoliving-facebook-og-image-1.png\" \/>\n\t<meta property=\"og:image:width\" content=\"2048\" \/>\n\t<meta property=\"og:image:height\" content=\"1075\" \/>\n\t<meta property=\"og:image:type\" content=\"image\/png\" \/>\n<meta name=\"twitter:card\" content=\"summary_large_image\" \/>\n<meta name=\"twitter:label1\" content=\"Szacowany czas czytania\" \/>\n\t<meta name=\"twitter:data1\" content=\"4 minuty\" \/>\n<script type=\"application\/ld+json\" class=\"yoast-schema-graph\">{\"@context\":\"https:\/\/schema.org\",\"@graph\":[{\"@type\":\"WebPage\",\"@id\":\"https:\/\/shedcoliving.com\/krakow\/pl\/okres-uzytkowania\/\",\"url\":\"https:\/\/shedcoliving.com\/krakow\/pl\/okres-uzytkowania\/\",\"name\":\"Polityka rezerwacji - SHED Co-living\",\"isPartOf\":{\"@id\":\"https:\/\/shedcoliving.com\/krakow\/#website\"},\"datePublished\":\"2024-11-12T09:47:05+00:00\",\"dateModified\":\"2025-07-30T16:05:07+00:00\",\"breadcrumb\":{\"@id\":\"https:\/\/shedcoliving.com\/krakow\/pl\/okres-uzytkowania\/#breadcrumb\"},\"inLanguage\":\"pl-PL\",\"potentialAction\":[{\"@type\":\"ReadAction\",\"target\":[\"https:\/\/shedcoliving.com\/krakow\/pl\/okres-uzytkowania\/\"]}]},{\"@type\":\"BreadcrumbList\",\"@id\":\"https:\/\/shedcoliving.com\/krakow\/pl\/okres-uzytkowania\/#breadcrumb\",\"itemListElement\":[{\"@type\":\"ListItem\",\"position\":1,\"name\":\"Home\",\"item\":\"https:\/\/shedcoliving.com\/krakow\/pl\/\"},{\"@type\":\"ListItem\",\"position\":2,\"name\":\"Polityka rezerwacji\"}]},{\"@type\":\"WebSite\",\"@id\":\"https:\/\/shedcoliving.com\/krakow\/#website\",\"url\":\"https:\/\/shedcoliving.com\/krakow\/\",\"name\":\"SHED Co-living\",\"description\":\"Build a new version of yourself!\",\"publisher\":{\"@id\":\"https:\/\/shedcoliving.com\/krakow\/#organization\"},\"potentialAction\":[{\"@type\":\"SearchAction\",\"target\":{\"@type\":\"EntryPoint\",\"urlTemplate\":\"https:\/\/shedcoliving.com\/krakow\/?s={search_term_string}\"},\"query-input\":{\"@type\":\"PropertyValueSpecification\",\"valueRequired\":true,\"valueName\":\"search_term_string\"}}],\"inLanguage\":\"pl-PL\"},{\"@type\":\"Organization\",\"@id\":\"https:\/\/shedcoliving.com\/krakow\/#organization\",\"name\":\"Shed Co-living\",\"url\":\"https:\/\/shedcoliving.com\/krakow\/\",\"logo\":{\"@type\":\"ImageObject\",\"inLanguage\":\"pl-PL\",\"@id\":\"https:\/\/shedcoliving.com\/krakow\/#\/schema\/logo\/image\/\",\"url\":\"https:\/\/shedcoliving.com\/krakow\/wp-content\/uploads\/2024\/12\/logo-black.svg\",\"contentUrl\":\"https:\/\/shedcoliving.com\/krakow\/wp-content\/uploads\/2024\/12\/logo-black.svg\",\"width\":937,\"height\":347,\"caption\":\"Shed Co-living\"},\"image\":{\"@id\":\"https:\/\/shedcoliving.com\/krakow\/#\/schema\/logo\/image\/\"},\"sameAs\":[\"https:\/\/www.facebook.com\/shedcolivingvilnius\/\",\"https:\/\/www.instagram.com\/shed_vilnius\/\"]}]}<\/script>\n<!-- \/ Yoast SEO plugin. -->","yoast_head_json":{"title":"Polityka rezerwacji - SHED Co-living","robots":{"index":"index","follow":"follow","max-snippet":"max-snippet:-1","max-image-preview":"max-image-preview:large","max-video-preview":"max-video-preview:-1"},"canonical":"https:\/\/shedcoliving.com\/krakow\/pl\/okres-uzytkowania\/","og_locale":"pl_PL","og_type":"article","og_title":"Polityka rezerwacji - SHED Co-living","og_description":"Regulamin Rezerwacji, Zawarcia Umowy, Depozytu i Anulacji Wymagane jest potwierdzenie tych okoliczno\u015bci: Anulacja z innych powod\u00f3w mo\u017cliwa jest tylko po znalezieniu osoby na zast\u0119pstwo. Po przej\u0119ciu umowy przez now\u0105 osob\u0119 depozyt jest zwracany.","og_url":"https:\/\/shedcoliving.com\/krakow\/pl\/okres-uzytkowania\/","og_site_name":"SHED Co-living","article_publisher":"https:\/\/www.facebook.com\/shedcolivingvilnius\/","article_modified_time":"2025-07-30T16:05:07+00:00","og_image":[{"width":2048,"height":1075,"url":"https:\/\/shedcoliving.com\/krakow\/wp-content\/uploads\/2024\/12\/shedcoliving-facebook-og-image-1.png","type":"image\/png"}],"twitter_card":"summary_large_image","twitter_misc":{"Szacowany czas czytania":"4 minuty"},"schema":{"@context":"https:\/\/schema.org","@graph":[{"@type":"WebPage","@id":"https:\/\/shedcoliving.com\/krakow\/pl\/okres-uzytkowania\/","url":"https:\/\/shedcoliving.com\/krakow\/pl\/okres-uzytkowania\/","name":"Polityka rezerwacji - SHED Co-living","isPartOf":{"@id":"https:\/\/shedcoliving.com\/krakow\/#website"},"datePublished":"2024-11-12T09:47:05+00:00","dateModified":"2025-07-30T16:05:07+00:00","breadcrumb":{"@id":"https:\/\/shedcoliving.com\/krakow\/pl\/okres-uzytkowania\/#breadcrumb"},"inLanguage":"pl-PL","potentialAction":[{"@type":"ReadAction","target":["https:\/\/shedcoliving.com\/krakow\/pl\/okres-uzytkowania\/"]}]},{"@type":"BreadcrumbList","@id":"https:\/\/shedcoliving.com\/krakow\/pl\/okres-uzytkowania\/#breadcrumb","itemListElement":[{"@type":"ListItem","position":1,"name":"Home","item":"https:\/\/shedcoliving.com\/krakow\/pl\/"},{"@type":"ListItem","position":2,"name":"Polityka rezerwacji"}]},{"@type":"WebSite","@id":"https:\/\/shedcoliving.com\/krakow\/#website","url":"https:\/\/shedcoliving.com\/krakow\/","name":"SHED Co-living","description":"Build a new version of yourself!","publisher":{"@id":"https:\/\/shedcoliving.com\/krakow\/#organization"},"potentialAction":[{"@type":"SearchAction","target":{"@type":"EntryPoint","urlTemplate":"https:\/\/shedcoliving.com\/krakow\/?s={search_term_string}"},"query-input":{"@type":"PropertyValueSpecification","valueRequired":true,"valueName":"search_term_string"}}],"inLanguage":"pl-PL"},{"@type":"Organization","@id":"https:\/\/shedcoliving.com\/krakow\/#organization","name":"Shed Co-living","url":"https:\/\/shedcoliving.com\/krakow\/","logo":{"@type":"ImageObject","inLanguage":"pl-PL","@id":"https:\/\/shedcoliving.com\/krakow\/#\/schema\/logo\/image\/","url":"https:\/\/shedcoliving.com\/krakow\/wp-content\/uploads\/2024\/12\/logo-black.svg","contentUrl":"https:\/\/shedcoliving.com\/krakow\/wp-content\/uploads\/2024\/12\/logo-black.svg","width":937,"height":347,"caption":"Shed Co-living"},"image":{"@id":"https:\/\/shedcoliving.com\/krakow\/#\/schema\/logo\/image\/"},"sameAs":["https:\/\/www.facebook.com\/shedcolivingvilnius\/","https:\/\/www.instagram.com\/shed_vilnius\/"]}]}},"_links":{"self":[{"href":"https:\/\/shedcoliving.com\/krakow\/pl\/wp-json\/wp\/v2\/pages\/10663","targetHints":{"allow":["GET"]}}],"collection":[{"href":"https:\/\/shedcoliving.com\/krakow\/pl\/wp-json\/wp\/v2\/pages"}],"about":[{"href":"https:\/\/shedcoliving.com\/krakow\/pl\/wp-json\/wp\/v2\/types\/page"}],"author":[{"embeddable":true,"href":"https:\/\/shedcoliving.com\/krakow\/pl\/wp-json\/wp\/v2\/users\/2"}],"replies":[{"embeddable":true,"href":"https:\/\/shedcoliving.com\/krakow\/pl\/wp-json\/wp\/v2\/comments?post=10663"}],"version-history":[{"count":4,"href":"https:\/\/shedcoliving.com\/krakow\/pl\/wp-json\/wp\/v2\/pages\/10663\/revisions"}],"predecessor-version":[{"id":10697,"href":"https:\/\/shedcoliving.com\/krakow\/pl\/wp-json\/wp\/v2\/pages\/10663\/revisions\/10697"}],"wp:attachment":[{"href":"https:\/\/shedcoliving.com\/krakow\/pl\/wp-json\/wp\/v2\/media?parent=10663"}],"curies":[{"name":"wp","href":"https:\/\/api.w.org\/{rel}","templated":true}]}}