{"id":18018,"date":"2024-11-15T13:44:31","date_gmt":"2024-11-15T13:44:31","guid":{"rendered":"https:\/\/shedcoliving.com\/riga\/contacts\/"},"modified":"2026-04-10T11:47:10","modified_gmt":"2026-04-10T11:47:10","slug":"contacts","status":"publish","type":"page","link":"https:\/\/shedcoliving.com\/riga\/es\/contacts\/","title":{"rendered":"Contactos en Riga"},"content":{"rendered":"","protected":false},"excerpt":{"rendered":"","protected":false},"author":1,"featured_media":0,"parent":0,"menu_order":0,"comment_status":"closed","ping_status":"closed","template":"template-contacts.php","meta":{"_acf_changed":false,"inline_featured_image":false,"footnotes":""},"class_list":["post-18018","page","type-page","status-publish","hentry"],"acf":[],"yoast_head":"<!-- This site is optimized with the Yoast SEO plugin v27.2 - https:\/\/yoast.com\/product\/yoast-seo-wordpress\/ -->\n<title>Contactos de comunidades de convivencia en Riga | SHED Co-living<\/title>\n<meta name=\"description\" content=\"Vive en el coraz\u00f3n de Riga en un moderno espacio de convivencia. Amplios estudios y una comunidad internacional. Ponte en contacto con nosotros para reservar una habitaci\u00f3n u obtener m\u00e1s informaci\u00f3n sobre SHED.\" \/>\n<meta name=\"robots\" content=\"index, follow, max-snippet:-1, max-image-preview:large, max-video-preview:-1\" \/>\n<link rel=\"canonical\" href=\"https:\/\/shedcoliving.com\/riga\/es\/contacts\/\" \/>\n<meta property=\"og:locale\" content=\"es_ES\" \/>\n<meta property=\"og:type\" content=\"article\" \/>\n<meta property=\"og:title\" content=\"Contactos de comunidades de convivencia en Riga | SHED Co-living\" \/>\n<meta property=\"og:description\" content=\"Vive en el coraz\u00f3n de Riga en un moderno espacio de convivencia. Amplios estudios y una comunidad internacional. Ponte en contacto con nosotros para reservar una habitaci\u00f3n u obtener m\u00e1s informaci\u00f3n sobre SHED.\" \/>\n<meta property=\"og:url\" content=\"https:\/\/shedcoliving.com\/riga\/es\/contacts\/\" \/>\n<meta property=\"og:site_name\" content=\"SHED Co-living\" \/>\n<meta property=\"article:publisher\" content=\"https:\/\/www.facebook.com\/shedcolivingvilnius\/\" \/>\n<meta property=\"article:modified_time\" content=\"2026-04-10T11:47:10+00:00\" \/>\n<meta property=\"og:image\" content=\"https:\/\/shedcoliving.com\/riga\/wp-content\/uploads\/2024\/12\/shedcoliving-facebook-og-image.png\" \/>\n\t<meta property=\"og:image:width\" content=\"2048\" \/>\n\t<meta property=\"og:image:height\" content=\"1075\" \/>\n\t<meta property=\"og:image:type\" content=\"image\/png\" \/>\n<meta name=\"twitter:card\" content=\"summary_large_image\" \/>\n<script type=\"application\/ld+json\" class=\"yoast-schema-graph\">{\"@context\":\"https:\/\/schema.org\",\"@graph\":[{\"@type\":\"WebPage\",\"@id\":\"https:\/\/shedcoliving.com\/riga\/es\/contacts\/\",\"url\":\"https:\/\/shedcoliving.com\/riga\/es\/contacts\/\",\"name\":\"Contactos de comunidades de convivencia en Riga | SHED Co-living\",\"isPartOf\":{\"@id\":\"https:\/\/shedcoliving.com\/riga\/#website\"},\"datePublished\":\"2024-11-15T13:44:31+00:00\",\"dateModified\":\"2026-04-10T11:47:10+00:00\",\"description\":\"Vive en el coraz\u00f3n de Riga en un moderno espacio de convivencia. Amplios estudios y una comunidad internacional. Ponte en contacto con nosotros para reservar una habitaci\u00f3n u obtener m\u00e1s informaci\u00f3n sobre SHED.\",\"breadcrumb\":{\"@id\":\"https:\/\/shedcoliving.com\/riga\/es\/contacts\/#breadcrumb\"},\"inLanguage\":\"es\",\"potentialAction\":[{\"@type\":\"ReadAction\",\"target\":[\"https:\/\/shedcoliving.com\/riga\/es\/contacts\/\"]}]},{\"@type\":\"BreadcrumbList\",\"@id\":\"https:\/\/shedcoliving.com\/riga\/es\/contacts\/#breadcrumb\",\"itemListElement\":[{\"@type\":\"ListItem\",\"position\":1,\"name\":\"Home\",\"item\":\"https:\/\/shedcoliving.com\/riga\/es\/\"},{\"@type\":\"ListItem\",\"position\":2,\"name\":\"Contactos en Riga\"}]},{\"@type\":\"WebSite\",\"@id\":\"https:\/\/shedcoliving.com\/riga\/#website\",\"url\":\"https:\/\/shedcoliving.com\/riga\/\",\"name\":\"SHED Co-living\",\"description\":\"Build a new version of yourself!\",\"publisher\":{\"@id\":\"https:\/\/shedcoliving.com\/riga\/#organization\"},\"potentialAction\":[{\"@type\":\"SearchAction\",\"target\":{\"@type\":\"EntryPoint\",\"urlTemplate\":\"https:\/\/shedcoliving.com\/riga\/?s={search_term_string}\"},\"query-input\":{\"@type\":\"PropertyValueSpecification\",\"valueRequired\":true,\"valueName\":\"search_term_string\"}}],\"inLanguage\":\"es\"},{\"@type\":\"Organization\",\"@id\":\"https:\/\/shedcoliving.com\/riga\/#organization\",\"name\":\"Shed Co-living\",\"url\":\"https:\/\/shedcoliving.com\/riga\/\",\"logo\":{\"@type\":\"ImageObject\",\"inLanguage\":\"es\",\"@id\":\"https:\/\/shedcoliving.com\/riga\/#\/schema\/logo\/image\/\",\"url\":\"https:\/\/shedcoliving.com\/riga\/wp-content\/uploads\/2024\/12\/logo-black.svg\",\"contentUrl\":\"https:\/\/shedcoliving.com\/riga\/wp-content\/uploads\/2024\/12\/logo-black.svg\",\"width\":937,\"height\":347,\"caption\":\"Shed Co-living\"},\"image\":{\"@id\":\"https:\/\/shedcoliving.com\/riga\/#\/schema\/logo\/image\/\"},\"sameAs\":[\"https:\/\/www.facebook.com\/shedcolivingvilnius\/\",\"https:\/\/www.instagram.com\/shed_vilnius\/\"]}]}<\/script>\n<!-- \/ Yoast SEO plugin. -->","yoast_head_json":{"title":"Contactos de comunidades de convivencia en Riga | SHED Co-living","description":"Vive en el coraz\u00f3n de Riga en un moderno espacio de convivencia. Amplios estudios y una comunidad internacional. Ponte en contacto con nosotros para reservar una habitaci\u00f3n u obtener m\u00e1s informaci\u00f3n sobre SHED.","robots":{"index":"index","follow":"follow","max-snippet":"max-snippet:-1","max-image-preview":"max-image-preview:large","max-video-preview":"max-video-preview:-1"},"canonical":"https:\/\/shedcoliving.com\/riga\/es\/contacts\/","og_locale":"es_ES","og_type":"article","og_title":"Contactos de comunidades de convivencia en Riga | SHED Co-living","og_description":"Vive en el coraz\u00f3n de Riga en un moderno espacio de convivencia. Amplios estudios y una comunidad internacional. Ponte en contacto con nosotros para reservar una habitaci\u00f3n u obtener m\u00e1s informaci\u00f3n sobre SHED.","og_url":"https:\/\/shedcoliving.com\/riga\/es\/contacts\/","og_site_name":"SHED Co-living","article_publisher":"https:\/\/www.facebook.com\/shedcolivingvilnius\/","article_modified_time":"2026-04-10T11:47:10+00:00","og_image":[{"width":2048,"height":1075,"url":"https:\/\/shedcoliving.com\/riga\/wp-content\/uploads\/2024\/12\/shedcoliving-facebook-og-image.png","type":"image\/png"}],"twitter_card":"summary_large_image","schema":{"@context":"https:\/\/schema.org","@graph":[{"@type":"WebPage","@id":"https:\/\/shedcoliving.com\/riga\/es\/contacts\/","url":"https:\/\/shedcoliving.com\/riga\/es\/contacts\/","name":"Contactos de comunidades de convivencia en Riga | SHED Co-living","isPartOf":{"@id":"https:\/\/shedcoliving.com\/riga\/#website"},"datePublished":"2024-11-15T13:44:31+00:00","dateModified":"2026-04-10T11:47:10+00:00","description":"Vive en el coraz\u00f3n de Riga en un moderno espacio de convivencia. Amplios estudios y una comunidad internacional. Ponte en contacto con nosotros para reservar una habitaci\u00f3n u obtener m\u00e1s informaci\u00f3n sobre SHED.","breadcrumb":{"@id":"https:\/\/shedcoliving.com\/riga\/es\/contacts\/#breadcrumb"},"inLanguage":"es","potentialAction":[{"@type":"ReadAction","target":["https:\/\/shedcoliving.com\/riga\/es\/contacts\/"]}]},{"@type":"BreadcrumbList","@id":"https:\/\/shedcoliving.com\/riga\/es\/contacts\/#breadcrumb","itemListElement":[{"@type":"ListItem","position":1,"name":"Home","item":"https:\/\/shedcoliving.com\/riga\/es\/"},{"@type":"ListItem","position":2,"name":"Contactos en Riga"}]},{"@type":"WebSite","@id":"https:\/\/shedcoliving.com\/riga\/#website","url":"https:\/\/shedcoliving.com\/riga\/","name":"SHED Co-living","description":"Build a new version of yourself!","publisher":{"@id":"https:\/\/shedcoliving.com\/riga\/#organization"},"potentialAction":[{"@type":"SearchAction","target":{"@type":"EntryPoint","urlTemplate":"https:\/\/shedcoliving.com\/riga\/?s={search_term_string}"},"query-input":{"@type":"PropertyValueSpecification","valueRequired":true,"valueName":"search_term_string"}}],"inLanguage":"es"},{"@type":"Organization","@id":"https:\/\/shedcoliving.com\/riga\/#organization","name":"Shed Co-living","url":"https:\/\/shedcoliving.com\/riga\/","logo":{"@type":"ImageObject","inLanguage":"es","@id":"https:\/\/shedcoliving.com\/riga\/#\/schema\/logo\/image\/","url":"https:\/\/shedcoliving.com\/riga\/wp-content\/uploads\/2024\/12\/logo-black.svg","contentUrl":"https:\/\/shedcoliving.com\/riga\/wp-content\/uploads\/2024\/12\/logo-black.svg","width":937,"height":347,"caption":"Shed Co-living"},"image":{"@id":"https:\/\/shedcoliving.com\/riga\/#\/schema\/logo\/image\/"},"sameAs":["https:\/\/www.facebook.com\/shedcolivingvilnius\/","https:\/\/www.instagram.com\/shed_vilnius\/"]}]}},"_links":{"self":[{"href":"https:\/\/shedcoliving.com\/riga\/es\/wp-json\/wp\/v2\/pages\/18018","targetHints":{"allow":["GET"]}}],"collection":[{"href":"https:\/\/shedcoliving.com\/riga\/es\/wp-json\/wp\/v2\/pages"}],"about":[{"href":"https:\/\/shedcoliving.com\/riga\/es\/wp-json\/wp\/v2\/types\/page"}],"author":[{"embeddable":true,"href":"https:\/\/shedcoliving.com\/riga\/es\/wp-json\/wp\/v2\/users\/1"}],"replies":[{"embeddable":true,"href":"https:\/\/shedcoliving.com\/riga\/es\/wp-json\/wp\/v2\/comments?post=18018"}],"version-history":[{"count":2,"href":"https:\/\/shedcoliving.com\/riga\/es\/wp-json\/wp\/v2\/pages\/18018\/revisions"}],"predecessor-version":[{"id":18020,"href":"https:\/\/shedcoliving.com\/riga\/es\/wp-json\/wp\/v2\/pages\/18018\/revisions\/18020"}],"wp:attachment":[{"href":"https:\/\/shedcoliving.com\/riga\/es\/wp-json\/wp\/v2\/media?parent=18018"}],"curies":[{"name":"wp","href":"https:\/\/api.w.org\/{rel}","templated":true}]}}