{"id":18030,"date":"2024-11-15T13:06:20","date_gmt":"2024-11-15T13:06:20","guid":{"rendered":"https:\/\/shedcoliving.com\/riga\/offers\/"},"modified":"2026-04-10T12:00:20","modified_gmt":"2026-04-10T12:00:20","slug":"offers","status":"publish","type":"page","link":"https:\/\/shedcoliving.com\/riga\/es\/offers\/","title":{"rendered":"Ofertas en Riga"},"content":{"rendered":"\n<p class=\"has-text-align-center\"><\/p>\n\n\n\n<h1 class=\"wp-block-heading has-text-align-center\">Oferta especial<\/h1>\n\n\n\n<h2 class=\"wp-block-heading has-text-align-center\">\u00a1Hola, amigo! \u00a1SHED Co-living tiene algunas ofertas para ti! \u00a1Consigue un descuento \u00fanico de entre 50 y 100 \u20ac por realizar una de estas sencillas acciones!<\/h2>\n\n\n\n<ol class=\"wp-block-list\">\n<li>\u00bfAlguien quiere vivir en un lugar moderno y animado para estudiantes y j\u00f3venes profesionales? \u00bfTienes alg\u00fan amigo que est\u00e9 pensando en mudarse a Riga o que no est\u00e9 contento con su alojamiento? \u00bfEchas de menos la comunidad, la vida social y los eventos? Tenemos la soluci\u00f3n. Si vives en SHED y est\u00e1s (\u00a1S\u00cd, lo est\u00e1s!) contento con ello, invita a un amigo a vivir aqu\u00ed durante al menos 5 meses y disfrutad pasando tiempo juntos con un descuento \u00fanico de 50 \u20ac en tu alquiler. El nuevo residente que nos recomiendes tambi\u00e9n obtendr\u00e1 el mismo descuento \u00fanico de 50 euros en su alquiler; solo no olvides informar al administrador y pedir m\u00e1s detalles (no aplicable a los estudios dobles Economy).<\/li>\n\n\n\n<li>Si tu universidad te ha recomendado SHED Co-living, preg\u00fantales si ofrecen alg\u00fan descuento. \u00a1Tenemos acuerdos con ellos y tambi\u00e9n podemos ofrecerte descuentos!<\/li>\n\n\n\n<li>\u00bfEres una persona creativa, din\u00e1mica y activa? \u00bfTienes conocimientos de marketing digital, creaci\u00f3n de contenido en v\u00eddeo y te gusta relacionarte con la gente, y te sientes c\u00f3modo en las redes sociales? \u00danete a nosotros, convi\u00e9rtete en nuestro coprotagonista y gana un dinero extra para tu tiempo libre. \u00a1Te estamos esperando!<\/li>\n<\/ol>\n\n\n\n<p><\/p>\n\n\n\n<figure class=\"wp-block-image size-large\"><img loading=\"lazy\" decoding=\"async\" width=\"1024\" height=\"682\" src=\"https:\/\/shedcoliving.com\/riga\/wp-content\/uploads\/2024\/12\/shed-interjers-jelgavas-iela-riga-print-321-scaled-1-1024x682.jpg\" alt=\"\" class=\"wp-image-9828\" srcset=\"https:\/\/shedcoliving.com\/riga\/wp-content\/uploads\/2024\/12\/shed-interjers-jelgavas-iela-riga-print-321-scaled-1-1024x682.jpg 1024w, https:\/\/shedcoliving.com\/riga\/wp-content\/uploads\/2024\/12\/shed-interjers-jelgavas-iela-riga-print-321-scaled-1-300x200.jpg 300w, https:\/\/shedcoliving.com\/riga\/wp-content\/uploads\/2024\/12\/shed-interjers-jelgavas-iela-riga-print-321-scaled-1-768x511.jpg 768w, https:\/\/shedcoliving.com\/riga\/wp-content\/uploads\/2024\/12\/shed-interjers-jelgavas-iela-riga-print-321-scaled-1-1536x1022.jpg 1536w, https:\/\/shedcoliving.com\/riga\/wp-content\/uploads\/2024\/12\/shed-interjers-jelgavas-iela-riga-print-321-scaled-1-1920x1278.jpg 1920w, https:\/\/shedcoliving.com\/riga\/wp-content\/uploads\/2024\/12\/shed-interjers-jelgavas-iela-riga-print-321-scaled-1.jpg 2048w\" sizes=\"auto, (max-width: 1024px) 100vw, 1024px\" \/><\/figure>\n\n\n\n<p>Nuestro PERSONAL est\u00e1 a la espera de tu llamada o mensaje. \u00a1No dudes en ponerte en contacto con nosotros para obtener m\u00e1s informaci\u00f3n!<\/p>\n","protected":false},"excerpt":{"rendered":"<p>Oferta especial \u00a1Hola, amigo! \u00a1SHED Co-living tiene algunas ofertas para ti! \u00a1Consigue un descuento \u00fanico de entre 50 y 100 \u20ac por realizar una de estas sencillas acciones! Nuestro PERSONAL est\u00e1 a la espera de tu llamada o mensaje. \u00a1No dudes en ponerte en contacto con nosotros para obtener m\u00e1s informaci\u00f3n!<\/p>\n","protected":false},"author":1,"featured_media":0,"parent":0,"menu_order":0,"comment_status":"closed","ping_status":"closed","template":"template-offers.php","meta":{"_acf_changed":false,"inline_featured_image":false,"footnotes":""},"class_list":["post-18030","page","type-page","status-publish","hentry"],"acf":[],"yoast_head":"<!-- This site is optimized with the Yoast SEO plugin v27.2 - https:\/\/yoast.com\/product\/yoast-seo-wordpress\/ -->\n<title>Espacio de convivencia en Riga - Ofertas | SHED Co-living<\/title>\n<meta name=\"description\" content=\"Espacios de convivencia SHED para emprendedores, estudiantes, viajeros y n\u00f3madas digitales. Descubre nuestras ofertas y comienza tu nueva aventura en Riga, Letonia.\" \/>\n<meta name=\"robots\" content=\"index, follow, max-snippet:-1, max-image-preview:large, max-video-preview:-1\" \/>\n<link rel=\"canonical\" href=\"https:\/\/shedcoliving.com\/riga\/es\/offers\/\" \/>\n<meta property=\"og:locale\" content=\"es_ES\" \/>\n<meta property=\"og:type\" content=\"article\" \/>\n<meta property=\"og:title\" content=\"Espacio de convivencia en Riga - Ofertas | SHED Co-living\" \/>\n<meta property=\"og:description\" content=\"Espacios de convivencia SHED para emprendedores, estudiantes, viajeros y n\u00f3madas digitales. Descubre nuestras ofertas y comienza tu nueva aventura en Riga, Letonia.\" \/>\n<meta property=\"og:url\" content=\"https:\/\/shedcoliving.com\/riga\/es\/offers\/\" \/>\n<meta property=\"og:site_name\" content=\"SHED Co-living\" \/>\n<meta property=\"article:publisher\" content=\"https:\/\/www.facebook.com\/shedcolivingvilnius\/\" \/>\n<meta property=\"article:modified_time\" content=\"2026-04-10T12:00:20+00:00\" \/>\n<meta property=\"og:image\" content=\"https:\/\/shedcoliving.com\/riga\/wp-content\/uploads\/2024\/12\/shed-interjers-jelgavas-iela-riga-print-321-scaled-1.jpg\" \/>\n\t<meta property=\"og:image:width\" content=\"2048\" \/>\n\t<meta property=\"og:image:height\" content=\"1363\" \/>\n\t<meta property=\"og:image:type\" content=\"image\/jpeg\" \/>\n<meta name=\"twitter:card\" content=\"summary_large_image\" \/>\n<meta name=\"twitter:label1\" content=\"Tiempo de lectura\" \/>\n\t<meta name=\"twitter:data1\" content=\"2 minutos\" \/>\n<script type=\"application\/ld+json\" class=\"yoast-schema-graph\">{\"@context\":\"https:\/\/schema.org\",\"@graph\":[{\"@type\":\"WebPage\",\"@id\":\"https:\/\/shedcoliving.com\/riga\/es\/offers\/\",\"url\":\"https:\/\/shedcoliving.com\/riga\/es\/offers\/\",\"name\":\"Espacio de convivencia en Riga - Ofertas | SHED Co-living\",\"isPartOf\":{\"@id\":\"https:\/\/shedcoliving.com\/riga\/#website\"},\"primaryImageOfPage\":{\"@id\":\"https:\/\/shedcoliving.com\/riga\/es\/offers\/#primaryimage\"},\"image\":{\"@id\":\"https:\/\/shedcoliving.com\/riga\/es\/offers\/#primaryimage\"},\"thumbnailUrl\":\"https:\/\/shedcoliving.com\/riga\/wp-content\/uploads\/2024\/12\/shed-interjers-jelgavas-iela-riga-print-321-scaled-1-1024x682.jpg\",\"datePublished\":\"2024-11-15T13:06:20+00:00\",\"dateModified\":\"2026-04-10T12:00:20+00:00\",\"description\":\"Espacios de convivencia SHED para emprendedores, estudiantes, viajeros y n\u00f3madas digitales. Descubre nuestras ofertas y comienza tu nueva aventura en Riga, Letonia.\",\"breadcrumb\":{\"@id\":\"https:\/\/shedcoliving.com\/riga\/es\/offers\/#breadcrumb\"},\"inLanguage\":\"es\",\"potentialAction\":[{\"@type\":\"ReadAction\",\"target\":[\"https:\/\/shedcoliving.com\/riga\/es\/offers\/\"]}]},{\"@type\":\"ImageObject\",\"inLanguage\":\"es\",\"@id\":\"https:\/\/shedcoliving.com\/riga\/es\/offers\/#primaryimage\",\"url\":\"https:\/\/shedcoliving.com\/riga\/wp-content\/uploads\/2024\/12\/shed-interjers-jelgavas-iela-riga-print-321-scaled-1-1024x682.jpg\",\"contentUrl\":\"https:\/\/shedcoliving.com\/riga\/wp-content\/uploads\/2024\/12\/shed-interjers-jelgavas-iela-riga-print-321-scaled-1-1024x682.jpg\"},{\"@type\":\"BreadcrumbList\",\"@id\":\"https:\/\/shedcoliving.com\/riga\/es\/offers\/#breadcrumb\",\"itemListElement\":[{\"@type\":\"ListItem\",\"position\":1,\"name\":\"Home\",\"item\":\"https:\/\/shedcoliving.com\/riga\/es\/\"},{\"@type\":\"ListItem\",\"position\":2,\"name\":\"Ofertas en Riga\"}]},{\"@type\":\"WebSite\",\"@id\":\"https:\/\/shedcoliving.com\/riga\/#website\",\"url\":\"https:\/\/shedcoliving.com\/riga\/\",\"name\":\"SHED Co-living\",\"description\":\"Build a new version of yourself!\",\"publisher\":{\"@id\":\"https:\/\/shedcoliving.com\/riga\/#organization\"},\"potentialAction\":[{\"@type\":\"SearchAction\",\"target\":{\"@type\":\"EntryPoint\",\"urlTemplate\":\"https:\/\/shedcoliving.com\/riga\/?s={search_term_string}\"},\"query-input\":{\"@type\":\"PropertyValueSpecification\",\"valueRequired\":true,\"valueName\":\"search_term_string\"}}],\"inLanguage\":\"es\"},{\"@type\":\"Organization\",\"@id\":\"https:\/\/shedcoliving.com\/riga\/#organization\",\"name\":\"Shed Co-living\",\"url\":\"https:\/\/shedcoliving.com\/riga\/\",\"logo\":{\"@type\":\"ImageObject\",\"inLanguage\":\"es\",\"@id\":\"https:\/\/shedcoliving.com\/riga\/#\/schema\/logo\/image\/\",\"url\":\"https:\/\/shedcoliving.com\/riga\/wp-content\/uploads\/2024\/12\/logo-black.svg\",\"contentUrl\":\"https:\/\/shedcoliving.com\/riga\/wp-content\/uploads\/2024\/12\/logo-black.svg\",\"width\":937,\"height\":347,\"caption\":\"Shed Co-living\"},\"image\":{\"@id\":\"https:\/\/shedcoliving.com\/riga\/#\/schema\/logo\/image\/\"},\"sameAs\":[\"https:\/\/www.facebook.com\/shedcolivingvilnius\/\",\"https:\/\/www.instagram.com\/shed_vilnius\/\"]}]}<\/script>\n<!-- \/ Yoast SEO plugin. -->","yoast_head_json":{"title":"Espacio de convivencia en Riga - Ofertas | SHED Co-living","description":"Espacios de convivencia SHED para emprendedores, estudiantes, viajeros y n\u00f3madas digitales. Descubre nuestras ofertas y comienza tu nueva aventura en Riga, Letonia.","robots":{"index":"index","follow":"follow","max-snippet":"max-snippet:-1","max-image-preview":"max-image-preview:large","max-video-preview":"max-video-preview:-1"},"canonical":"https:\/\/shedcoliving.com\/riga\/es\/offers\/","og_locale":"es_ES","og_type":"article","og_title":"Espacio de convivencia en Riga - Ofertas | SHED Co-living","og_description":"Espacios de convivencia SHED para emprendedores, estudiantes, viajeros y n\u00f3madas digitales. Descubre nuestras ofertas y comienza tu nueva aventura en Riga, Letonia.","og_url":"https:\/\/shedcoliving.com\/riga\/es\/offers\/","og_site_name":"SHED Co-living","article_publisher":"https:\/\/www.facebook.com\/shedcolivingvilnius\/","article_modified_time":"2026-04-10T12:00:20+00:00","og_image":[{"width":2048,"height":1363,"url":"https:\/\/shedcoliving.com\/riga\/wp-content\/uploads\/2024\/12\/shed-interjers-jelgavas-iela-riga-print-321-scaled-1.jpg","type":"image\/jpeg"}],"twitter_card":"summary_large_image","twitter_misc":{"Tiempo de lectura":"2 minutos"},"schema":{"@context":"https:\/\/schema.org","@graph":[{"@type":"WebPage","@id":"https:\/\/shedcoliving.com\/riga\/es\/offers\/","url":"https:\/\/shedcoliving.com\/riga\/es\/offers\/","name":"Espacio de convivencia en Riga - Ofertas | SHED Co-living","isPartOf":{"@id":"https:\/\/shedcoliving.com\/riga\/#website"},"primaryImageOfPage":{"@id":"https:\/\/shedcoliving.com\/riga\/es\/offers\/#primaryimage"},"image":{"@id":"https:\/\/shedcoliving.com\/riga\/es\/offers\/#primaryimage"},"thumbnailUrl":"https:\/\/shedcoliving.com\/riga\/wp-content\/uploads\/2024\/12\/shed-interjers-jelgavas-iela-riga-print-321-scaled-1-1024x682.jpg","datePublished":"2024-11-15T13:06:20+00:00","dateModified":"2026-04-10T12:00:20+00:00","description":"Espacios de convivencia SHED para emprendedores, estudiantes, viajeros y n\u00f3madas digitales. Descubre nuestras ofertas y comienza tu nueva aventura en Riga, Letonia.","breadcrumb":{"@id":"https:\/\/shedcoliving.com\/riga\/es\/offers\/#breadcrumb"},"inLanguage":"es","potentialAction":[{"@type":"ReadAction","target":["https:\/\/shedcoliving.com\/riga\/es\/offers\/"]}]},{"@type":"ImageObject","inLanguage":"es","@id":"https:\/\/shedcoliving.com\/riga\/es\/offers\/#primaryimage","url":"https:\/\/shedcoliving.com\/riga\/wp-content\/uploads\/2024\/12\/shed-interjers-jelgavas-iela-riga-print-321-scaled-1-1024x682.jpg","contentUrl":"https:\/\/shedcoliving.com\/riga\/wp-content\/uploads\/2024\/12\/shed-interjers-jelgavas-iela-riga-print-321-scaled-1-1024x682.jpg"},{"@type":"BreadcrumbList","@id":"https:\/\/shedcoliving.com\/riga\/es\/offers\/#breadcrumb","itemListElement":[{"@type":"ListItem","position":1,"name":"Home","item":"https:\/\/shedcoliving.com\/riga\/es\/"},{"@type":"ListItem","position":2,"name":"Ofertas en Riga"}]},{"@type":"WebSite","@id":"https:\/\/shedcoliving.com\/riga\/#website","url":"https:\/\/shedcoliving.com\/riga\/","name":"SHED Co-living","description":"Build a new version of yourself!","publisher":{"@id":"https:\/\/shedcoliving.com\/riga\/#organization"},"potentialAction":[{"@type":"SearchAction","target":{"@type":"EntryPoint","urlTemplate":"https:\/\/shedcoliving.com\/riga\/?s={search_term_string}"},"query-input":{"@type":"PropertyValueSpecification","valueRequired":true,"valueName":"search_term_string"}}],"inLanguage":"es"},{"@type":"Organization","@id":"https:\/\/shedcoliving.com\/riga\/#organization","name":"Shed Co-living","url":"https:\/\/shedcoliving.com\/riga\/","logo":{"@type":"ImageObject","inLanguage":"es","@id":"https:\/\/shedcoliving.com\/riga\/#\/schema\/logo\/image\/","url":"https:\/\/shedcoliving.com\/riga\/wp-content\/uploads\/2024\/12\/logo-black.svg","contentUrl":"https:\/\/shedcoliving.com\/riga\/wp-content\/uploads\/2024\/12\/logo-black.svg","width":937,"height":347,"caption":"Shed Co-living"},"image":{"@id":"https:\/\/shedcoliving.com\/riga\/#\/schema\/logo\/image\/"},"sameAs":["https:\/\/www.facebook.com\/shedcolivingvilnius\/","https:\/\/www.instagram.com\/shed_vilnius\/"]}]}},"_links":{"self":[{"href":"https:\/\/shedcoliving.com\/riga\/es\/wp-json\/wp\/v2\/pages\/18030","targetHints":{"allow":["GET"]}}],"collection":[{"href":"https:\/\/shedcoliving.com\/riga\/es\/wp-json\/wp\/v2\/pages"}],"about":[{"href":"https:\/\/shedcoliving.com\/riga\/es\/wp-json\/wp\/v2\/types\/page"}],"author":[{"embeddable":true,"href":"https:\/\/shedcoliving.com\/riga\/es\/wp-json\/wp\/v2\/users\/1"}],"replies":[{"embeddable":true,"href":"https:\/\/shedcoliving.com\/riga\/es\/wp-json\/wp\/v2\/comments?post=18030"}],"version-history":[{"count":1,"href":"https:\/\/shedcoliving.com\/riga\/es\/wp-json\/wp\/v2\/pages\/18030\/revisions"}],"predecessor-version":[{"id":18034,"href":"https:\/\/shedcoliving.com\/riga\/es\/wp-json\/wp\/v2\/pages\/18030\/revisions\/18034"}],"wp:attachment":[{"href":"https:\/\/shedcoliving.com\/riga\/es\/wp-json\/wp\/v2\/media?parent=18030"}],"curies":[{"name":"wp","href":"https:\/\/api.w.org\/{rel}","templated":true}]}}