{"id":18036,"date":"2024-11-12T09:41:28","date_gmt":"2024-11-12T09:41:28","guid":{"rendered":"https:\/\/shedcoliving.com\/riga\/privacy-policy-2\/"},"modified":"2026-04-10T12:05:12","modified_gmt":"2026-04-10T12:05:12","slug":"privacy-policy-2","status":"publish","type":"page","link":"https:\/\/shedcoliving.com\/riga\/es\/privacy-policy-2\/","title":{"rendered":"Pol\u00edtica de privacidad"},"content":{"rendered":"\n<p>Fecha de entrada en vigor: 1 de febrero de 2023<\/p>\n\n\n\n<p>SIA \u201cJ12\u201d (\u201cEmpresa\u201d) es el responsable del tratamiento de los datos personales que usted nos proporciona. Operamos el sitio web www.shedcoliving.com (\u201cSitio web\u201d) para proporcionar a nuestros usuarios (\u201custed\u201d y \u201csu\u201d) informaci\u00f3n sobre nuestros servicios (\u201cServicios\u201d).<\/p>\n\n\n\n<p>Aqu\u00ed describimos c\u00f3mo recopilamos, utilizamos y tratamos su informaci\u00f3n cuando utiliza nuestro Sitio web. Al utilizar los Servicios, usted acepta la recopilaci\u00f3n y el uso de la informaci\u00f3n de acuerdo con esta Pol\u00edtica de privacidad.<\/p>\n\n\n\n<p>Al procesar sus datos, cumplimos con el Reglamento (UE) 2016\/679 del Parlamento Europeo y del Consejo de 27 de abril de 2016 sobre la protecci\u00f3n de las personas f\u00edsicas en lo que respecta al tratamiento de datos personales y a la libre circulaci\u00f3n de dichos datos y por el que se deroga la Directiva 95\/46\/CE (Reglamento General de Protecci\u00f3n de Datos) (\u201cRGPD\u201d), as\u00ed como con otras leyes aplicables en materia de protecci\u00f3n de datos.<\/p>\n\n\n\n<p>Tenga en cuenta que esta Pol\u00edtica de privacidad se aplica \u00fanicamente al Sitio web. Este Sitio web puede contener enlaces a otros sitios web que no son operados ni controlados por nosotros. Los enlaces desde este Sitio web no implican que respaldemos o hayamos revisado dichos sitios web de terceros.<\/p>\n\n\n\n<p>I. Informaci\u00f3n sobre nosotros (responsables del tratamiento de datos):<\/p>\n\n\n\n<p>SIA J12<br>N.\u00ba de registro: 40203133168<br>Direcci\u00f3n registrada: Jelgavas iela 8, Riga, Letonia<br>Correo electr\u00f3nico: riga@shedcoliving.com<\/p>\n\n\n\n<p>II. Informaci\u00f3n sobre el delegado de protecci\u00f3n de datos:<\/p>\n\n\n\n<p>No se ha designado un delegado de protecci\u00f3n de datos.<\/p>\n\n\n\n<p>III. \u00bfQu\u00e9 informaci\u00f3n recopilamos?<\/p>\n\n\n\n<p>Recopilamos y utilizamos la siguiente informaci\u00f3n:<\/p>\n\n\n\n<ol class=\"wp-block-list\">\n<li>Datos personales<\/li>\n<\/ol>\n\n\n\n<p>Cuando utiliza nuestro Sitio web, podemos recopilar cierta informaci\u00f3n personal identificable sobre usted (\u201cDatos personales\u201d), es decir, cuando proporciona voluntariamente dicha informaci\u00f3n, por ejemplo, al utilizar nuestros Servicios, ponerse en contacto con nosotros con consultas, etc. Siempre que recopilamos Datos personales proporcionamos un enlace a esta Pol\u00edtica de privacidad.<\/p>\n\n\n\n<ol start=\"2\" class=\"wp-block-list\">\n<li>Datos de uso<\/li>\n<\/ol>\n\n\n\n<p>Tambi\u00e9n podemos recopilar informaci\u00f3n que su navegador env\u00eda cada vez que visita nuestro Sitio web o cuando accede al mismo mediante un dispositivo m\u00f3vil (\u201cDatos de uso\u201d).<\/p>\n\n\n\n<p>Estos Datos de uso pueden incluir informaci\u00f3n como direcciones IP, el tipo de navegador y dispositivo que utiliza, la p\u00e1gina web que visit\u00f3 antes de acceder a nuestro sitio y los identificadores asociados a sus dispositivos.<\/p>\n\n\n\n<p>Cuando accede al Sitio web a trav\u00e9s de un dispositivo m\u00f3vil, estos Datos de uso pueden incluir informaci\u00f3n como el tipo de dispositivo m\u00f3vil que utiliza, el identificador \u00fanico de su dispositivo m\u00f3vil, la direcci\u00f3n IP de su dispositivo m\u00f3vil, el sistema operativo de su dispositivo m\u00f3vil, el tipo de navegador m\u00f3vil que utiliza, identificadores \u00fanicos del dispositivo y otros datos de diagn\u00f3stico.<\/p>\n\n\n\n<p>Tenga en cuenta que dicha informaci\u00f3n, recopilada de forma pasiva mediante diversas tecnolog\u00edas, actualmente no puede utilizarse para identificarle espec\u00edficamente. Este Sitio web puede utilizar dicha informaci\u00f3n y combinarla con otra para, por ejemplo, realizar un seguimiento del n\u00famero total de visitantes, el n\u00famero de visitantes por p\u00e1gina, los dominios de los proveedores de servicios de Internet de los visitantes y c\u00f3mo nuestros usuarios utilizan e interact\u00faan con los Servicios.<\/p>\n\n\n\n<ol start=\"3\" class=\"wp-block-list\">\n<li>Datos de cookies de seguimiento<\/li>\n<\/ol>\n\n\n\n<p>Utilizamos cookies y tecnolog\u00edas similares de seguimiento para rastrear la actividad en nuestro Sitio web y almacenar cierta informaci\u00f3n. Visite nuestra Pol\u00edtica de cookies para obtener m\u00e1s informaci\u00f3n.<\/p>\n\n\n\n<p>IV. Datos personales recopilados y tratados, fines y bases legales del tratamiento, as\u00ed como los plazos de conservaci\u00f3n.<\/p>\n\n\n\n<p>Fines del tratamiento de datos<br>Datos recopilados y tratados<br>Base legal del tratamiento<br>Plazo de conservaci\u00f3n<\/p>\n\n\n\n<p>Para la reserva de una habitaci\u00f3n<br>Nombre<br>Apellido<br>Fecha de nacimiento<br>Direcci\u00f3n<br>G\u00e9nero<br>Correo electr\u00f3nico<br>N\u00famero de tel\u00e9fono<br>Nombre de la universidad y a\u00f1o de estudio<br>El tratamiento es necesario para la ejecuci\u00f3n de un contrato o para tomar medidas previas a la celebraci\u00f3n de un contrato (RGPD Art. 6(1)(b))<br>10 (diez) a\u00f1os desde la ejecuci\u00f3n del contrato<\/p>\n\n\n\n<p>Para la gesti\u00f3n de facturaci\u00f3n y pagos<br>Nombre<br>Apellido<br>N\u00famero de tarjeta de cr\u00e9dito<br>N\u00famero de cuenta bancaria<br>El tratamiento es necesario para cumplir una obligaci\u00f3n legal (RGPD Art. 6(1)(c))<br>10 (diez) a\u00f1os desde la ejecuci\u00f3n del contrato<\/p>\n\n\n\n<p>Para comunicaci\u00f3n a trav\u00e9s del Sitio web<br>Nombre<br>Correo electr\u00f3nico<br>El tratamiento es necesario para medidas precontractuales (RGPD Art. 6(1)(b))<br>1 (un) a\u00f1o desde la \u00faltima comunicaci\u00f3n<\/p>\n\n\n\n<p>Utilizamos los Datos personales para diversos fines descritos en esta Pol\u00edtica. Si proporciona datos para un motivo concreto, podremos utilizarlos en relaci\u00f3n con dicho motivo. Por ejemplo, si nos contacta por email, utilizaremos sus datos para responder. Tambi\u00e9n podemos usarlos para mejorar nuestros servicios y comunicarnos con usted.<\/p>\n\n\n\n<p>V. \u00bfEst\u00e1 obligado a proporcionar datos personales?<\/p>\n\n\n\n<p>Para utilizar nuestros Servicios, debe proporcionar los datos personales mencionados.<\/p>\n\n\n\n<p>VI. \u00bfDe d\u00f3nde obtenemos sus datos?<\/p>\n\n\n\n<p>Recibimos los datos directamente de usted cuando los proporciona a trav\u00e9s del Sitio web.<\/p>\n\n\n\n<p>VII. Transferencia de datos<\/p>\n\n\n\n<p>Sus datos pueden ser transferidos y almacenados fuera de su pa\u00eds. Al proporcionarlos, usted acepta su uso conforme a esta pol\u00edtica.<\/p>\n\n\n\n<p>No compartiremos sus datos sin su permiso, excepto en los siguientes casos:<\/p>\n\n\n\n<ol class=\"wp-block-list\">\n<li>Proveedores de servicios<\/li>\n\n\n\n<li>Empresas relacionadas<\/li>\n\n\n\n<li>Transferencias empresariales<\/li>\n\n\n\n<li>Cumplimiento legal<\/li>\n<\/ol>\n\n\n\n<p>No transferimos datos fuera de la UE salvo obligaci\u00f3n legal.<\/p>\n\n\n\n<p>VIII. Derechos del interesado<\/p>\n\n\n\n<p>Tiene derecho a:<\/p>\n\n\n\n<p>ser informado<br>acceso<br>rectificaci\u00f3n<br>supresi\u00f3n<br>portabilidad<br>limitaci\u00f3n<br>oposici\u00f3n<\/p>\n\n\n\n<p>Puede presentar reclamaci\u00f3n ante la autoridad de protecci\u00f3n de datos en Letonia:<\/p>\n\n\n\n<p>Inspecci\u00f3n Estatal de Datos<br>Direcci\u00f3n: Elijas str. 17, Riga, LV-1050, Letonia<br>Email: info@dvi.gov.lv<\/p>\n\n\n\n<p>Puede retirar su consentimiento en cualquier momento.<\/p>\n\n\n\n<p>IX. Cambios<\/p>\n\n\n\n<p>Podemos actualizar esta Pol\u00edtica. El uso continuado del Sitio implica su aceptaci\u00f3n.<\/p>\n","protected":false},"excerpt":{"rendered":"<p>Fecha de entrada en vigor: 1 de febrero de 2023 SIA \u201cJ12\u201d (\u201cEmpresa\u201d) es el responsable del tratamiento de los datos personales que usted nos proporciona. Operamos el sitio web www.shedcoliving.com (\u201cSitio web\u201d) para proporcionar a nuestros usuarios (\u201custed\u201d y \u201csu\u201d) informaci\u00f3n sobre nuestros servicios (\u201cServicios\u201d). Aqu\u00ed describimos c\u00f3mo recopilamos, utilizamos y tratamos su informaci\u00f3n [&hellip;]<\/p>\n","protected":false},"author":1,"featured_media":0,"parent":0,"menu_order":0,"comment_status":"closed","ping_status":"closed","template":"template-policy.php","meta":{"_acf_changed":false,"inline_featured_image":false,"footnotes":""},"class_list":["post-18036","page","type-page","status-publish","hentry"],"acf":[],"yoast_head":"<!-- This site is optimized with the Yoast SEO plugin v27.2 - https:\/\/yoast.com\/product\/yoast-seo-wordpress\/ -->\n<title>Pol\u00edtica de privacidad - SHED Co-living<\/title>\n<meta name=\"robots\" content=\"index, follow, max-snippet:-1, max-image-preview:large, max-video-preview:-1\" \/>\n<link rel=\"canonical\" href=\"https:\/\/shedcoliving.com\/riga\/es\/privacy-policy-2\/\" \/>\n<meta property=\"og:locale\" content=\"es_ES\" \/>\n<meta property=\"og:type\" content=\"article\" \/>\n<meta property=\"og:title\" content=\"Pol\u00edtica de privacidad - SHED Co-living\" \/>\n<meta property=\"og:description\" content=\"Fecha de entrada en vigor: 1 de febrero de 2023 SIA \u201cJ12\u201d (\u201cEmpresa\u201d) es el responsable del tratamiento de los datos personales que usted nos proporciona. Operamos el sitio web www.shedcoliving.com (\u201cSitio web\u201d) para proporcionar a nuestros usuarios (\u201custed\u201d y \u201csu\u201d) informaci\u00f3n sobre nuestros servicios (\u201cServicios\u201d). Aqu\u00ed describimos c\u00f3mo recopilamos, utilizamos y tratamos su informaci\u00f3n [&hellip;]\" \/>\n<meta property=\"og:url\" content=\"https:\/\/shedcoliving.com\/riga\/es\/privacy-policy-2\/\" \/>\n<meta property=\"og:site_name\" content=\"SHED Co-living\" \/>\n<meta property=\"article:publisher\" content=\"https:\/\/www.facebook.com\/shedcolivingvilnius\/\" \/>\n<meta property=\"article:modified_time\" content=\"2026-04-10T12:05:12+00:00\" \/>\n<meta property=\"og:image\" content=\"https:\/\/shedcoliving.com\/riga\/wp-content\/uploads\/2024\/12\/shedcoliving-facebook-og-image.png\" \/>\n\t<meta property=\"og:image:width\" content=\"2048\" \/>\n\t<meta property=\"og:image:height\" content=\"1075\" \/>\n\t<meta property=\"og:image:type\" content=\"image\/png\" \/>\n<meta name=\"twitter:card\" content=\"summary_large_image\" \/>\n<meta name=\"twitter:label1\" content=\"Tiempo de lectura\" \/>\n\t<meta name=\"twitter:data1\" content=\"4 minutos\" \/>\n<script type=\"application\/ld+json\" class=\"yoast-schema-graph\">{\"@context\":\"https:\/\/schema.org\",\"@graph\":[{\"@type\":\"WebPage\",\"@id\":\"https:\/\/shedcoliving.com\/riga\/es\/privacy-policy-2\/\",\"url\":\"https:\/\/shedcoliving.com\/riga\/es\/privacy-policy-2\/\",\"name\":\"Pol\u00edtica de privacidad - SHED Co-living\",\"isPartOf\":{\"@id\":\"https:\/\/shedcoliving.com\/riga\/#website\"},\"datePublished\":\"2024-11-12T09:41:28+00:00\",\"dateModified\":\"2026-04-10T12:05:12+00:00\",\"breadcrumb\":{\"@id\":\"https:\/\/shedcoliving.com\/riga\/es\/privacy-policy-2\/#breadcrumb\"},\"inLanguage\":\"es\",\"potentialAction\":[{\"@type\":\"ReadAction\",\"target\":[\"https:\/\/shedcoliving.com\/riga\/es\/privacy-policy-2\/\"]}]},{\"@type\":\"BreadcrumbList\",\"@id\":\"https:\/\/shedcoliving.com\/riga\/es\/privacy-policy-2\/#breadcrumb\",\"itemListElement\":[{\"@type\":\"ListItem\",\"position\":1,\"name\":\"Home\",\"item\":\"https:\/\/shedcoliving.com\/riga\/es\/\"},{\"@type\":\"ListItem\",\"position\":2,\"name\":\"Pol\u00edtica de privacidad\"}]},{\"@type\":\"WebSite\",\"@id\":\"https:\/\/shedcoliving.com\/riga\/#website\",\"url\":\"https:\/\/shedcoliving.com\/riga\/\",\"name\":\"SHED Co-living\",\"description\":\"Build a new version of yourself!\",\"publisher\":{\"@id\":\"https:\/\/shedcoliving.com\/riga\/#organization\"},\"potentialAction\":[{\"@type\":\"SearchAction\",\"target\":{\"@type\":\"EntryPoint\",\"urlTemplate\":\"https:\/\/shedcoliving.com\/riga\/?s={search_term_string}\"},\"query-input\":{\"@type\":\"PropertyValueSpecification\",\"valueRequired\":true,\"valueName\":\"search_term_string\"}}],\"inLanguage\":\"es\"},{\"@type\":\"Organization\",\"@id\":\"https:\/\/shedcoliving.com\/riga\/#organization\",\"name\":\"Shed Co-living\",\"url\":\"https:\/\/shedcoliving.com\/riga\/\",\"logo\":{\"@type\":\"ImageObject\",\"inLanguage\":\"es\",\"@id\":\"https:\/\/shedcoliving.com\/riga\/#\/schema\/logo\/image\/\",\"url\":\"https:\/\/shedcoliving.com\/riga\/wp-content\/uploads\/2024\/12\/logo-black.svg\",\"contentUrl\":\"https:\/\/shedcoliving.com\/riga\/wp-content\/uploads\/2024\/12\/logo-black.svg\",\"width\":937,\"height\":347,\"caption\":\"Shed Co-living\"},\"image\":{\"@id\":\"https:\/\/shedcoliving.com\/riga\/#\/schema\/logo\/image\/\"},\"sameAs\":[\"https:\/\/www.facebook.com\/shedcolivingvilnius\/\",\"https:\/\/www.instagram.com\/shed_vilnius\/\"]}]}<\/script>\n<!-- \/ Yoast SEO plugin. -->","yoast_head_json":{"title":"Pol\u00edtica de privacidad - SHED Co-living","robots":{"index":"index","follow":"follow","max-snippet":"max-snippet:-1","max-image-preview":"max-image-preview:large","max-video-preview":"max-video-preview:-1"},"canonical":"https:\/\/shedcoliving.com\/riga\/es\/privacy-policy-2\/","og_locale":"es_ES","og_type":"article","og_title":"Pol\u00edtica de privacidad - SHED Co-living","og_description":"Fecha de entrada en vigor: 1 de febrero de 2023 SIA \u201cJ12\u201d (\u201cEmpresa\u201d) es el responsable del tratamiento de los datos personales que usted nos proporciona. Operamos el sitio web www.shedcoliving.com (\u201cSitio web\u201d) para proporcionar a nuestros usuarios (\u201custed\u201d y \u201csu\u201d) informaci\u00f3n sobre nuestros servicios (\u201cServicios\u201d). Aqu\u00ed describimos c\u00f3mo recopilamos, utilizamos y tratamos su informaci\u00f3n [&hellip;]","og_url":"https:\/\/shedcoliving.com\/riga\/es\/privacy-policy-2\/","og_site_name":"SHED Co-living","article_publisher":"https:\/\/www.facebook.com\/shedcolivingvilnius\/","article_modified_time":"2026-04-10T12:05:12+00:00","og_image":[{"width":2048,"height":1075,"url":"https:\/\/shedcoliving.com\/riga\/wp-content\/uploads\/2024\/12\/shedcoliving-facebook-og-image.png","type":"image\/png"}],"twitter_card":"summary_large_image","twitter_misc":{"Tiempo de lectura":"4 minutos"},"schema":{"@context":"https:\/\/schema.org","@graph":[{"@type":"WebPage","@id":"https:\/\/shedcoliving.com\/riga\/es\/privacy-policy-2\/","url":"https:\/\/shedcoliving.com\/riga\/es\/privacy-policy-2\/","name":"Pol\u00edtica de privacidad - SHED Co-living","isPartOf":{"@id":"https:\/\/shedcoliving.com\/riga\/#website"},"datePublished":"2024-11-12T09:41:28+00:00","dateModified":"2026-04-10T12:05:12+00:00","breadcrumb":{"@id":"https:\/\/shedcoliving.com\/riga\/es\/privacy-policy-2\/#breadcrumb"},"inLanguage":"es","potentialAction":[{"@type":"ReadAction","target":["https:\/\/shedcoliving.com\/riga\/es\/privacy-policy-2\/"]}]},{"@type":"BreadcrumbList","@id":"https:\/\/shedcoliving.com\/riga\/es\/privacy-policy-2\/#breadcrumb","itemListElement":[{"@type":"ListItem","position":1,"name":"Home","item":"https:\/\/shedcoliving.com\/riga\/es\/"},{"@type":"ListItem","position":2,"name":"Pol\u00edtica de privacidad"}]},{"@type":"WebSite","@id":"https:\/\/shedcoliving.com\/riga\/#website","url":"https:\/\/shedcoliving.com\/riga\/","name":"SHED Co-living","description":"Build a new version of yourself!","publisher":{"@id":"https:\/\/shedcoliving.com\/riga\/#organization"},"potentialAction":[{"@type":"SearchAction","target":{"@type":"EntryPoint","urlTemplate":"https:\/\/shedcoliving.com\/riga\/?s={search_term_string}"},"query-input":{"@type":"PropertyValueSpecification","valueRequired":true,"valueName":"search_term_string"}}],"inLanguage":"es"},{"@type":"Organization","@id":"https:\/\/shedcoliving.com\/riga\/#organization","name":"Shed Co-living","url":"https:\/\/shedcoliving.com\/riga\/","logo":{"@type":"ImageObject","inLanguage":"es","@id":"https:\/\/shedcoliving.com\/riga\/#\/schema\/logo\/image\/","url":"https:\/\/shedcoliving.com\/riga\/wp-content\/uploads\/2024\/12\/logo-black.svg","contentUrl":"https:\/\/shedcoliving.com\/riga\/wp-content\/uploads\/2024\/12\/logo-black.svg","width":937,"height":347,"caption":"Shed Co-living"},"image":{"@id":"https:\/\/shedcoliving.com\/riga\/#\/schema\/logo\/image\/"},"sameAs":["https:\/\/www.facebook.com\/shedcolivingvilnius\/","https:\/\/www.instagram.com\/shed_vilnius\/"]}]}},"_links":{"self":[{"href":"https:\/\/shedcoliving.com\/riga\/es\/wp-json\/wp\/v2\/pages\/18036","targetHints":{"allow":["GET"]}}],"collection":[{"href":"https:\/\/shedcoliving.com\/riga\/es\/wp-json\/wp\/v2\/pages"}],"about":[{"href":"https:\/\/shedcoliving.com\/riga\/es\/wp-json\/wp\/v2\/types\/page"}],"author":[{"embeddable":true,"href":"https:\/\/shedcoliving.com\/riga\/es\/wp-json\/wp\/v2\/users\/1"}],"replies":[{"embeddable":true,"href":"https:\/\/shedcoliving.com\/riga\/es\/wp-json\/wp\/v2\/comments?post=18036"}],"version-history":[{"count":1,"href":"https:\/\/shedcoliving.com\/riga\/es\/wp-json\/wp\/v2\/pages\/18036\/revisions"}],"predecessor-version":[{"id":18040,"href":"https:\/\/shedcoliving.com\/riga\/es\/wp-json\/wp\/v2\/pages\/18036\/revisions\/18040"}],"wp:attachment":[{"href":"https:\/\/shedcoliving.com\/riga\/es\/wp-json\/wp\/v2\/media?parent=18036"}],"curies":[{"name":"wp","href":"https:\/\/api.w.org\/{rel}","templated":true}]}}