{"id":9823,"date":"2024-11-15T13:06:20","date_gmt":"2024-11-15T13:06:20","guid":{"rendered":"https:\/\/shed.treigys.com\/riga\/offers\/"},"modified":"2026-01-15T08:09:39","modified_gmt":"2026-01-15T08:09:39","slug":"offers","status":"publish","type":"page","link":"https:\/\/shedcoliving.com\/riga\/lv\/offers\/","title":{"rendered":"Pied\u0101v\u0101jumi R\u012bg\u0101"},"content":{"rendered":"\n<p><\/p>\n\n\n\n<p><\/p>\n\n\n\n<h1 class=\"wp-block-heading\">\u012apa\u0161ais pied\u0101v\u0101jums<\/h1>\n\n\n\n<h2 class=\"wp-block-heading\">Ieg\u016bsti vienreiz\u0113ju \u20ac50 atlaidi! Uzaicini draugu iz\u012br\u0113t apartamentus SHED R\u012bga <\/h2>\n\n\n\n<p>K\u0101ds v\u0113las dz\u012bvot modern\u0101, dinamisk\u0101 viet\u0101 studentiem un jaunajiem speci\u0101listiem? Tev ir draugs, kur\u0161 pl\u0101no p\u0101rcelties uz dz\u012bvi R\u012bg\u0101 vai nav apmierin\u0101ts ar savu apme\u0161an\u0101s vietu? Tr\u016bkst kopienas, socializ\u0113\u0161an\u0101s un pas\u0101kumu? Mums ir risin\u0101jums. Ja tu dz\u012bvo SHED un esi (J\u0100, tu esi!) ar to apmierin\u0101ts, uzaicini draugu dz\u012bvot \u0161eit vismaz 5 m\u0113ne\u0161us un izbaudi laiku kop\u0101, sa\u0146emot vienreiz\u0113ju 50 eiro atlaidi \u012bres maksai! Ar\u012b jauns iedz\u012bvot\u0101js, kuru ieteiksi tu, sa\u0146ems t\u0101du pa\u0161u vienreiz\u0113ju 50 eiro atlaidi \u012bres maksai, tikai neaizmirsti inform\u0113t administratoru un pajaut\u0101t s\u012bk\u0101ku inform\u0101ciju (<br>tas neattiecas uz ekonomisk\u0101s klases divviet\u012bgaj\u0101m studij\u0101m).<\/p>\n\n\n\n<p>.<\/p>\n\n\n\n<p>.<\/p>\n\n\n\n<p><\/p>\n\n\n\n<figure class=\"wp-block-image size-large\"><img loading=\"lazy\" decoding=\"async\" width=\"1024\" height=\"682\" src=\"https:\/\/shedcoliving.com\/riga\/wp-content\/uploads\/2024\/12\/shed-interjers-jelgavas-iela-riga-print-321-scaled-1-1024x682.jpg\" alt=\"\" class=\"wp-image-9829\" srcset=\"https:\/\/shedcoliving.com\/riga\/wp-content\/uploads\/2024\/12\/shed-interjers-jelgavas-iela-riga-print-321-scaled-1-1024x682.jpg 1024w, https:\/\/shedcoliving.com\/riga\/wp-content\/uploads\/2024\/12\/shed-interjers-jelgavas-iela-riga-print-321-scaled-1-300x200.jpg 300w, https:\/\/shedcoliving.com\/riga\/wp-content\/uploads\/2024\/12\/shed-interjers-jelgavas-iela-riga-print-321-scaled-1-768x511.jpg 768w, https:\/\/shedcoliving.com\/riga\/wp-content\/uploads\/2024\/12\/shed-interjers-jelgavas-iela-riga-print-321-scaled-1-1536x1022.jpg 1536w, https:\/\/shedcoliving.com\/riga\/wp-content\/uploads\/2024\/12\/shed-interjers-jelgavas-iela-riga-print-321-scaled-1-1920x1278.jpg 1920w, https:\/\/shedcoliving.com\/riga\/wp-content\/uploads\/2024\/12\/shed-interjers-jelgavas-iela-riga-print-321-scaled-1.jpg 2048w\" sizes=\"auto, (max-width: 1024px) 100vw, 1024px\" \/><\/figure>\n\n\n\n<p>M\u016bsu draudz\u012bgais PERSON\u0100LS gaida Tavu zvanu vai zi\u0146u, nekautr\u0113jies sazin\u0101ties, lai uzzin\u0101tu vair\u0101k!<\/p>\n\n\n\n<p><\/p>\n","protected":false},"excerpt":{"rendered":"<p>\u012apa\u0161ais pied\u0101v\u0101jums Ieg\u016bsti vienreiz\u0113ju \u20ac50 atlaidi! Uzaicini draugu iz\u012br\u0113t apartamentus SHED R\u012bga K\u0101ds v\u0113las dz\u012bvot modern\u0101, dinamisk\u0101 viet\u0101 studentiem un jaunajiem speci\u0101listiem? Tev ir draugs, kur\u0161 pl\u0101no p\u0101rcelties uz dz\u012bvi R\u012bg\u0101 vai nav apmierin\u0101ts ar savu apme\u0161an\u0101s vietu? Tr\u016bkst kopienas, socializ\u0113\u0161an\u0101s un pas\u0101kumu? Mums ir risin\u0101jums. Ja tu dz\u012bvo SHED un esi (J\u0100, tu esi!) [&hellip;]<\/p>\n","protected":false},"author":1,"featured_media":0,"parent":0,"menu_order":0,"comment_status":"closed","ping_status":"closed","template":"template-offers.php","meta":{"_acf_changed":false,"inline_featured_image":false,"footnotes":""},"class_list":["post-9823","page","type-page","status-publish","hentry"],"acf":[],"yoast_head":"<!-- This site is optimized with the Yoast SEO plugin v27.2 - https:\/\/yoast.com\/product\/yoast-seo-wordpress\/ -->\n<title>Co-living space in Riga - Offers | SHED Co-living<\/title>\n<meta name=\"description\" content=\"SHED co-living spaces for entrepreneurs, students, travelers, and digital nomads. Find out our offers and start your new adventure in Riga, Latvia.\" \/>\n<meta name=\"robots\" content=\"index, follow, max-snippet:-1, max-image-preview:large, max-video-preview:-1\" \/>\n<link rel=\"canonical\" href=\"https:\/\/shedcoliving.com\/riga\/lv\/offers\/\" \/>\n<meta property=\"og:locale\" content=\"lv_LV\" \/>\n<meta property=\"og:type\" content=\"article\" \/>\n<meta property=\"og:title\" content=\"Co-living space in Riga - Offers | SHED Co-living\" \/>\n<meta property=\"og:description\" content=\"SHED co-living spaces for entrepreneurs, students, travelers, and digital nomads. Find out our offers and start your new adventure in Riga, Latvia.\" \/>\n<meta property=\"og:url\" content=\"https:\/\/shedcoliving.com\/riga\/lv\/offers\/\" \/>\n<meta property=\"og:site_name\" content=\"SHED Co-living\" \/>\n<meta property=\"article:publisher\" content=\"https:\/\/www.facebook.com\/shedcolivingvilnius\/\" \/>\n<meta property=\"article:modified_time\" content=\"2026-01-15T08:09:39+00:00\" \/>\n<meta property=\"og:image\" content=\"https:\/\/shedcoliving.com\/riga\/wp-content\/uploads\/2024\/12\/shed-interjers-jelgavas-iela-riga-print-321-scaled-1.jpg\" \/>\n\t<meta property=\"og:image:width\" content=\"2048\" \/>\n\t<meta property=\"og:image:height\" content=\"1363\" \/>\n\t<meta property=\"og:image:type\" content=\"image\/jpeg\" \/>\n<meta name=\"twitter:card\" content=\"summary_large_image\" \/>\n<meta name=\"twitter:label1\" content=\"Est. reading time\" \/>\n\t<meta name=\"twitter:data1\" content=\"1 minute\" \/>\n<script type=\"application\/ld+json\" class=\"yoast-schema-graph\">{\"@context\":\"https:\/\/schema.org\",\"@graph\":[{\"@type\":\"WebPage\",\"@id\":\"https:\/\/shedcoliving.com\/riga\/lv\/offers\/\",\"url\":\"https:\/\/shedcoliving.com\/riga\/lv\/offers\/\",\"name\":\"Co-living space in Riga - Offers | SHED Co-living\",\"isPartOf\":{\"@id\":\"https:\/\/shedcoliving.com\/riga\/#website\"},\"primaryImageOfPage\":{\"@id\":\"https:\/\/shedcoliving.com\/riga\/lv\/offers\/#primaryimage\"},\"image\":{\"@id\":\"https:\/\/shedcoliving.com\/riga\/lv\/offers\/#primaryimage\"},\"thumbnailUrl\":\"https:\/\/shedcoliving.com\/riga\/wp-content\/uploads\/2024\/12\/shed-interjers-jelgavas-iela-riga-print-321-scaled-1-1024x682.jpg\",\"datePublished\":\"2024-11-15T13:06:20+00:00\",\"dateModified\":\"2026-01-15T08:09:39+00:00\",\"description\":\"SHED co-living spaces for entrepreneurs, students, travelers, and digital nomads. Find out our offers and start your new adventure in Riga, Latvia.\",\"breadcrumb\":{\"@id\":\"https:\/\/shedcoliving.com\/riga\/lv\/offers\/#breadcrumb\"},\"inLanguage\":\"lv-LV\",\"potentialAction\":[{\"@type\":\"ReadAction\",\"target\":[\"https:\/\/shedcoliving.com\/riga\/lv\/offers\/\"]}]},{\"@type\":\"ImageObject\",\"inLanguage\":\"lv-LV\",\"@id\":\"https:\/\/shedcoliving.com\/riga\/lv\/offers\/#primaryimage\",\"url\":\"https:\/\/shedcoliving.com\/riga\/wp-content\/uploads\/2024\/12\/shed-interjers-jelgavas-iela-riga-print-321-scaled-1-1024x682.jpg\",\"contentUrl\":\"https:\/\/shedcoliving.com\/riga\/wp-content\/uploads\/2024\/12\/shed-interjers-jelgavas-iela-riga-print-321-scaled-1-1024x682.jpg\"},{\"@type\":\"BreadcrumbList\",\"@id\":\"https:\/\/shedcoliving.com\/riga\/lv\/offers\/#breadcrumb\",\"itemListElement\":[{\"@type\":\"ListItem\",\"position\":1,\"name\":\"Home\",\"item\":\"https:\/\/shedcoliving.com\/riga\/lv\/\"},{\"@type\":\"ListItem\",\"position\":2,\"name\":\"Pied\u0101v\u0101jumi R\u012bg\u0101\"}]},{\"@type\":\"WebSite\",\"@id\":\"https:\/\/shedcoliving.com\/riga\/#website\",\"url\":\"https:\/\/shedcoliving.com\/riga\/\",\"name\":\"SHED Co-living\",\"description\":\"Build a new version of yourself!\",\"publisher\":{\"@id\":\"https:\/\/shedcoliving.com\/riga\/#organization\"},\"potentialAction\":[{\"@type\":\"SearchAction\",\"target\":{\"@type\":\"EntryPoint\",\"urlTemplate\":\"https:\/\/shedcoliving.com\/riga\/?s={search_term_string}\"},\"query-input\":{\"@type\":\"PropertyValueSpecification\",\"valueRequired\":true,\"valueName\":\"search_term_string\"}}],\"inLanguage\":\"lv-LV\"},{\"@type\":\"Organization\",\"@id\":\"https:\/\/shedcoliving.com\/riga\/#organization\",\"name\":\"Shed Co-living\",\"url\":\"https:\/\/shedcoliving.com\/riga\/\",\"logo\":{\"@type\":\"ImageObject\",\"inLanguage\":\"lv-LV\",\"@id\":\"https:\/\/shedcoliving.com\/riga\/#\/schema\/logo\/image\/\",\"url\":\"https:\/\/shedcoliving.com\/riga\/wp-content\/uploads\/2024\/12\/logo-black.svg\",\"contentUrl\":\"https:\/\/shedcoliving.com\/riga\/wp-content\/uploads\/2024\/12\/logo-black.svg\",\"width\":937,\"height\":347,\"caption\":\"Shed Co-living\"},\"image\":{\"@id\":\"https:\/\/shedcoliving.com\/riga\/#\/schema\/logo\/image\/\"},\"sameAs\":[\"https:\/\/www.facebook.com\/shedcolivingvilnius\/\",\"https:\/\/www.instagram.com\/shed_vilnius\/\"]}]}<\/script>\n<!-- \/ Yoast SEO plugin. -->","yoast_head_json":{"title":"Co-living space in Riga - Offers | SHED Co-living","description":"SHED co-living spaces for entrepreneurs, students, travelers, and digital nomads. Find out our offers and start your new adventure in Riga, Latvia.","robots":{"index":"index","follow":"follow","max-snippet":"max-snippet:-1","max-image-preview":"max-image-preview:large","max-video-preview":"max-video-preview:-1"},"canonical":"https:\/\/shedcoliving.com\/riga\/lv\/offers\/","og_locale":"lv_LV","og_type":"article","og_title":"Co-living space in Riga - Offers | SHED Co-living","og_description":"SHED co-living spaces for entrepreneurs, students, travelers, and digital nomads. Find out our offers and start your new adventure in Riga, Latvia.","og_url":"https:\/\/shedcoliving.com\/riga\/lv\/offers\/","og_site_name":"SHED Co-living","article_publisher":"https:\/\/www.facebook.com\/shedcolivingvilnius\/","article_modified_time":"2026-01-15T08:09:39+00:00","og_image":[{"width":2048,"height":1363,"url":"https:\/\/shedcoliving.com\/riga\/wp-content\/uploads\/2024\/12\/shed-interjers-jelgavas-iela-riga-print-321-scaled-1.jpg","type":"image\/jpeg"}],"twitter_card":"summary_large_image","twitter_misc":{"Est. reading time":"1 minute"},"schema":{"@context":"https:\/\/schema.org","@graph":[{"@type":"WebPage","@id":"https:\/\/shedcoliving.com\/riga\/lv\/offers\/","url":"https:\/\/shedcoliving.com\/riga\/lv\/offers\/","name":"Co-living space in Riga - Offers | SHED Co-living","isPartOf":{"@id":"https:\/\/shedcoliving.com\/riga\/#website"},"primaryImageOfPage":{"@id":"https:\/\/shedcoliving.com\/riga\/lv\/offers\/#primaryimage"},"image":{"@id":"https:\/\/shedcoliving.com\/riga\/lv\/offers\/#primaryimage"},"thumbnailUrl":"https:\/\/shedcoliving.com\/riga\/wp-content\/uploads\/2024\/12\/shed-interjers-jelgavas-iela-riga-print-321-scaled-1-1024x682.jpg","datePublished":"2024-11-15T13:06:20+00:00","dateModified":"2026-01-15T08:09:39+00:00","description":"SHED co-living spaces for entrepreneurs, students, travelers, and digital nomads. Find out our offers and start your new adventure in Riga, Latvia.","breadcrumb":{"@id":"https:\/\/shedcoliving.com\/riga\/lv\/offers\/#breadcrumb"},"inLanguage":"lv-LV","potentialAction":[{"@type":"ReadAction","target":["https:\/\/shedcoliving.com\/riga\/lv\/offers\/"]}]},{"@type":"ImageObject","inLanguage":"lv-LV","@id":"https:\/\/shedcoliving.com\/riga\/lv\/offers\/#primaryimage","url":"https:\/\/shedcoliving.com\/riga\/wp-content\/uploads\/2024\/12\/shed-interjers-jelgavas-iela-riga-print-321-scaled-1-1024x682.jpg","contentUrl":"https:\/\/shedcoliving.com\/riga\/wp-content\/uploads\/2024\/12\/shed-interjers-jelgavas-iela-riga-print-321-scaled-1-1024x682.jpg"},{"@type":"BreadcrumbList","@id":"https:\/\/shedcoliving.com\/riga\/lv\/offers\/#breadcrumb","itemListElement":[{"@type":"ListItem","position":1,"name":"Home","item":"https:\/\/shedcoliving.com\/riga\/lv\/"},{"@type":"ListItem","position":2,"name":"Pied\u0101v\u0101jumi R\u012bg\u0101"}]},{"@type":"WebSite","@id":"https:\/\/shedcoliving.com\/riga\/#website","url":"https:\/\/shedcoliving.com\/riga\/","name":"SHED Co-living","description":"Build a new version of yourself!","publisher":{"@id":"https:\/\/shedcoliving.com\/riga\/#organization"},"potentialAction":[{"@type":"SearchAction","target":{"@type":"EntryPoint","urlTemplate":"https:\/\/shedcoliving.com\/riga\/?s={search_term_string}"},"query-input":{"@type":"PropertyValueSpecification","valueRequired":true,"valueName":"search_term_string"}}],"inLanguage":"lv-LV"},{"@type":"Organization","@id":"https:\/\/shedcoliving.com\/riga\/#organization","name":"Shed Co-living","url":"https:\/\/shedcoliving.com\/riga\/","logo":{"@type":"ImageObject","inLanguage":"lv-LV","@id":"https:\/\/shedcoliving.com\/riga\/#\/schema\/logo\/image\/","url":"https:\/\/shedcoliving.com\/riga\/wp-content\/uploads\/2024\/12\/logo-black.svg","contentUrl":"https:\/\/shedcoliving.com\/riga\/wp-content\/uploads\/2024\/12\/logo-black.svg","width":937,"height":347,"caption":"Shed Co-living"},"image":{"@id":"https:\/\/shedcoliving.com\/riga\/#\/schema\/logo\/image\/"},"sameAs":["https:\/\/www.facebook.com\/shedcolivingvilnius\/","https:\/\/www.instagram.com\/shed_vilnius\/"]}]}},"_links":{"self":[{"href":"https:\/\/shedcoliving.com\/riga\/lv\/wp-json\/wp\/v2\/pages\/9823","targetHints":{"allow":["GET"]}}],"collection":[{"href":"https:\/\/shedcoliving.com\/riga\/lv\/wp-json\/wp\/v2\/pages"}],"about":[{"href":"https:\/\/shedcoliving.com\/riga\/lv\/wp-json\/wp\/v2\/types\/page"}],"author":[{"embeddable":true,"href":"https:\/\/shedcoliving.com\/riga\/lv\/wp-json\/wp\/v2\/users\/1"}],"replies":[{"embeddable":true,"href":"https:\/\/shedcoliving.com\/riga\/lv\/wp-json\/wp\/v2\/comments?post=9823"}],"version-history":[{"count":7,"href":"https:\/\/shedcoliving.com\/riga\/lv\/wp-json\/wp\/v2\/pages\/9823\/revisions"}],"predecessor-version":[{"id":17438,"href":"https:\/\/shedcoliving.com\/riga\/lv\/wp-json\/wp\/v2\/pages\/9823\/revisions\/17438"}],"wp:attachment":[{"href":"https:\/\/shedcoliving.com\/riga\/lv\/wp-json\/wp\/v2\/media?parent=9823"}],"curies":[{"name":"wp","href":"https:\/\/api.w.org\/{rel}","templated":true}]}}