{"id":16728,"date":"2024-11-15T13:06:20","date_gmt":"2024-11-15T13:06:20","guid":{"rendered":"https:\/\/shedcoliving.com\/vilnius\/offers-vilnius\/"},"modified":"2026-04-28T06:16:12","modified_gmt":"2026-04-28T06:16:12","slug":"ofertas-en-vilna","status":"publish","type":"page","link":"https:\/\/shedcoliving.com\/vilnius\/es\/ofertas-en-vilna\/","title":{"rendered":"Ofertas en Vilna"},"content":{"rendered":"\n<p class=\"has-text-align-center\"><\/p>\n\n\n\n<h1 class=\"wp-block-heading has-text-align-center\">\u00a1Hola, amigo! \u00a1SHED Co-living tiene algunas ofertas especiales para ti! \u00a1Consigue un descuento \u00fanico de entre 50 y 100 \u20ac por realizar una de estas sencillas acciones!\u00a0<\/h1>\n\n\n\n<ol class=\"wp-block-list\">\n<li>\u00bfAlguien quiere vivir en un lugar moderno y lleno de vida para estudiantes y j\u00f3venes profesionales? \u00bfTienes alg\u00fan amigo que est\u00e9 pensando en mudarse a Vilna o que no est\u00e9 contento con su alojamiento? \u00bfEchas de menos la comunidad, la vida social y los eventos? Tenemos la soluci\u00f3n. Si vives en SHED y est\u00e1s (\u00a1S\u00cd, lo est\u00e1s!) contento con ello, invita a un amigo a vivir aqu\u00ed durante al menos 5 meses y disfrutad pasando tiempo juntos con un descuento \u00fanico de 50 \u20ac en tu alquiler (no aplicable a los estudios dobles Economy). El nuevo residente que nos recomiendes tambi\u00e9n obtendr\u00e1 el mismo descuento \u00fanico de 50 euros en su alquiler; solo tienes que informar al administrador y pedirle m\u00e1s detalles.<\/li>\n\n\n\n<li>Si tu universidad te ha recomendado SHED Co-living, preg\u00fantales por los descuentos. Tenemos acuerdos con ellos y tambi\u00e9n podemos ofrecerte descuentos (ten en cuenta que estas ofertas no son v\u00e1lidas para nuestro estudio doble \u00abEconomy\u00bb, el m\u00e1s econ\u00f3mico).<\/li>\n\n\n\n<li>\u00bfEres una persona creativa, din\u00e1mica y activa? \u00bfTienes conocimientos de marketing digital, creaci\u00f3n de contenido en v\u00eddeo y te gusta relacionarte con la gente, y te sientes c\u00f3modo en las redes sociales? \u00danete a nosotros, convi\u00e9rtete en nuestro coprotagonista y gana un dinero extra para tu tiempo libre. \u00a1Te estamos esperando!<\/li>\n<\/ol>\n\n\n\n<figure class=\"wp-block-image size-large\"><img loading=\"lazy\" decoding=\"async\" width=\"768\" height=\"1024\" src=\"https:\/\/shedcoliving.com\/vilnius\/wp-content\/uploads\/2024\/12\/unnamed-6-scaled-1-768x1024.jpg\" alt=\"\" class=\"wp-image-9282\" srcset=\"https:\/\/shedcoliving.com\/vilnius\/wp-content\/uploads\/2024\/12\/unnamed-6-scaled-1-768x1024.jpg 768w, https:\/\/shedcoliving.com\/vilnius\/wp-content\/uploads\/2024\/12\/unnamed-6-scaled-1-225x300.jpg 225w, https:\/\/shedcoliving.com\/vilnius\/wp-content\/uploads\/2024\/12\/unnamed-6-scaled-1-1152x1536.jpg 1152w, https:\/\/shedcoliving.com\/vilnius\/wp-content\/uploads\/2024\/12\/unnamed-6-scaled-1.jpg 1536w\" sizes=\"auto, (max-width: 768px) 100vw, 768px\" \/><\/figure>\n\n\n\n<h4 class=\"wp-block-heading\">Ponte en contacto con nuestro equipo hoy mismo para obtener m\u00e1s informaci\u00f3n. \u00a1Esperamos tu mensaje!<\/h4>\n\n\n\n<p><\/p>\n","protected":false},"excerpt":{"rendered":"<p>\u00a1Hola, amigo! \u00a1SHED Co-living tiene algunas ofertas especiales para ti! \u00a1Consigue un descuento \u00fanico de entre 50 y 100 \u20ac por realizar una de estas sencillas acciones!\u00a0 Ponte en contacto con nuestro equipo hoy mismo para obtener m\u00e1s informaci\u00f3n. \u00a1Esperamos tu mensaje!<\/p>\n","protected":false},"author":1,"featured_media":0,"parent":0,"menu_order":0,"comment_status":"closed","ping_status":"closed","template":"template-offers.php","meta":{"_acf_changed":false,"inline_featured_image":false,"footnotes":""},"class_list":["post-16728","page","type-page","status-publish","hentry"],"acf":[],"yoast_head":"<!-- This site is optimized with the Yoast SEO plugin v27.2 - https:\/\/yoast.com\/product\/yoast-seo-wordpress\/ -->\n<title>Ofertas en Vilna - SHED Co-living<\/title>\n<meta name=\"description\" content=\"\u00a1Hola, amigo! \u00a1SHED Co-living tiene algunas ofertas especiales para ti! \u00a1Consigue un descuento \u00fanico de entre 50 y 100 \u20ac por realizar una de estas sencillas acciones!\u00a0\" \/>\n<meta name=\"robots\" content=\"index, follow, max-snippet:-1, max-image-preview:large, max-video-preview:-1\" \/>\n<link rel=\"canonical\" href=\"https:\/\/shedcoliving.com\/vilnius\/es\/ofertas-en-vilna\/\" \/>\n<meta property=\"og:locale\" content=\"es_ES\" \/>\n<meta property=\"og:type\" content=\"article\" \/>\n<meta property=\"og:title\" content=\"Ofertas en Vilna - SHED Co-living\" \/>\n<meta property=\"og:description\" content=\"\u00a1Hola, amigo! \u00a1SHED Co-living tiene algunas ofertas especiales para ti! \u00a1Consigue un descuento \u00fanico de entre 50 y 100 \u20ac por realizar una de estas sencillas acciones!\u00a0\" \/>\n<meta property=\"og:url\" content=\"https:\/\/shedcoliving.com\/vilnius\/es\/ofertas-en-vilna\/\" \/>\n<meta property=\"og:site_name\" content=\"SHED Co-living\" \/>\n<meta property=\"article:publisher\" content=\"https:\/\/www.facebook.com\/shedcolivingvilnius\/\" \/>\n<meta property=\"article:modified_time\" content=\"2026-04-28T06:16:12+00:00\" \/>\n<meta property=\"og:image\" content=\"https:\/\/shedcoliving.com\/vilnius\/wp-content\/uploads\/2024\/12\/unnamed-6-scaled-1.jpg\" \/>\n\t<meta property=\"og:image:width\" content=\"1536\" \/>\n\t<meta property=\"og:image:height\" content=\"2048\" \/>\n\t<meta property=\"og:image:type\" content=\"image\/jpeg\" \/>\n<meta name=\"twitter:card\" content=\"summary_large_image\" \/>\n<meta name=\"twitter:label1\" content=\"Tiempo de lectura\" \/>\n\t<meta name=\"twitter:data1\" content=\"2 minutos\" \/>\n<script type=\"application\/ld+json\" class=\"yoast-schema-graph\">{\"@context\":\"https:\/\/schema.org\",\"@graph\":[{\"@type\":\"WebPage\",\"@id\":\"https:\/\/shedcoliving.com\/vilnius\/es\/ofertas-en-vilna\/\",\"url\":\"https:\/\/shedcoliving.com\/vilnius\/es\/ofertas-en-vilna\/\",\"name\":\"Ofertas en Vilna - SHED Co-living\",\"isPartOf\":{\"@id\":\"https:\/\/shedcoliving.com\/vilnius\/#website\"},\"primaryImageOfPage\":{\"@id\":\"https:\/\/shedcoliving.com\/vilnius\/es\/ofertas-en-vilna\/#primaryimage\"},\"image\":{\"@id\":\"https:\/\/shedcoliving.com\/vilnius\/es\/ofertas-en-vilna\/#primaryimage\"},\"thumbnailUrl\":\"https:\/\/shedcoliving.com\/vilnius\/wp-content\/uploads\/2024\/12\/unnamed-6-scaled-1-768x1024.jpg\",\"datePublished\":\"2024-11-15T13:06:20+00:00\",\"dateModified\":\"2026-04-28T06:16:12+00:00\",\"description\":\"\u00a1Hola, amigo! \u00a1SHED Co-living tiene algunas ofertas especiales para ti! \u00a1Consigue un descuento \u00fanico de entre 50 y 100 \u20ac por realizar una de estas sencillas acciones!\u00a0\",\"breadcrumb\":{\"@id\":\"https:\/\/shedcoliving.com\/vilnius\/es\/ofertas-en-vilna\/#breadcrumb\"},\"inLanguage\":\"es\",\"potentialAction\":[{\"@type\":\"ReadAction\",\"target\":[\"https:\/\/shedcoliving.com\/vilnius\/es\/ofertas-en-vilna\/\"]}]},{\"@type\":\"ImageObject\",\"inLanguage\":\"es\",\"@id\":\"https:\/\/shedcoliving.com\/vilnius\/es\/ofertas-en-vilna\/#primaryimage\",\"url\":\"https:\/\/shedcoliving.com\/vilnius\/wp-content\/uploads\/2024\/12\/unnamed-6-scaled-1-768x1024.jpg\",\"contentUrl\":\"https:\/\/shedcoliving.com\/vilnius\/wp-content\/uploads\/2024\/12\/unnamed-6-scaled-1-768x1024.jpg\"},{\"@type\":\"BreadcrumbList\",\"@id\":\"https:\/\/shedcoliving.com\/vilnius\/es\/ofertas-en-vilna\/#breadcrumb\",\"itemListElement\":[{\"@type\":\"ListItem\",\"position\":1,\"name\":\"Home\",\"item\":\"https:\/\/shedcoliving.com\/vilnius\/es\/\"},{\"@type\":\"ListItem\",\"position\":2,\"name\":\"Ofertas en Vilna\"}]},{\"@type\":\"WebSite\",\"@id\":\"https:\/\/shedcoliving.com\/vilnius\/#website\",\"url\":\"https:\/\/shedcoliving.com\/vilnius\/\",\"name\":\"SHED Co-living\",\"description\":\"Build a new version of yourself!\",\"publisher\":{\"@id\":\"https:\/\/shedcoliving.com\/vilnius\/#organization\"},\"potentialAction\":[{\"@type\":\"SearchAction\",\"target\":{\"@type\":\"EntryPoint\",\"urlTemplate\":\"https:\/\/shedcoliving.com\/vilnius\/?s={search_term_string}\"},\"query-input\":{\"@type\":\"PropertyValueSpecification\",\"valueRequired\":true,\"valueName\":\"search_term_string\"}}],\"inLanguage\":\"es\"},{\"@type\":\"Organization\",\"@id\":\"https:\/\/shedcoliving.com\/vilnius\/#organization\",\"name\":\"Shed Co-living\",\"url\":\"https:\/\/shedcoliving.com\/vilnius\/\",\"logo\":{\"@type\":\"ImageObject\",\"inLanguage\":\"es\",\"@id\":\"https:\/\/shedcoliving.com\/vilnius\/#\/schema\/logo\/image\/\",\"url\":\"https:\/\/shedcoliving.com\/vilnius\/wp-content\/uploads\/2024\/12\/logo-black.svg\",\"contentUrl\":\"https:\/\/shedcoliving.com\/vilnius\/wp-content\/uploads\/2024\/12\/logo-black.svg\",\"width\":937,\"height\":347,\"caption\":\"Shed Co-living\"},\"image\":{\"@id\":\"https:\/\/shedcoliving.com\/vilnius\/#\/schema\/logo\/image\/\"},\"sameAs\":[\"https:\/\/www.facebook.com\/shedcolivingvilnius\/\",\"https:\/\/www.instagram.com\/shed_vilnius\/\"]}]}<\/script>\n<!-- \/ Yoast SEO plugin. -->","yoast_head_json":{"title":"Ofertas en Vilna - SHED Co-living","description":"\u00a1Hola, amigo! \u00a1SHED Co-living tiene algunas ofertas especiales para ti! \u00a1Consigue un descuento \u00fanico de entre 50 y 100 \u20ac por realizar una de estas sencillas acciones!\u00a0","robots":{"index":"index","follow":"follow","max-snippet":"max-snippet:-1","max-image-preview":"max-image-preview:large","max-video-preview":"max-video-preview:-1"},"canonical":"https:\/\/shedcoliving.com\/vilnius\/es\/ofertas-en-vilna\/","og_locale":"es_ES","og_type":"article","og_title":"Ofertas en Vilna - SHED Co-living","og_description":"\u00a1Hola, amigo! \u00a1SHED Co-living tiene algunas ofertas especiales para ti! \u00a1Consigue un descuento \u00fanico de entre 50 y 100 \u20ac por realizar una de estas sencillas acciones!\u00a0","og_url":"https:\/\/shedcoliving.com\/vilnius\/es\/ofertas-en-vilna\/","og_site_name":"SHED Co-living","article_publisher":"https:\/\/www.facebook.com\/shedcolivingvilnius\/","article_modified_time":"2026-04-28T06:16:12+00:00","og_image":[{"width":1536,"height":2048,"url":"https:\/\/shedcoliving.com\/vilnius\/wp-content\/uploads\/2024\/12\/unnamed-6-scaled-1.jpg","type":"image\/jpeg"}],"twitter_card":"summary_large_image","twitter_misc":{"Tiempo de lectura":"2 minutos"},"schema":{"@context":"https:\/\/schema.org","@graph":[{"@type":"WebPage","@id":"https:\/\/shedcoliving.com\/vilnius\/es\/ofertas-en-vilna\/","url":"https:\/\/shedcoliving.com\/vilnius\/es\/ofertas-en-vilna\/","name":"Ofertas en Vilna - SHED Co-living","isPartOf":{"@id":"https:\/\/shedcoliving.com\/vilnius\/#website"},"primaryImageOfPage":{"@id":"https:\/\/shedcoliving.com\/vilnius\/es\/ofertas-en-vilna\/#primaryimage"},"image":{"@id":"https:\/\/shedcoliving.com\/vilnius\/es\/ofertas-en-vilna\/#primaryimage"},"thumbnailUrl":"https:\/\/shedcoliving.com\/vilnius\/wp-content\/uploads\/2024\/12\/unnamed-6-scaled-1-768x1024.jpg","datePublished":"2024-11-15T13:06:20+00:00","dateModified":"2026-04-28T06:16:12+00:00","description":"\u00a1Hola, amigo! \u00a1SHED Co-living tiene algunas ofertas especiales para ti! \u00a1Consigue un descuento \u00fanico de entre 50 y 100 \u20ac por realizar una de estas sencillas acciones!\u00a0","breadcrumb":{"@id":"https:\/\/shedcoliving.com\/vilnius\/es\/ofertas-en-vilna\/#breadcrumb"},"inLanguage":"es","potentialAction":[{"@type":"ReadAction","target":["https:\/\/shedcoliving.com\/vilnius\/es\/ofertas-en-vilna\/"]}]},{"@type":"ImageObject","inLanguage":"es","@id":"https:\/\/shedcoliving.com\/vilnius\/es\/ofertas-en-vilna\/#primaryimage","url":"https:\/\/shedcoliving.com\/vilnius\/wp-content\/uploads\/2024\/12\/unnamed-6-scaled-1-768x1024.jpg","contentUrl":"https:\/\/shedcoliving.com\/vilnius\/wp-content\/uploads\/2024\/12\/unnamed-6-scaled-1-768x1024.jpg"},{"@type":"BreadcrumbList","@id":"https:\/\/shedcoliving.com\/vilnius\/es\/ofertas-en-vilna\/#breadcrumb","itemListElement":[{"@type":"ListItem","position":1,"name":"Home","item":"https:\/\/shedcoliving.com\/vilnius\/es\/"},{"@type":"ListItem","position":2,"name":"Ofertas en Vilna"}]},{"@type":"WebSite","@id":"https:\/\/shedcoliving.com\/vilnius\/#website","url":"https:\/\/shedcoliving.com\/vilnius\/","name":"SHED Co-living","description":"Build a new version of yourself!","publisher":{"@id":"https:\/\/shedcoliving.com\/vilnius\/#organization"},"potentialAction":[{"@type":"SearchAction","target":{"@type":"EntryPoint","urlTemplate":"https:\/\/shedcoliving.com\/vilnius\/?s={search_term_string}"},"query-input":{"@type":"PropertyValueSpecification","valueRequired":true,"valueName":"search_term_string"}}],"inLanguage":"es"},{"@type":"Organization","@id":"https:\/\/shedcoliving.com\/vilnius\/#organization","name":"Shed Co-living","url":"https:\/\/shedcoliving.com\/vilnius\/","logo":{"@type":"ImageObject","inLanguage":"es","@id":"https:\/\/shedcoliving.com\/vilnius\/#\/schema\/logo\/image\/","url":"https:\/\/shedcoliving.com\/vilnius\/wp-content\/uploads\/2024\/12\/logo-black.svg","contentUrl":"https:\/\/shedcoliving.com\/vilnius\/wp-content\/uploads\/2024\/12\/logo-black.svg","width":937,"height":347,"caption":"Shed Co-living"},"image":{"@id":"https:\/\/shedcoliving.com\/vilnius\/#\/schema\/logo\/image\/"},"sameAs":["https:\/\/www.facebook.com\/shedcolivingvilnius\/","https:\/\/www.instagram.com\/shed_vilnius\/"]}]}},"_links":{"self":[{"href":"https:\/\/shedcoliving.com\/vilnius\/es\/wp-json\/wp\/v2\/pages\/16728","targetHints":{"allow":["GET"]}}],"collection":[{"href":"https:\/\/shedcoliving.com\/vilnius\/es\/wp-json\/wp\/v2\/pages"}],"about":[{"href":"https:\/\/shedcoliving.com\/vilnius\/es\/wp-json\/wp\/v2\/types\/page"}],"author":[{"embeddable":true,"href":"https:\/\/shedcoliving.com\/vilnius\/es\/wp-json\/wp\/v2\/users\/1"}],"replies":[{"embeddable":true,"href":"https:\/\/shedcoliving.com\/vilnius\/es\/wp-json\/wp\/v2\/comments?post=16728"}],"version-history":[{"count":2,"href":"https:\/\/shedcoliving.com\/vilnius\/es\/wp-json\/wp\/v2\/pages\/16728\/revisions"}],"predecessor-version":[{"id":16865,"href":"https:\/\/shedcoliving.com\/vilnius\/es\/wp-json\/wp\/v2\/pages\/16728\/revisions\/16865"}],"wp:attachment":[{"href":"https:\/\/shedcoliving.com\/vilnius\/es\/wp-json\/wp\/v2\/media?parent=16728"}],"curies":[{"name":"wp","href":"https:\/\/api.w.org\/{rel}","templated":true}]}}