{"id":16741,"date":"2024-11-12T09:47:05","date_gmt":"2024-11-12T09:47:05","guid":{"rendered":"https:\/\/shedcoliving.com\/vilnius\/terms-of-use\/"},"modified":"2026-04-10T15:59:20","modified_gmt":"2026-04-10T15:59:20","slug":"terms-of-use","status":"publish","type":"page","link":"https:\/\/shedcoliving.com\/vilnius\/es\/terms-of-use\/","title":{"rendered":"T\u00e9rminos y condiciones"},"content":{"rendered":"\n<p>T\u00e9rminos y condiciones en <a href=\"https:\/\/shedcoliving.com\/vilnius\/es\/?page_id=17&#038;page_id=16741\">Lithuanian language<\/a><\/p>\n\n\n\n<div style=\"height:16px\" aria-hidden=\"true\" class=\"wp-block-spacer\"><\/div>\n\n\n\n<p>Condiciones de uso del sitio web <a href=\"https:\/\/shedcoliving.com\/vilnius\/es\/\">www.shedcoliving.com<\/a><\/p>\n\n\n\n<div style=\"height:16px\" aria-hidden=\"true\" class=\"wp-block-spacer\"><\/div>\n\n\n\n<p>Fecha de entrada en vigor: 1 de enero de 2025<\/p>\n\n\n\n<p>Le rogamos que lea atentamente estos T\u00e9rminos del sitio web www.shedcoliving.com (\u201cT\u00e9rminos\u201d) antes de realizar la reserva de una habitaci\u00f3n a trav\u00e9s del sitio web https:\/\/shedcoliving.com\/ (\u201cSitio web\u201d), operado por SIA \u201cJ12\u201d (c\u00f3digo de entidad jur\u00eddica 40203133168, direcci\u00f3n: Jelgavas iela 8, Riga, Letonia), junto con nuestra Pol\u00edtica de privacidad, las Normas de orden interno del complejo de alojamiento \u201cSHED Co-living\u201d (\u201cNormas\u201d) y cualquier otra informaci\u00f3n escrita que hayamos puesto en su conocimiento antes de realizar la reserva de una habitaci\u00f3n en \u201cSHED Co-living\u201d (\u201cReserva\u201d) y de celebrar el Contrato de prestaci\u00f3n de servicios de alojamiento (\u201cContrato\u201d).<\/p>\n\n\n\n<p>En estos T\u00e9rminos, las referencias al \u201cUsuario\u201d, \u201custed\u201d y \u201csu\u201d incluyen a la primera persona nombrada en la Reserva y a todas las personas en cuyo nombre se realiza la reserva.<\/p>\n\n\n\n<p>La posibilidad de realizar una Reserva est\u00e1 condicionada a su aceptaci\u00f3n y cumplimiento de estos T\u00e9rminos. Estos T\u00e9rminos se aplican a todos los visitantes, usuarios y dem\u00e1s personas que realicen una Reserva. Si incumple estos T\u00e9rminos, dejar\u00e1 de estar autorizado para realizar la Reserva.<\/p>\n\n\n\n<p>Al realizar la Reserva, usted acepta quedar vinculado por estos T\u00e9rminos. Si no est\u00e1 de acuerdo con alguna parte de los T\u00e9rminos, no podr\u00e1 utilizar nuestros servicios ni realizar la Reserva.<\/p>\n\n\n\n<p>Nuestra Pol\u00edtica de privacidad describe c\u00f3mo tratamos los datos personales que usted nos proporciona cuando realiza la Reserva. Usted entiende que, mediante el uso de nuestros servicios, consiente la recogida y el uso de dichos datos personales (tal como se establece en la Pol\u00edtica de privacidad).<\/p>\n\n\n\n<ol class=\"wp-block-list\">\n<li>RESERVA<\/li>\n<\/ol>\n\n\n\n<p>Antes de presentar la solicitud de Reserva y de celebrar el Contrato, el Usuario deber\u00e1 confirmar que cumple las siguientes condiciones y ser\u00e1 responsable de su cumplimiento durante la Reserva:<\/p>\n\n\n\n<p>El Usuario es una persona f\u00edsica que ha cumplido al menos 18 a\u00f1os, indicando su nombre, apellidos, pa\u00eds de residencia, direcci\u00f3n de correo electr\u00f3nico, n\u00famero de tel\u00e9fono, per\u00edodo de estancia solicitado, tipo de habitaci\u00f3n, motivo de la estancia, informaci\u00f3n sobre si el Usuario es estudiante Erasmus\/de intercambio o estudiante a tiempo completo, as\u00ed como el a\u00f1o de estudios (si procede);<\/p>\n\n\n\n<p>El Usuario dispone de una cuenta bancaria abierta;<\/p>\n\n\n\n<p>La capacidad de obrar del Usuario no ha sido restringida por sentencia judicial;<\/p>\n\n\n\n<p>El Usuario tiene plena capacidad legal para actuar y no se encuentra bajo la influencia del alcohol, sustancias narc\u00f3ticas, psicotr\u00f3picas o t\u00f3xicas, ni de otros estupefacientes;<\/p>\n\n\n\n<p>El Usuario es el beneficiario real de los servicios de alojamiento, salvo que se indique lo contrario durante la Reserva;<\/p>\n\n\n\n<p>El Usuario reservar\u00e1 la habitaci\u00f3n presentando la solicitud de Reserva disponible en el Sitio web, aceptando estos T\u00e9rminos, as\u00ed como el Contrato, las Normas y la Pol\u00edtica de privacidad.<\/p>\n\n\n\n<ol start=\"2\" class=\"wp-block-list\">\n<li>PAGOS<\/li>\n<\/ol>\n\n\n\n<p>Para completar la Reserva y celebrar el Contrato con nosotros, deber\u00e1 realizar un pago de dep\u00f3sito cuyo importe se especifica en el formulario de solicitud de reserva. Una vez presentada la solicitud de Reserva, ser\u00e1 redirigido a su banco para efectuar dicho pago. El pago del dep\u00f3sito puede realizarse mediante transferencia bancaria o tarjeta de cr\u00e9dito (Visa, Mastercard). Utilizamos el proveedor de servicios de pago PaySera (https:\/\/www.paysera.lt\/).<\/p>\n\n\n\n<p>Una vez abonado el dep\u00f3sito requerido, el Contrato se generar\u00e1 autom\u00e1ticamente y tambi\u00e9n se enviar\u00e1 a la direcci\u00f3n de correo electr\u00f3nico que haya indicado durante el proceso de Reserva para su firma en l\u00ednea.<\/p>\n\n\n\n<p>Si por cualquier motivo no puede llegar al Objeto de alojamiento en la fecha establecida, podremos ampliar el plazo de la reserva de la Habitaci\u00f3n previa solicitud escrita por su parte, siempre que haya abonado el dep\u00f3sito especificado en la solicitud inicial de reserva de la Habitaci\u00f3n y se haya comprometido por escrito a pagarnos la totalidad del per\u00edodo de reserva de la Habitaci\u00f3n. La tarifa de la reserva de la Habitaci\u00f3n equivale al precio de los servicios de alojamiento de la Habitaci\u00f3n reservada y se calcula proporcionalmente a la duraci\u00f3n de la reserva. La tarifa de la reserva de la Habitaci\u00f3n deber\u00e1 abonarse en un plazo de 5 (cinco) d\u00edas desde la fecha de emisi\u00f3n de la factura. Si se retrasa en el pago de la tarifa de la reserva de la Habitaci\u00f3n durante m\u00e1s de 3 (tres) d\u00edas, a partir del cuarto d\u00eda de retraso tendremos derecho a cancelar unilateralmente la reserva de la Habitaci\u00f3n sin previo aviso adicional.<\/p>\n\n\n\n<ol start=\"3\" class=\"wp-block-list\">\n<li>POL\u00cdTICA DE CANCELACI\u00d3N<\/li>\n<\/ol>\n\n\n\n<p>La Reserva podr\u00e1 ser cancelada por el Usuario antes de que se haya efectuado el pago del dep\u00f3sito. En este caso no se cobrar\u00e1 ninguna tarifa.<\/p>\n\n\n\n<p>Si la Reserva se cancela despu\u00e9s de haberse efectuado el pago del dep\u00f3sito, dicho dep\u00f3sito no ser\u00e1 reembolsado al Usuario. Si el Residente decide cancelar la reserva de la Habitaci\u00f3n despu\u00e9s de haber pagado el dep\u00f3sito, o si dentro de los 10 (diez) d\u00edas siguientes al inicio de la prestaci\u00f3n de los servicios de alojamiento (establecido durante la reserva en l\u00ednea de una habitaci\u00f3n) no llega al Objeto para alojarse, salvo que las Partes hayan acordado expresamente lo contrario por escrito, se considerar\u00e1 que el Residente ha rescindido el Contrato antes de t\u00e9rmino sin culpa del Proveedor de servicios de alojamiento, y el dep\u00f3sito abonado no ser\u00e1 reembolsado. Conviene informar que la llegada tard\u00eda no afecta a la factura mensual, que se emitir\u00e1 por el mes completo a pesar del check-in tard\u00edo.<\/p>\n\n\n\n<p>En circunstancias excepcionales, podremos vernos obligados a cancelar su Reserva por causa de fuerza mayor o por un acontecimiento fuera de nuestro control. Si esto sucede, se lo notificaremos lo antes posible y: i) si ya ha abonado el dep\u00f3sito, se lo reembolsaremos; o ii) si a\u00fan no ha abonado el dep\u00f3sito, no estar\u00e1 obligado a hacerlo. Lamentamos no poder asumir los gastos o p\u00e9rdidas que pueda sufrir como consecuencia de dicha cancelaci\u00f3n por nuestra parte debido a fuerza mayor o a un acontecimiento fuera de nuestro control. A efectos de esta cl\u00e1usula, fuerza mayor significa cualquier acontecimiento que, incluso actuando con toda la diligencia debida, no pudi\u00e9ramos prever ni evitar y como resultado del cual no podamos proporcionarle la habitaci\u00f3n.<\/p>\n\n\n\n<ol start=\"4\" class=\"wp-block-list\">\n<li>RESPONSABILIDAD<\/li>\n<\/ol>\n\n\n\n<p>Usted es plenamente responsable de sus actividades en el Sitio web (econ\u00f3micas o de otro tipo). Usted garantiza que la informaci\u00f3n que introduce en el Sitio web en relaci\u00f3n con su persona es exacta. Ser\u00e1 responsable si dicha informaci\u00f3n es fraudulenta o incorrecta.<\/p>\n\n\n\n<p>Cualquier uso del Sitio web que sea fraudulento o contrario a estos T\u00e9rminos constituir\u00e1 motivo para denegar al Usuario el acceso al servicio ofrecido por nosotros o a otras funcionalidades del Sitio web. Si usted incumple estos T\u00e9rminos, no seremos responsables de ninguna p\u00e9rdida que haya sufrido como consecuencia de ello.<\/p>\n\n\n\n<p>No seremos responsables del uso que usted haga del Sitio web, salvo que haya sufrido una p\u00e9rdida material debido a nuestras acciones directas. Quedaremos exentos de responsabilidad en virtud de esta cl\u00e1usula si demostramos que no somos en modo alguno responsables del hecho que dio lugar a la p\u00e9rdida. En ning\u00fan caso seremos responsables de p\u00e9rdidas indirectas, fuerza mayor o acontecimientos fuera de nuestro control.<\/p>\n\n\n\n<ol start=\"5\" class=\"wp-block-list\">\n<li>DERECHOS DE PROPIEDAD INTELECTUAL<\/li>\n<\/ol>\n\n\n\n<p>Todos los derechos del Sitio web (marcas comerciales, contenido, etc.) nos pertenecen y, al utilizar nuestro Sitio web, usted acepta hacerlo \u00fanicamente para su finalidad prevista y respetando las condiciones establecidas en estos T\u00e9rminos.<\/p>\n\n\n\n<p>El contenido original, las caracter\u00edsticas y la funcionalidad de nuestro Sitio web nos pertenecen y est\u00e1n protegidos por la legislaci\u00f3n europea e internacional en materia de derechos de autor, marcas comerciales, patentes, secretos comerciales y otros derechos de propiedad intelectual o de propiedad. Por lo tanto, al aceptar estos T\u00e9rminos, usted se compromete a no copiar, modificar, crear obras derivadas, exhibir p\u00fablicamente, ejecutar p\u00fablicamente ni republicar ninguno de nuestros materiales protegidos por derechos de autor sin nuestro consentimiento expreso por escrito.<\/p>\n\n\n\n<ol start=\"6\" class=\"wp-block-list\">\n<li>TERMINACI\u00d3N<\/li>\n<\/ol>\n\n\n\n<p>Podremos dar por terminado o suspender su acceso a nuestros servicios de forma inmediata, sin previo aviso ni responsabilidad alguna, por cualquier motivo, incluyendo, entre otros, el incumplimiento de estos T\u00e9rminos.<\/p>\n\n\n\n<p>Todas las disposiciones de los T\u00e9rminos que, por su naturaleza, deban subsistir tras la terminaci\u00f3n seguir\u00e1n vigentes tras ella, incluidas, entre otras, las disposiciones relativas a la propiedad, las exenciones de garant\u00eda, la indemnizaci\u00f3n y las limitaciones de responsabilidad.<\/p>\n\n\n\n<ol start=\"7\" class=\"wp-block-list\">\n<li>LEY APLICABLE<\/li>\n<\/ol>\n\n\n\n<p>Estos T\u00e9rminos se regir\u00e1n e interpretar\u00e1n de conformidad con las leyes del pa\u00eds en el que se encuentre el Objeto del Contrato, sin tener en cuenta sus disposiciones sobre conflictos de leyes.<\/p>\n\n\n\n<p>El hecho de que no hagamos valer alg\u00fan derecho o disposici\u00f3n de estos T\u00e9rminos no se considerar\u00e1 una renuncia a dichos derechos. Si alguna disposici\u00f3n de estos T\u00e9rminos fuera declarada inv\u00e1lida o inaplicable por un tribunal, las restantes disposiciones seguir\u00e1n en vigor.<\/p>\n\n\n\n<ol start=\"8\" class=\"wp-block-list\">\n<li>CAMBIOS<\/li>\n<\/ol>\n\n\n\n<p>Nos reservamos el derecho, a nuestra entera discreci\u00f3n, de modificar o sustituir estos T\u00e9rminos en cualquier momento. Haremos esfuerzos razonables para informarle de dichos cambios. Las notificaciones de cambios podr\u00e1n realizarse public\u00e1ndolos en nuestro Sitio web. Usted deber\u00e1 revisar peri\u00f3dicamente si existen cambios en nuestro Sitio web. El uso continuado de nuestros servicios tras dichos cambios significa que usted acepta y est\u00e1 de acuerdo con los mismos.<\/p>\n\n\n\n<ol start=\"9\" class=\"wp-block-list\">\n<li>CONTACTO<\/li>\n<\/ol>\n\n\n\n<p>Si tiene alguna pregunta sobre estos T\u00e9rminos, p\u00f3ngase en contacto con nosotros en riga@shedcoliving.com.<\/p>\n\n\n\n<p>Los T\u00e9rminos de uso se redactar\u00e1n en let\u00f3n e ingl\u00e9s. En caso de discrepancias entre los idiomas, prevalecer\u00e1 el idioma del pa\u00eds en el que se encuentre el Objeto al que se apliquen los T\u00e9rminos de uso.<\/p>\n\n\n\n<p>*El complejo de alojamiento \u201cSHED Co-living Vilnius\u201d comprende: (i) la residencia de estudiantes \u201cSHED Vilnius\u201d, ubicada en Santaros str. 3, Vilnius, Lituania, gestionada por SHED Vilnius, UAB, c\u00f3digo de empresa 306070275, correo electr\u00f3nico: vilnius@shedcoliving.com, tel. +370 657 88805, y (ii) \u201cSHED Co-living Riga\u201d, ubicada en Jelgavas iela 8\/12, Riga, Letonia, gestionada por SIA \u201cJ12\u201d, c\u00f3digo de empresa 40203133168, correo electr\u00f3nico: riga@shedcoliving.com.<\/p>\n\n\n\n<div style=\"height:24px\" aria-hidden=\"true\" class=\"wp-block-spacer\"><\/div>\n","protected":false},"excerpt":{"rendered":"<p>T\u00e9rminos y condiciones en Lithuanian language Condiciones de uso del sitio web www.shedcoliving.com Fecha de entrada en vigor: 1 de enero de 2025 Le rogamos que lea atentamente estos T\u00e9rminos del sitio web www.shedcoliving.com (\u201cT\u00e9rminos\u201d) antes de realizar la reserva de una habitaci\u00f3n a trav\u00e9s del sitio web https:\/\/shedcoliving.com\/ (\u201cSitio web\u201d), operado por SIA \u201cJ12\u201d [&hellip;]<\/p>\n","protected":false},"author":1,"featured_media":0,"parent":0,"menu_order":0,"comment_status":"closed","ping_status":"closed","template":"template-policy.php","meta":{"_acf_changed":false,"inline_featured_image":false,"footnotes":""},"class_list":["post-16741","page","type-page","status-publish","hentry"],"acf":[],"yoast_head":"<!-- This site is optimized with the Yoast SEO plugin v27.2 - https:\/\/yoast.com\/product\/yoast-seo-wordpress\/ -->\n<title>T\u00e9rminos y condiciones - SHED Co-living<\/title>\n<meta name=\"robots\" content=\"index, follow, max-snippet:-1, max-image-preview:large, max-video-preview:-1\" \/>\n<link rel=\"canonical\" href=\"https:\/\/shedcoliving.com\/vilnius\/es\/terms-of-use\/\" \/>\n<meta property=\"og:locale\" content=\"es_ES\" \/>\n<meta property=\"og:type\" content=\"article\" \/>\n<meta property=\"og:title\" content=\"T\u00e9rminos y condiciones - SHED Co-living\" \/>\n<meta property=\"og:description\" content=\"T\u00e9rminos y condiciones en Lithuanian language Condiciones de uso del sitio web www.shedcoliving.com Fecha de entrada en vigor: 1 de enero de 2025 Le rogamos que lea atentamente estos T\u00e9rminos del sitio web www.shedcoliving.com (\u201cT\u00e9rminos\u201d) antes de realizar la reserva de una habitaci\u00f3n a trav\u00e9s del sitio web https:\/\/shedcoliving.com\/ (\u201cSitio web\u201d), operado por SIA \u201cJ12\u201d [&hellip;]\" \/>\n<meta property=\"og:url\" content=\"https:\/\/shedcoliving.com\/vilnius\/es\/terms-of-use\/\" \/>\n<meta property=\"og:site_name\" content=\"SHED Co-living\" \/>\n<meta property=\"article:publisher\" content=\"https:\/\/www.facebook.com\/shedcolivingvilnius\/\" \/>\n<meta property=\"article:modified_time\" content=\"2026-04-10T15:59:20+00:00\" \/>\n<meta property=\"og:image\" content=\"https:\/\/shedcoliving.com\/vilnius\/wp-content\/uploads\/2024\/12\/shedcoliving-facebook-og-image.png\" \/>\n\t<meta property=\"og:image:width\" content=\"2048\" \/>\n\t<meta property=\"og:image:height\" content=\"1075\" \/>\n\t<meta property=\"og:image:type\" content=\"image\/png\" \/>\n<meta name=\"twitter:card\" content=\"summary_large_image\" \/>\n<meta name=\"twitter:label1\" content=\"Tiempo de lectura\" \/>\n\t<meta name=\"twitter:data1\" content=\"8 minutos\" \/>\n<script type=\"application\/ld+json\" class=\"yoast-schema-graph\">{\"@context\":\"https:\/\/schema.org\",\"@graph\":[{\"@type\":\"WebPage\",\"@id\":\"https:\/\/shedcoliving.com\/vilnius\/es\/terms-of-use\/\",\"url\":\"https:\/\/shedcoliving.com\/vilnius\/es\/terms-of-use\/\",\"name\":\"T\u00e9rminos y condiciones - SHED Co-living\",\"isPartOf\":{\"@id\":\"https:\/\/shedcoliving.com\/vilnius\/#website\"},\"datePublished\":\"2024-11-12T09:47:05+00:00\",\"dateModified\":\"2026-04-10T15:59:20+00:00\",\"breadcrumb\":{\"@id\":\"https:\/\/shedcoliving.com\/vilnius\/es\/terms-of-use\/#breadcrumb\"},\"inLanguage\":\"es\",\"potentialAction\":[{\"@type\":\"ReadAction\",\"target\":[\"https:\/\/shedcoliving.com\/vilnius\/es\/terms-of-use\/\"]}]},{\"@type\":\"BreadcrumbList\",\"@id\":\"https:\/\/shedcoliving.com\/vilnius\/es\/terms-of-use\/#breadcrumb\",\"itemListElement\":[{\"@type\":\"ListItem\",\"position\":1,\"name\":\"Home\",\"item\":\"https:\/\/shedcoliving.com\/vilnius\/es\/\"},{\"@type\":\"ListItem\",\"position\":2,\"name\":\"T\u00e9rminos y condiciones\"}]},{\"@type\":\"WebSite\",\"@id\":\"https:\/\/shedcoliving.com\/vilnius\/#website\",\"url\":\"https:\/\/shedcoliving.com\/vilnius\/\",\"name\":\"SHED Co-living\",\"description\":\"Build a new version of yourself!\",\"publisher\":{\"@id\":\"https:\/\/shedcoliving.com\/vilnius\/#organization\"},\"potentialAction\":[{\"@type\":\"SearchAction\",\"target\":{\"@type\":\"EntryPoint\",\"urlTemplate\":\"https:\/\/shedcoliving.com\/vilnius\/?s={search_term_string}\"},\"query-input\":{\"@type\":\"PropertyValueSpecification\",\"valueRequired\":true,\"valueName\":\"search_term_string\"}}],\"inLanguage\":\"es\"},{\"@type\":\"Organization\",\"@id\":\"https:\/\/shedcoliving.com\/vilnius\/#organization\",\"name\":\"Shed Co-living\",\"url\":\"https:\/\/shedcoliving.com\/vilnius\/\",\"logo\":{\"@type\":\"ImageObject\",\"inLanguage\":\"es\",\"@id\":\"https:\/\/shedcoliving.com\/vilnius\/#\/schema\/logo\/image\/\",\"url\":\"https:\/\/shedcoliving.com\/vilnius\/wp-content\/uploads\/2024\/12\/logo-black.svg\",\"contentUrl\":\"https:\/\/shedcoliving.com\/vilnius\/wp-content\/uploads\/2024\/12\/logo-black.svg\",\"width\":937,\"height\":347,\"caption\":\"Shed Co-living\"},\"image\":{\"@id\":\"https:\/\/shedcoliving.com\/vilnius\/#\/schema\/logo\/image\/\"},\"sameAs\":[\"https:\/\/www.facebook.com\/shedcolivingvilnius\/\",\"https:\/\/www.instagram.com\/shed_vilnius\/\"]}]}<\/script>\n<!-- \/ Yoast SEO plugin. -->","yoast_head_json":{"title":"T\u00e9rminos y condiciones - SHED Co-living","robots":{"index":"index","follow":"follow","max-snippet":"max-snippet:-1","max-image-preview":"max-image-preview:large","max-video-preview":"max-video-preview:-1"},"canonical":"https:\/\/shedcoliving.com\/vilnius\/es\/terms-of-use\/","og_locale":"es_ES","og_type":"article","og_title":"T\u00e9rminos y condiciones - SHED Co-living","og_description":"T\u00e9rminos y condiciones en Lithuanian language Condiciones de uso del sitio web www.shedcoliving.com Fecha de entrada en vigor: 1 de enero de 2025 Le rogamos que lea atentamente estos T\u00e9rminos del sitio web www.shedcoliving.com (\u201cT\u00e9rminos\u201d) antes de realizar la reserva de una habitaci\u00f3n a trav\u00e9s del sitio web https:\/\/shedcoliving.com\/ (\u201cSitio web\u201d), operado por SIA \u201cJ12\u201d [&hellip;]","og_url":"https:\/\/shedcoliving.com\/vilnius\/es\/terms-of-use\/","og_site_name":"SHED Co-living","article_publisher":"https:\/\/www.facebook.com\/shedcolivingvilnius\/","article_modified_time":"2026-04-10T15:59:20+00:00","og_image":[{"width":2048,"height":1075,"url":"https:\/\/shedcoliving.com\/vilnius\/wp-content\/uploads\/2024\/12\/shedcoliving-facebook-og-image.png","type":"image\/png"}],"twitter_card":"summary_large_image","twitter_misc":{"Tiempo de lectura":"8 minutos"},"schema":{"@context":"https:\/\/schema.org","@graph":[{"@type":"WebPage","@id":"https:\/\/shedcoliving.com\/vilnius\/es\/terms-of-use\/","url":"https:\/\/shedcoliving.com\/vilnius\/es\/terms-of-use\/","name":"T\u00e9rminos y condiciones - SHED Co-living","isPartOf":{"@id":"https:\/\/shedcoliving.com\/vilnius\/#website"},"datePublished":"2024-11-12T09:47:05+00:00","dateModified":"2026-04-10T15:59:20+00:00","breadcrumb":{"@id":"https:\/\/shedcoliving.com\/vilnius\/es\/terms-of-use\/#breadcrumb"},"inLanguage":"es","potentialAction":[{"@type":"ReadAction","target":["https:\/\/shedcoliving.com\/vilnius\/es\/terms-of-use\/"]}]},{"@type":"BreadcrumbList","@id":"https:\/\/shedcoliving.com\/vilnius\/es\/terms-of-use\/#breadcrumb","itemListElement":[{"@type":"ListItem","position":1,"name":"Home","item":"https:\/\/shedcoliving.com\/vilnius\/es\/"},{"@type":"ListItem","position":2,"name":"T\u00e9rminos y condiciones"}]},{"@type":"WebSite","@id":"https:\/\/shedcoliving.com\/vilnius\/#website","url":"https:\/\/shedcoliving.com\/vilnius\/","name":"SHED Co-living","description":"Build a new version of yourself!","publisher":{"@id":"https:\/\/shedcoliving.com\/vilnius\/#organization"},"potentialAction":[{"@type":"SearchAction","target":{"@type":"EntryPoint","urlTemplate":"https:\/\/shedcoliving.com\/vilnius\/?s={search_term_string}"},"query-input":{"@type":"PropertyValueSpecification","valueRequired":true,"valueName":"search_term_string"}}],"inLanguage":"es"},{"@type":"Organization","@id":"https:\/\/shedcoliving.com\/vilnius\/#organization","name":"Shed Co-living","url":"https:\/\/shedcoliving.com\/vilnius\/","logo":{"@type":"ImageObject","inLanguage":"es","@id":"https:\/\/shedcoliving.com\/vilnius\/#\/schema\/logo\/image\/","url":"https:\/\/shedcoliving.com\/vilnius\/wp-content\/uploads\/2024\/12\/logo-black.svg","contentUrl":"https:\/\/shedcoliving.com\/vilnius\/wp-content\/uploads\/2024\/12\/logo-black.svg","width":937,"height":347,"caption":"Shed Co-living"},"image":{"@id":"https:\/\/shedcoliving.com\/vilnius\/#\/schema\/logo\/image\/"},"sameAs":["https:\/\/www.facebook.com\/shedcolivingvilnius\/","https:\/\/www.instagram.com\/shed_vilnius\/"]}]}},"_links":{"self":[{"href":"https:\/\/shedcoliving.com\/vilnius\/es\/wp-json\/wp\/v2\/pages\/16741","targetHints":{"allow":["GET"]}}],"collection":[{"href":"https:\/\/shedcoliving.com\/vilnius\/es\/wp-json\/wp\/v2\/pages"}],"about":[{"href":"https:\/\/shedcoliving.com\/vilnius\/es\/wp-json\/wp\/v2\/types\/page"}],"author":[{"embeddable":true,"href":"https:\/\/shedcoliving.com\/vilnius\/es\/wp-json\/wp\/v2\/users\/1"}],"replies":[{"embeddable":true,"href":"https:\/\/shedcoliving.com\/vilnius\/es\/wp-json\/wp\/v2\/comments?post=16741"}],"version-history":[{"count":2,"href":"https:\/\/shedcoliving.com\/vilnius\/es\/wp-json\/wp\/v2\/pages\/16741\/revisions"}],"predecessor-version":[{"id":16744,"href":"https:\/\/shedcoliving.com\/vilnius\/es\/wp-json\/wp\/v2\/pages\/16741\/revisions\/16744"}],"wp:attachment":[{"href":"https:\/\/shedcoliving.com\/vilnius\/es\/wp-json\/wp\/v2\/media?parent=16741"}],"curies":[{"name":"wp","href":"https:\/\/api.w.org\/{rel}","templated":true}]}}