{"id":16745,"date":"2024-11-12T09:41:28","date_gmt":"2024-11-12T09:41:28","guid":{"rendered":"https:\/\/shedcoliving.com\/vilnius\/privacy-policy-2\/"},"modified":"2026-04-10T16:04:59","modified_gmt":"2026-04-10T16:04:59","slug":"privacy-policy-2","status":"publish","type":"page","link":"https:\/\/shedcoliving.com\/vilnius\/es\/privacy-policy-2\/","title":{"rendered":"Pol\u00edtica de privacidad"},"content":{"rendered":"\n<p>Pol\u00edtica de privacidad en <a href=\"https:\/\/shedcoliving.com\/vilnius\/es\/?page_id=17&#038;page_id=16745\">Lithuanian language<\/a><\/p>\n\n\n\n<div style=\"height:24px\" aria-hidden=\"true\" class=\"wp-block-spacer\"><\/div>\n\n\n\n<p>Fecha de entrada en vigor: 1 de febrero de 2023<\/p>\n\n\n\n<p>UAB \u201cSHED Vilnius\u201d (\u201cEmpresa\u201d) es el responsable del tratamiento de los datos personales que usted nos proporciona. Operamos el sitio web www.shedcoliving.com (\u201cSitio web\u201d) para proporcionar a nuestros usuarios (\u201custed\u201d y \u201csu\u201d) informaci\u00f3n sobre nuestros servicios (\u201cServicios\u201d).<\/p>\n\n\n\n<p>Aqu\u00ed describimos c\u00f3mo recopilamos, utilizamos y tratamos su informaci\u00f3n cuando utiliza nuestro Sitio web. Al utilizar los Servicios, usted acepta la recopilaci\u00f3n y el uso de la informaci\u00f3n de acuerdo con esta Pol\u00edtica de privacidad.<\/p>\n\n\n\n<p>Al tratar sus datos, cumplimos con el Reglamento (UE) 2016\/679 del Parlamento Europeo y del Consejo, de 27 de abril de 2016, relativo a la protecci\u00f3n de las personas f\u00edsicas en lo que respecta al tratamiento de datos personales y a la libre circulaci\u00f3n de dichos datos, y por el que se deroga la Directiva 95\/46\/CE (Reglamento General de Protecci\u00f3n de Datos) (\u201cRGPD\u201d), as\u00ed como con otras leyes aplicables en materia de protecci\u00f3n de datos.<\/p>\n\n\n\n<p>Tenga en cuenta que esta Pol\u00edtica de privacidad se aplica \u00fanicamente al Sitio web. Este Sitio web puede contener enlaces a otros sitios web que no son operados ni controlados por nosotros. Los enlaces desde este Sitio web no implican que respaldemos o hayamos revisado dichos sitios web de terceros.<\/p>\n\n\n\n<p>I. Informaci\u00f3n sobre nosotros (responsables del tratamiento de datos):<\/p>\n\n\n\n<p>UAB SHED Vilnius<\/p>\n\n\n\n<p>N.\u00ba de registro: 306070275<\/p>\n\n\n\n<p>Direcci\u00f3n registrada: Rasu street 9, Vilnius, Lituania<\/p>\n\n\n\n<p>Correo electr\u00f3nico: vilnius@shedcoliving.com<\/p>\n\n\n\n<p>II. Informaci\u00f3n sobre el delegado de protecci\u00f3n de datos:<\/p>\n\n\n\n<p>No se ha designado un delegado de protecci\u00f3n de datos.<\/p>\n\n\n\n<p>III. \u00bfQu\u00e9 informaci\u00f3n recopilamos?<\/p>\n\n\n\n<p>Recopilamos y utilizamos la siguiente informaci\u00f3n:<\/p>\n\n\n\n<ol class=\"wp-block-list\">\n<li>Datos personales<\/li>\n<\/ol>\n\n\n\n<p>Cuando utiliza nuestro Sitio web, podemos recopilar cierta informaci\u00f3n personal identificable sobre usted (\u201cDatos personales\u201d), es decir, cuando proporciona voluntariamente dicha informaci\u00f3n, por ejemplo, al utilizar nuestros Servicios, ponerse en contacto con nosotros con consultas, etc. Siempre que recopilamos Datos personales proporcionamos un enlace a esta Pol\u00edtica de privacidad.<\/p>\n\n\n\n<ol start=\"2\" class=\"wp-block-list\">\n<li>Datos de uso<\/li>\n<\/ol>\n\n\n\n<p>Tambi\u00e9n podemos recopilar informaci\u00f3n que su navegador env\u00eda cada vez que visita nuestro Sitio web o cuando accede al mismo mediante un dispositivo m\u00f3vil (\u201cDatos de uso\u201d).<\/p>\n\n\n\n<p>Estos Datos de uso pueden incluir informaci\u00f3n como direcciones IP, el tipo de navegador y dispositivo que utiliza, la p\u00e1gina web que visit\u00f3 antes de acceder a nuestro sitio y los identificadores asociados a sus dispositivos.<\/p>\n\n\n\n<p>Cuando accede al Sitio web a trav\u00e9s de un dispositivo m\u00f3vil, estos Datos de uso pueden incluir informaci\u00f3n como el tipo de dispositivo m\u00f3vil que utiliza, el identificador \u00fanico de su dispositivo m\u00f3vil, la direcci\u00f3n IP de su dispositivo m\u00f3vil, el sistema operativo de su dispositivo m\u00f3vil, el tipo de navegador m\u00f3vil que utiliza, identificadores \u00fanicos del dispositivo y otros datos de diagn\u00f3stico.<\/p>\n\n\n\n<p>Tenga en cuenta que dicha informaci\u00f3n, recopilada de forma pasiva mediante diversas tecnolog\u00edas, actualmente no puede utilizarse para identificarle espec\u00edficamente. Este Sitio web puede utilizar dicha informaci\u00f3n y combinarla con otra para, por ejemplo, realizar un seguimiento del n\u00famero total de visitantes de nuestro Sitio web, del n\u00famero de visitantes de cada p\u00e1gina de nuestro Sitio web, de los nombres de dominio de los proveedores de servicios de Internet de nuestros visitantes y de la manera en que nuestros usuarios utilizan e interact\u00faan con los Servicios.<\/p>\n\n\n\n<ol start=\"3\" class=\"wp-block-list\">\n<li>Datos de cookies de seguimiento<\/li>\n<\/ol>\n\n\n\n<p>Utilizamos cookies y tecnolog\u00edas similares de seguimiento para rastrear la actividad en nuestro Sitio web y almacenar cierta informaci\u00f3n. Visite nuestra Pol\u00edtica de cookies para obtener m\u00e1s informaci\u00f3n.<\/p>\n\n\n\n<p>IV. Datos personales recopilados y tratados, fines y bases legales del tratamiento de datos personales, as\u00ed como los plazos de conservaci\u00f3n de los datos personales.<\/p>\n\n\n\n<p>Fines del tratamiento de datos<br>Datos recopilados y tratados<br>Base legal del tratamiento<br>Plazo de conservaci\u00f3n<\/p>\n\n\n\n<p>Para la reserva de una habitaci\u00f3n<br>Nombre<br>Apellido<br>Fecha de nacimiento<br>Direcci\u00f3n<br>G\u00e9nero<br>Correo electr\u00f3nico<br>N\u00famero de tel\u00e9fono<br>Nombre de la universidad y a\u00f1o de estudio<\/p>\n\n\n\n<p>El tratamiento es necesario para la ejecuci\u00f3n de un contrato en el que el interesado es parte o para tomar medidas a petici\u00f3n del interesado antes de celebrar un contrato (art. 6.1.b del RGPD)<\/p>\n\n\n\n<p>10 (diez) a\u00f1os desde la fecha de ejecuci\u00f3n del contrato<\/p>\n\n\n\n<p>Para la gesti\u00f3n de facturaci\u00f3n y otros pagos, cumpliendo las normas contables<br>Nombre<br>Apellido<br>N\u00famero de tarjeta de cr\u00e9dito<br>N\u00famero de cuenta bancaria<\/p>\n\n\n\n<p>El tratamiento es necesario para cumplir una obligaci\u00f3n legal aplicable al responsable del tratamiento (art. 6.1.c del RGPD), es decir, para cumplir una obligaci\u00f3n legal (emisi\u00f3n o conservaci\u00f3n de facturas y otros documentos contables, etc.)<\/p>\n\n\n\n<p>10 (diez) a\u00f1os desde la fecha de ejecuci\u00f3n del contrato<\/p>\n\n\n\n<p>Para la comunicaci\u00f3n a trav\u00e9s del Sitio web, por ejemplo, para responder a una solicitud realizada por el interesado<br>Nombre<br>Correo electr\u00f3nico<\/p>\n\n\n\n<p>El tratamiento es necesario para tomar medidas a petici\u00f3n del interesado antes de celebrar un contrato (art. 6.1.b del RGPD)<\/p>\n\n\n\n<p>1 (un) a\u00f1o desde la fecha de la \u00faltima correspondencia con el interesado<\/p>\n\n\n\n<p>Utilizamos los Datos personales para diversos fines descritos en esta Pol\u00edtica de privacidad. Si proporciona Datos personales por un motivo concreto, podremos utilizarlos en relaci\u00f3n con dicho motivo. Por ejemplo, si se pone en contacto con nosotros por correo electr\u00f3nico, utilizaremos los Datos personales que proporcione para responder a su pregunta o resolver su problema. Asimismo, si proporciona Datos personales para obtener acceso a los Servicios, utilizaremos sus Datos personales para proporcionarle acceso a dichos servicios y supervisar el uso que hace de ellos. Nosotros y nuestras filiales y empresas afiliadas (\u201cEmpresas relacionadas\u201d) tambi\u00e9n podremos utilizar sus Datos personales y otra informaci\u00f3n no identificable personalmente recopilada a trav\u00e9s del Sitio web para ayudarnos a mejorar el contenido y la funcionalidad del Sitio web, comprender mejor a nuestros usuarios y mejorar los Servicios. Nosotros y nuestras Empresas relacionadas podremos utilizar esta informaci\u00f3n para comunicarnos con usted en relaci\u00f3n con los Servicios.<\/p>\n\n\n\n<p>V. \u00bfEst\u00e1 obligado a proporcionarnos Datos personales?<\/p>\n\n\n\n<p>Tenga en cuenta que, para utilizar nuestros Servicios, debe proporcionarnos los Datos personales mencionados anteriormente.<\/p>\n\n\n\n<p>VI. \u00bfDe d\u00f3nde obtenemos sus Datos personales (de d\u00f3nde proceden los datos)?<\/p>\n\n\n\n<p>Recibimos los datos directamente de usted, es decir, cuando proporciona sus Datos personales a trav\u00e9s de nuestro Sitio web.<\/p>\n\n\n\n<p>VII. Transferencia de datos<\/p>\n\n\n\n<p>La informaci\u00f3n que nos proporciona, incluidos los Datos personales, puede transferirse a \u2014y mantenerse en\u2014 ordenadores ubicados fuera de su estado, provincia, pa\u00eds u otra jurisdicci\u00f3n gubernamental, donde las leyes de protecci\u00f3n de datos pueden diferir de las de su jurisdicci\u00f3n. Al proporcionarnos voluntariamente sus Datos personales, usted acepta su uso de conformidad con esta Pol\u00edtica de privacidad.<\/p>\n\n\n\n<p>Tenga en cuenta que no compartiremos sus Datos personales con terceros sin su permiso, excepto para los siguientes fines:<\/p>\n\n\n\n<ol class=\"wp-block-list\">\n<li>Personas que trabajan para nosotros (proveedores de servicios)<\/li>\n<\/ol>\n\n\n\n<p>Podemos recurrir a determinados terceros de confianza (por ejemplo, proveedores de atenci\u00f3n al cliente, servicios inform\u00e1ticos y servicios contables) para ayudarnos a mejorar nuestro Sitio web. Estos terceros podr\u00e1n acceder a la informaci\u00f3n \u00fanicamente para desempe\u00f1ar tareas en nuestro nombre de conformidad con esta Pol\u00edtica de privacidad, y seguiremos siendo responsables del tratamiento que hagan de su informaci\u00f3n conforme a nuestras instrucciones.<\/p>\n\n\n\n<ol start=\"2\" class=\"wp-block-list\">\n<li>Empresas relacionadas<\/li>\n<\/ol>\n\n\n\n<p>Tambi\u00e9n podremos compartir sus Datos personales con nuestras Empresas relacionadas para fines acordes con esta Pol\u00edtica de privacidad. Contratamos a terceros que actuar\u00e1n como Encargados y Subencargados del tratamiento para procesar los datos personales que recopilamos de usted. Dichas empresas lo hacen sobre la base de instrucciones escritas, un acuerdo de tratamiento de datos conforme al RGPD, est\u00e1n sujetas a una obligaci\u00f3n de confidencialidad y est\u00e1n obligadas a aplicar medidas t\u00e9cnicas y organizativas adecuadas para garantizar la seguridad de los datos. Pueden intervenir, entre otras cosas, en la tramitaci\u00f3n de su pedido, el tratamiento de sus datos de pago y la prestaci\u00f3n de servicios de asistencia. Al enviar sus datos personales, usted acepta esta transferencia, almacenamiento o tratamiento. Adoptaremos todas las medidas razonablemente necesarias para garantizar que sus datos sean tratados de forma segura y de conformidad con esta Pol\u00edtica de privacidad.<\/p>\n\n\n\n<ol start=\"3\" class=\"wp-block-list\">\n<li>Transferencias empresariales<\/li>\n<\/ol>\n\n\n\n<p>A medida que desarrollamos nuestro negocio, podemos vender o comprar empresas o activos. En caso de venta corporativa, fusi\u00f3n, reorganizaci\u00f3n, disoluci\u00f3n o evento similar, los Datos personales podr\u00e1n formar parte de los activos transferidos.<\/p>\n\n\n\n<ol start=\"4\" class=\"wp-block-list\">\n<li>Ley y orden<\/li>\n<\/ol>\n\n\n\n<p>Podremos revelar su informaci\u00f3n a terceros si determinamos que dicha revelaci\u00f3n es razonablemente necesaria para: (a) cumplir la ley; (b) proteger a cualquier persona frente a la muerte o lesiones corporales graves; (c) prevenir el fraude o el abuso contra nosotros o nuestros usuarios; o (d) proteger nuestros derechos de propiedad.<\/p>\n\n\n\n<p>No transferimos sus Datos personales a un tercer pa\u00eds ni a una organizaci\u00f3n internacional, es decir, fuera de la Uni\u00f3n Europea, salvo cuando as\u00ed lo exija la ley o los tribunales, o cuando sea necesario para alguno de los fines establecidos en esta Pol\u00edtica.<\/p>\n\n\n\n<p>VIII. Derechos de los interesados<\/p>\n\n\n\n<p>En relaci\u00f3n con la entrega de sus Datos personales a trav\u00e9s de nuestro Sitio web y de acuerdo con el RGPD, usted tiene los siguientes derechos:<\/p>\n\n\n\n<p>el derecho a ser informado sobre el tratamiento de datos;<\/p>\n\n\n\n<p>el derecho de acceso;<\/p>\n\n\n\n<p>el derecho de rectificaci\u00f3n;<\/p>\n\n\n\n<p>el derecho de supresi\u00f3n (\u201cderecho al olvido\u201d);<\/p>\n\n\n\n<p>el derecho a la portabilidad de los datos;<\/p>\n\n\n\n<p>el derecho a la limitaci\u00f3n del tratamiento;<\/p>\n\n\n\n<p>el derecho de oposici\u00f3n.<\/p>\n\n\n\n<p>Le informamos de que tiene derecho a presentar una reclamaci\u00f3n ante una autoridad de protecci\u00f3n de datos.<\/p>\n\n\n\n<p>En Lituania:<\/p>\n\n\n\n<p>Inspecci\u00f3n Estatal de Protecci\u00f3n de Datos<br>Direcci\u00f3n: L. Sapiegos str. 17, LT-10312 Vilnius, Lituania<br>Correo electr\u00f3nico: ada@ada.lt<\/p>\n\n\n\n<p>Asimismo, usted tiene derecho a retirar su consentimiento (si lo hubiera otorgado) para el tratamiento de sus Datos personales en cualquier momento. Puede retirar su consentimiento en cualquier momento verbalmente por tel\u00e9fono: +370 657 88805, o por escrito por correo electr\u00f3nico a vilnius@shedcoliving.com, o enviando una notificaci\u00f3n a la direcci\u00f3n Santaros str. 3, Vilnius, Lituania. La retirada del consentimiento no afectar\u00e1 a la licitud del tratamiento basado en el consentimiento antes de su retirada.<\/p>\n\n\n\n<p>Para ejercer los derechos mencionados anteriormente, deber\u00e1 presentar una solicitud por escrito y de una forma que permita identificarle, es decir, acreditando su identidad. No tramitamos solicitudes sin la posibilidad de identificar al solicitante.<\/p>\n\n\n\n<p>IX. Cambios<\/p>\n\n\n\n<p>Podremos actualizar nuestra Pol\u00edtica de privacidad de vez en cuando. Le notificaremos cualquier cambio publicando la nueva Pol\u00edtica de privacidad en esta p\u00e1gina.<\/p>\n\n\n\n<p>Le recomendamos revisar peri\u00f3dicamente esta Pol\u00edtica de privacidad para comprobar si se han producido cambios. Esta Pol\u00edtica de privacidad fue actualizada por \u00faltima vez en la fecha indicada anteriormente. El uso continuado del Sitio web tras cualquier cambio o revisi\u00f3n de esta Pol\u00edtica de privacidad indicar\u00e1 su aceptaci\u00f3n de los t\u00e9rminos revisados.<\/p>\n","protected":false},"excerpt":{"rendered":"<p>Pol\u00edtica de privacidad en Lithuanian language Fecha de entrada en vigor: 1 de febrero de 2023 UAB \u201cSHED Vilnius\u201d (\u201cEmpresa\u201d) es el responsable del tratamiento de los datos personales que usted nos proporciona. Operamos el sitio web www.shedcoliving.com (\u201cSitio web\u201d) para proporcionar a nuestros usuarios (\u201custed\u201d y \u201csu\u201d) informaci\u00f3n sobre nuestros servicios (\u201cServicios\u201d). Aqu\u00ed describimos [&hellip;]<\/p>\n","protected":false},"author":1,"featured_media":0,"parent":0,"menu_order":0,"comment_status":"closed","ping_status":"closed","template":"template-policy.php","meta":{"_acf_changed":false,"inline_featured_image":false,"footnotes":""},"class_list":["post-16745","page","type-page","status-publish","hentry"],"acf":[],"yoast_head":"<!-- This site is optimized with the Yoast SEO plugin v27.2 - https:\/\/yoast.com\/product\/yoast-seo-wordpress\/ -->\n<title>Pol\u00edtica de privacidad - SHED Co-living<\/title>\n<meta name=\"robots\" content=\"index, follow, max-snippet:-1, max-image-preview:large, max-video-preview:-1\" \/>\n<link rel=\"canonical\" href=\"https:\/\/shedcoliving.com\/vilnius\/es\/privacy-policy-2\/\" \/>\n<meta property=\"og:locale\" content=\"es_ES\" \/>\n<meta property=\"og:type\" content=\"article\" \/>\n<meta property=\"og:title\" content=\"Pol\u00edtica de privacidad - SHED Co-living\" \/>\n<meta property=\"og:description\" content=\"Pol\u00edtica de privacidad en Lithuanian language Fecha de entrada en vigor: 1 de febrero de 2023 UAB \u201cSHED Vilnius\u201d (\u201cEmpresa\u201d) es el responsable del tratamiento de los datos personales que usted nos proporciona. Operamos el sitio web www.shedcoliving.com (\u201cSitio web\u201d) para proporcionar a nuestros usuarios (\u201custed\u201d y \u201csu\u201d) informaci\u00f3n sobre nuestros servicios (\u201cServicios\u201d). Aqu\u00ed describimos [&hellip;]\" \/>\n<meta property=\"og:url\" content=\"https:\/\/shedcoliving.com\/vilnius\/es\/privacy-policy-2\/\" \/>\n<meta property=\"og:site_name\" content=\"SHED Co-living\" \/>\n<meta property=\"article:publisher\" content=\"https:\/\/www.facebook.com\/shedcolivingvilnius\/\" \/>\n<meta property=\"article:modified_time\" content=\"2026-04-10T16:04:59+00:00\" \/>\n<meta property=\"og:image\" content=\"https:\/\/shedcoliving.com\/vilnius\/wp-content\/uploads\/2024\/12\/shedcoliving-facebook-og-image.png\" \/>\n\t<meta property=\"og:image:width\" content=\"2048\" \/>\n\t<meta property=\"og:image:height\" content=\"1075\" \/>\n\t<meta property=\"og:image:type\" content=\"image\/png\" \/>\n<meta name=\"twitter:card\" content=\"summary_large_image\" \/>\n<meta name=\"twitter:label1\" content=\"Tiempo de lectura\" \/>\n\t<meta name=\"twitter:data1\" content=\"8 minutos\" \/>\n<script type=\"application\/ld+json\" class=\"yoast-schema-graph\">{\"@context\":\"https:\/\/schema.org\",\"@graph\":[{\"@type\":\"WebPage\",\"@id\":\"https:\/\/shedcoliving.com\/vilnius\/es\/privacy-policy-2\/\",\"url\":\"https:\/\/shedcoliving.com\/vilnius\/es\/privacy-policy-2\/\",\"name\":\"Pol\u00edtica de privacidad - SHED Co-living\",\"isPartOf\":{\"@id\":\"https:\/\/shedcoliving.com\/vilnius\/#website\"},\"datePublished\":\"2024-11-12T09:41:28+00:00\",\"dateModified\":\"2026-04-10T16:04:59+00:00\",\"breadcrumb\":{\"@id\":\"https:\/\/shedcoliving.com\/vilnius\/es\/privacy-policy-2\/#breadcrumb\"},\"inLanguage\":\"es\",\"potentialAction\":[{\"@type\":\"ReadAction\",\"target\":[\"https:\/\/shedcoliving.com\/vilnius\/es\/privacy-policy-2\/\"]}]},{\"@type\":\"BreadcrumbList\",\"@id\":\"https:\/\/shedcoliving.com\/vilnius\/es\/privacy-policy-2\/#breadcrumb\",\"itemListElement\":[{\"@type\":\"ListItem\",\"position\":1,\"name\":\"Home\",\"item\":\"https:\/\/shedcoliving.com\/vilnius\/es\/\"},{\"@type\":\"ListItem\",\"position\":2,\"name\":\"Pol\u00edtica de privacidad\"}]},{\"@type\":\"WebSite\",\"@id\":\"https:\/\/shedcoliving.com\/vilnius\/#website\",\"url\":\"https:\/\/shedcoliving.com\/vilnius\/\",\"name\":\"SHED Co-living\",\"description\":\"Build a new version of yourself!\",\"publisher\":{\"@id\":\"https:\/\/shedcoliving.com\/vilnius\/#organization\"},\"potentialAction\":[{\"@type\":\"SearchAction\",\"target\":{\"@type\":\"EntryPoint\",\"urlTemplate\":\"https:\/\/shedcoliving.com\/vilnius\/?s={search_term_string}\"},\"query-input\":{\"@type\":\"PropertyValueSpecification\",\"valueRequired\":true,\"valueName\":\"search_term_string\"}}],\"inLanguage\":\"es\"},{\"@type\":\"Organization\",\"@id\":\"https:\/\/shedcoliving.com\/vilnius\/#organization\",\"name\":\"Shed Co-living\",\"url\":\"https:\/\/shedcoliving.com\/vilnius\/\",\"logo\":{\"@type\":\"ImageObject\",\"inLanguage\":\"es\",\"@id\":\"https:\/\/shedcoliving.com\/vilnius\/#\/schema\/logo\/image\/\",\"url\":\"https:\/\/shedcoliving.com\/vilnius\/wp-content\/uploads\/2024\/12\/logo-black.svg\",\"contentUrl\":\"https:\/\/shedcoliving.com\/vilnius\/wp-content\/uploads\/2024\/12\/logo-black.svg\",\"width\":937,\"height\":347,\"caption\":\"Shed Co-living\"},\"image\":{\"@id\":\"https:\/\/shedcoliving.com\/vilnius\/#\/schema\/logo\/image\/\"},\"sameAs\":[\"https:\/\/www.facebook.com\/shedcolivingvilnius\/\",\"https:\/\/www.instagram.com\/shed_vilnius\/\"]}]}<\/script>\n<!-- \/ Yoast SEO plugin. -->","yoast_head_json":{"title":"Pol\u00edtica de privacidad - SHED Co-living","robots":{"index":"index","follow":"follow","max-snippet":"max-snippet:-1","max-image-preview":"max-image-preview:large","max-video-preview":"max-video-preview:-1"},"canonical":"https:\/\/shedcoliving.com\/vilnius\/es\/privacy-policy-2\/","og_locale":"es_ES","og_type":"article","og_title":"Pol\u00edtica de privacidad - SHED Co-living","og_description":"Pol\u00edtica de privacidad en Lithuanian language Fecha de entrada en vigor: 1 de febrero de 2023 UAB \u201cSHED Vilnius\u201d (\u201cEmpresa\u201d) es el responsable del tratamiento de los datos personales que usted nos proporciona. Operamos el sitio web www.shedcoliving.com (\u201cSitio web\u201d) para proporcionar a nuestros usuarios (\u201custed\u201d y \u201csu\u201d) informaci\u00f3n sobre nuestros servicios (\u201cServicios\u201d). Aqu\u00ed describimos [&hellip;]","og_url":"https:\/\/shedcoliving.com\/vilnius\/es\/privacy-policy-2\/","og_site_name":"SHED Co-living","article_publisher":"https:\/\/www.facebook.com\/shedcolivingvilnius\/","article_modified_time":"2026-04-10T16:04:59+00:00","og_image":[{"width":2048,"height":1075,"url":"https:\/\/shedcoliving.com\/vilnius\/wp-content\/uploads\/2024\/12\/shedcoliving-facebook-og-image.png","type":"image\/png"}],"twitter_card":"summary_large_image","twitter_misc":{"Tiempo de lectura":"8 minutos"},"schema":{"@context":"https:\/\/schema.org","@graph":[{"@type":"WebPage","@id":"https:\/\/shedcoliving.com\/vilnius\/es\/privacy-policy-2\/","url":"https:\/\/shedcoliving.com\/vilnius\/es\/privacy-policy-2\/","name":"Pol\u00edtica de privacidad - SHED Co-living","isPartOf":{"@id":"https:\/\/shedcoliving.com\/vilnius\/#website"},"datePublished":"2024-11-12T09:41:28+00:00","dateModified":"2026-04-10T16:04:59+00:00","breadcrumb":{"@id":"https:\/\/shedcoliving.com\/vilnius\/es\/privacy-policy-2\/#breadcrumb"},"inLanguage":"es","potentialAction":[{"@type":"ReadAction","target":["https:\/\/shedcoliving.com\/vilnius\/es\/privacy-policy-2\/"]}]},{"@type":"BreadcrumbList","@id":"https:\/\/shedcoliving.com\/vilnius\/es\/privacy-policy-2\/#breadcrumb","itemListElement":[{"@type":"ListItem","position":1,"name":"Home","item":"https:\/\/shedcoliving.com\/vilnius\/es\/"},{"@type":"ListItem","position":2,"name":"Pol\u00edtica de privacidad"}]},{"@type":"WebSite","@id":"https:\/\/shedcoliving.com\/vilnius\/#website","url":"https:\/\/shedcoliving.com\/vilnius\/","name":"SHED Co-living","description":"Build a new version of yourself!","publisher":{"@id":"https:\/\/shedcoliving.com\/vilnius\/#organization"},"potentialAction":[{"@type":"SearchAction","target":{"@type":"EntryPoint","urlTemplate":"https:\/\/shedcoliving.com\/vilnius\/?s={search_term_string}"},"query-input":{"@type":"PropertyValueSpecification","valueRequired":true,"valueName":"search_term_string"}}],"inLanguage":"es"},{"@type":"Organization","@id":"https:\/\/shedcoliving.com\/vilnius\/#organization","name":"Shed Co-living","url":"https:\/\/shedcoliving.com\/vilnius\/","logo":{"@type":"ImageObject","inLanguage":"es","@id":"https:\/\/shedcoliving.com\/vilnius\/#\/schema\/logo\/image\/","url":"https:\/\/shedcoliving.com\/vilnius\/wp-content\/uploads\/2024\/12\/logo-black.svg","contentUrl":"https:\/\/shedcoliving.com\/vilnius\/wp-content\/uploads\/2024\/12\/logo-black.svg","width":937,"height":347,"caption":"Shed Co-living"},"image":{"@id":"https:\/\/shedcoliving.com\/vilnius\/#\/schema\/logo\/image\/"},"sameAs":["https:\/\/www.facebook.com\/shedcolivingvilnius\/","https:\/\/www.instagram.com\/shed_vilnius\/"]}]}},"_links":{"self":[{"href":"https:\/\/shedcoliving.com\/vilnius\/es\/wp-json\/wp\/v2\/pages\/16745","targetHints":{"allow":["GET"]}}],"collection":[{"href":"https:\/\/shedcoliving.com\/vilnius\/es\/wp-json\/wp\/v2\/pages"}],"about":[{"href":"https:\/\/shedcoliving.com\/vilnius\/es\/wp-json\/wp\/v2\/types\/page"}],"author":[{"embeddable":true,"href":"https:\/\/shedcoliving.com\/vilnius\/es\/wp-json\/wp\/v2\/users\/1"}],"replies":[{"embeddable":true,"href":"https:\/\/shedcoliving.com\/vilnius\/es\/wp-json\/wp\/v2\/comments?post=16745"}],"version-history":[{"count":2,"href":"https:\/\/shedcoliving.com\/vilnius\/es\/wp-json\/wp\/v2\/pages\/16745\/revisions"}],"predecessor-version":[{"id":16748,"href":"https:\/\/shedcoliving.com\/vilnius\/es\/wp-json\/wp\/v2\/pages\/16745\/revisions\/16748"}],"wp:attachment":[{"href":"https:\/\/shedcoliving.com\/vilnius\/es\/wp-json\/wp\/v2\/media?parent=16745"}],"curies":[{"name":"wp","href":"https:\/\/api.w.org\/{rel}","templated":true}]}}