{"id":9133,"date":"2024-11-12T09:47:05","date_gmt":"2024-11-12T09:47:05","guid":{"rendered":"https:\/\/shed.treigys.com\/vilnius\/terms-of-use\/"},"modified":"2025-08-27T06:42:15","modified_gmt":"2025-08-27T06:42:15","slug":"terms-of-use","status":"publish","type":"page","link":"https:\/\/shedcoliving.com\/vilnius\/lt\/terms-of-use\/","title":{"rendered":"Naudojimo s\u0105lygos"},"content":{"rendered":"\n<div style=\"height:16px\" aria-hidden=\"true\" class=\"wp-block-spacer\"><\/div>\n\n\n\n<p>T&amp;C in <a href=\"https:\/\/shedcoliving.com\/vilnius\/lt\/terms-of-use\/\">English language<\/a><\/p>\n\n\n\n<div style=\"height:24px\" aria-hidden=\"true\" class=\"wp-block-spacer\"><\/div>\n\n\n\n<p>Naudojimo s\u0105lygos<br>Svetain\u0117 www.shedcoliving.com<\/p>\n\n\n\n<p>\u012esigaliojimo data: 2025-01-01<\/p>\n\n\n\n<div style=\"height:24px\" aria-hidden=\"true\" class=\"wp-block-spacer\"><\/div>\n\n\n\n<p>Atid\u017eiai perskaitykite \u0161ias svetain\u0117s&nbsp;<a href=\"https:\/\/shedcoliving.com\/\">www.shedcoliving.com<\/a>&nbsp;naudojimo s\u0105lygas (toliau \u2013&nbsp;<strong>S\u0105lygos<\/strong>) prie\u0161 rezervuodami kambar\u012f svetain\u0117je&nbsp;<a href=\"https:\/\/shedcoliving.com\/\">https:\/\/shedcoliving.com\/<\/a>&nbsp;(toliau \u2013&nbsp;<strong>Svetain\u0117<\/strong>), kuri\u0105 administruoja UAB SHED Vilnius (juridinio asmens kodas 306070275, adresas Ras\u0173 g. 9, Vilnius, Lietuva), kartu su m\u016bs\u0173&nbsp;<a href=\"https:\/\/shedcoliving.com\/\">Privatumo politika<\/a>,&nbsp;<a href=\"https:\/\/shedcoliving.com\/\">Vidaus tvarkos taisykl\u0117mis<\/a>, taikomomis apgyvendinimo kompleksui \u201eSHED Co-living\u201c (toliau \u2013&nbsp;<strong>Taisykl\u0117s<\/strong>), ir kita ra\u0161ytine informacija, pateikiama j\u016bs\u0173 d\u0117mesiui prie\u0161 kambario rezervavim\u0105 \u201eSHED Co-living\u201c (toliau \u2013&nbsp;<strong>Rezervacija<\/strong>) ir sudarant apgyvendinimo paslaug\u0173 sutart\u012f (toliau \u2013&nbsp;<strong>Sutartis<\/strong>).<\/p>\n\n\n\n<div style=\"height:24px\" aria-hidden=\"true\" class=\"wp-block-spacer\"><\/div>\n\n\n\n<p>S\u0105lygose nuorodos \u012f Vartotoj\u0105, \u012fvard\u017eiai \u201ej\u016bs\u201c ir \u201ej\u016bs\u0173\u201c apima pirm\u0105ja pavarde rezervavimo dokumente nurodyt\u0105 asmen\u012f ir visus asmenis, kuri\u0173 vardu rezervuojama.<\/p>\n\n\n\n<div style=\"height:24px\" aria-hidden=\"true\" class=\"wp-block-spacer\"><\/div>\n\n\n\n<p>J\u016bs\u0173 galimyb\u0117 atlikti Rezervacij\u0105 priklauso nuo to, ar sutinkate su S\u0105lygomis ir j\u0173 laikot\u0117s. S\u0105lygos taikomos visiems lankytojams, naudotojams ir kitiems asmenims, kurie atlieka Rezervacij\u0105. Jei pa\u017eeid\u017eiate S\u0105lygas, jums nebeleid\u017eiama atlikti Rezervacijos.<\/p>\n\n\n\n<div style=\"height:24px\" aria-hidden=\"true\" class=\"wp-block-spacer\"><\/div>\n\n\n\n<p>Atlikdami Rezervacij\u0105 sutinkate laikytis S\u0105lyg\u0173. Jei nesutinkate su kuria nors S\u0105lyg\u0173 dalimi, galite nesinaudoti m\u016bs\u0173 paslaugomis ir neatlikti Rezervacijos.<\/p>\n\n\n\n<div style=\"height:24px\" aria-hidden=\"true\" class=\"wp-block-spacer\"><\/div>\n\n\n\n<p>M\u016bs\u0173&nbsp;<a href=\"https:\/\/shedcoliving.com\/vilnius\/lt\/\">Privatumo politikoje<\/a> apra\u0161oma, kaip tvarkome asmens duomenis, kuriuos mums pateikiate atlikdami Rezervacij\u0105. J\u016bs suprantate, kad naudodamiesi m\u016bs\u0173 paslaugomis sutinkate su asmens duomen\u0173 rinkimu ir naudojimu (taip, kaip yra nurodyta <a href=\"https:\/\/shedcoliving.com\/vilnius\/lt\/\">Privatumo politikoje<\/a>).<\/p>\n\n\n\n<div style=\"height:64px\" aria-hidden=\"true\" class=\"wp-block-spacer\"><\/div>\n\n\n\n<h2 class=\"wp-block-heading\"> 1. REZERVACIJA<\/h2>\n\n\n\n<div style=\"height:24px\" aria-hidden=\"true\" class=\"wp-block-spacer\"><\/div>\n\n\n\n<ol class=\"wp-block-list\">\n<li>Prie\u0161 pateikdamas Rezervacijos parai\u0161k\u0105 ir sudarydamas Sutart\u012f, Vartotojas patvirtina, kad jis laikosi toliau nurodyt\u0173 s\u0105lyg\u0173 ir yra atsakingas u\u017e j\u0173 vykdym\u0105 Rezervacijos metu:\n<ol class=\"wp-block-list\">\n<li>Vartotojas yra ne ma\u017eiau kaip 18 met\u0173 fizinis asmuo, nurodantis savo vard\u0105, pavard\u0119, gyvenamosios vietos \u0161al\u012f, el.&nbsp;pa\u0161to adres\u0105, telefono numer\u012f, pageidaujam\u0105 vie\u0161nag\u0117s laikotarp\u012f, kambario tip\u0105, vie\u0161nag\u0117s prie\u017east\u012f, taip pat informacij\u0105 apie tai, ar yra \u201eErasmus\u201c arba main\u0173 programos studentas, ar nuolatini\u0173 studij\u0173 studentas, taip pat studij\u0173 metus (jei taikytina).<\/li>\n\n\n\n<li>Vartotojas turi veikian\u010di\u0105 banko s\u0105skait\u0105.<\/li>\n\n\n\n<li>Vartotojo veiksnumas n\u0117ra apribotas teismo sprendimu.<\/li>\n\n\n\n<li>Vartotojas yra teisi\u0161kai veiksnus ir n\u0117ra apsvaig\u0119s nuo alkoholio, narkotini\u0173, psichotropini\u0173 ar toksini\u0173 med\u017eiag\u0173 arba kit\u0173 svaiginam\u0173j\u0173 med\u017eiag\u0173.<\/li>\n\n\n\n<li>Vartotojas yra tikrasis apgyvendinimo paslaug\u0173 gav\u0117jas, jei Rezervacijos metu n\u0117ra nurodoma kitaip.<\/li>\n<\/ol>\n<\/li>\n\n\n\n<li>Vartotojas rezervuoja kambar\u012f pateikdamas Svetain\u0117je esan\u010di\u0105 Rezervacijos parai\u0161k\u0105, sutikdamas su S\u0105lygomis, Sutartimi, Taisykl\u0117mis ir Privatumo politika.<\/li>\n<\/ol>\n\n\n\n<div style=\"height:65px\" aria-hidden=\"true\" class=\"wp-block-spacer\"><\/div>\n\n\n\n<h2 class=\"wp-block-heading\">2. APMOK\u0116JIMAS<\/h2>\n\n\n\n<div style=\"height:24px\" aria-hidden=\"true\" class=\"wp-block-spacer\"><\/div>\n\n\n\n<ol class=\"wp-block-list\">\n<li>Kad gal\u0117tum\u0117te u\u017ebaigti Rezervacij\u0105 ir sudaryti su mumis Sutart\u012f, turite sumok\u0117ti u\u017estat\u0105, kurio dydis bus nurodytas Rezervacijos parai\u0161kos formoje. Kai pateiksite Rezervacijos parai\u0161kos form\u0105, b\u016bsite nukreipti \u012f savo bank\u0105, kad gal\u0117tum\u0117te sumok\u0117ti u\u017estat\u0105. U\u017estat\u0105 galima sumok\u0117ti banko pavedimu arba kredito kortele(\u201eVisa\u201c, \u201eMastercard\u201c). Mes naudojam\u0117s mok\u0117jimo paslaug\u0173 teik\u0117jo<em> \u201e<\/em>PaySera\u201c (<a href=\"https:\/\/www.paysera.lt\/\">https:\/\/www.paysera.lt\/<\/a>) paslaugomis.<\/li>\n\n\n\n<li>Sumok\u0117jus reikalaujam\u0105 u\u017estat\u0105, Sutartis bus automati\u0161kai sugeneruota ir i\u0161si\u0173sta el.&nbsp;pa\u0161to adresu, kur\u012f nurod\u0117te per Rezervacijos proced\u016br\u0105 elektroniniam pasira\u0161ymui.<\/li>\n\n\n\n<li>Jei nustatytu laiku d\u0117l bet koki\u0173 prie\u017eas\u010di\u0173 nesp\u0117jate atvykti \u012f Objekt\u0105 apsigyventi, J\u016bs\u0173 ra\u0161ytiniu pra\u0161ymu Mes galime prat\u0119sti Kambario rezervacijos termin\u0105, su s\u0105lyga, kad J\u016bs esate sumok\u0117j\u0119s u\u017estat\u0105 (depozit\u0105), nurodyt\u0105 pradin\u0117je Kambario Rezervacijos parai\u0161koje ir ra\u0161tu \u012fsipareigojote sumok\u0117ti Mums u\u017e vis\u0105 Kambario rezervacijos termin\u0105. Kambario rezervacijos mokestis yra lygus Apgyvendinimo paslaug\u0173 kainai u\u017e rezervuot\u0105 Kambar\u012f ir apskai\u010diuojamas proporcingai Kambario rezervacijos terminui. Kambario rezervacijos mokestis turi b\u016bti sumokamas per&nbsp;5 (penkias)&nbsp;dienas nuo s\u0105skaitos i\u0161ra\u0161ymo datos. Jums v\u0117luojant sumok\u0117ti Kambario rezervacijos mokest\u012f daugiau kaip 3 (tris) dienas, nuo ketvirtos v\u0117lavimo dienos Mes turime teis\u0119 viena\u0161ali\u0161kai be atskiro \u012fsp\u0117jimo panaikinti Kambario rezervacij\u0105.<\/li>\n<\/ol>\n\n\n\n<div style=\"height:64px\" aria-hidden=\"true\" class=\"wp-block-spacer\"><\/div>\n\n\n\n<h2 class=\"wp-block-heading\">3. AT\u0160AUKIMO TVARKA<\/h2>\n\n\n\n<div style=\"height:24px\" aria-hidden=\"true\" class=\"wp-block-spacer\"><\/div>\n\n\n\n<ol class=\"wp-block-list\">\n<li>Vartotojas gali at\u0161aukti Rezervacij\u0105 prie\u0161 sumok\u0117damas u\u017estat\u0105. Tokiu atveju joks mokestis netaikomas.&nbsp;<\/li>\n\n\n\n<li>Jei Rezervacija at\u0161aukiama po to, kai sumokamas u\u017estatas, u\u017estatas Vartotojui negr\u0105\u017einamas. Jei Gyventojas nusprend\u017eia at\u0161aukti kambario rezervacij\u0105 sumok\u0117j\u0119s u\u017estat\u0105 arba per 10 (de\u0161imt) dien\u0173 nuo Apgyvendinimo paslaug\u0173 teikimo prad\u017eios (kuri nustatoma rezervuojant kambar\u012f internetu) neatvyksta \u012f Objekt\u0105 apgyvendinti (nebent \u0160alys ai\u0161kiai ra\u0161tu susitar\u0117 kitaip), bus laikoma, kad Gyventojas nutrauk\u0117 Sutart\u012f prie\u0161 termin\u0105 be Apgyvendinimo paslaug\u0173 teik\u0117jo kalt\u0117s, o sumok\u0117tas u\u017estatas negr\u0105\u017einamas. Verta informuoti, kad v\u0117lyvas atvykimas neturi \u012ftakos m\u0117nesinei s\u0105skaitai fakt\u016brai, kuri bus i\u0161ra\u0161yta u\u017e vis\u0105 m\u0117nes\u012f, nepaisant pav\u0117luoto \u012fsiregistravimo.<\/li>\n\n\n\n<li>I\u0161skirtin\u0117mis aplinkyb\u0117mis mums gali tekti at\u0161aukti j\u016bs\u0173 Rezervacij\u0105 d\u0117l <em>force&nbsp;majeure<\/em> arba \u012fvykio, kurio negalime kontroliuoti. Tokiu atveju kuo grei\u010diau jums apie tai prane\u0161ime ir: i) jei jau sumok\u0117jote u\u017estat\u0105, gr\u0105\u017einsime jo sum\u0105; arba ii) jei dar nesumok\u0117jote u\u017estato, neprival\u0117sime nieko daryti. Apgailestaujame, kad negalime padengti joki\u0173 i\u0161laid\u0173 ar nuostoli\u0173, kuriuos galite patirti d\u0117l tokio m\u016bs\u0173 at\u0161aukimo d\u0117l nenugalimos j\u0117gos arba \u012fvykio, kurio negalime kontroliuoti. \u0160iame straipsnyje <em>force&nbsp;majeure<\/em> rei\u0161kia bet kok\u012f \u012fvyk\u012f, kurio mes negal\u0117jome numatyti ar i\u0161vengti, net ir elgdamiesi r\u016bpestingai, ir d\u0117l kurio negalime jums suteikti kambario.&nbsp;<\/li>\n<\/ol>\n\n\n\n<div style=\"height:24px\" aria-hidden=\"true\" class=\"wp-block-spacer\"><\/div>\n\n\n\n<h2 class=\"wp-block-heading\">4. ATSAKOMYB\u0116<\/h2>\n\n\n\n<div style=\"height:24px\" aria-hidden=\"true\" class=\"wp-block-spacer\"><\/div>\n\n\n\n<ol class=\"wp-block-list\">\n<li>J\u016bs visi\u0161kai atsakote u\u017e savo veikl\u0105 Svetain\u0117je (finansin\u0119 ar kitoki\u0105). J\u016bs garantuojate, kad informacija, kuri\u0105 pateikiate Svetain\u0117je apie save, yra tiksli. J\u016bs prisiimate atsakomyb\u0119, kad ta informacija neb\u016bt\u0173 apgaulinga arba neteisinga.<\/li>\n\n\n\n<li>Bet koks nes\u0105\u017einingas ar S\u0105lygoms prie\u0161taraujantis naudojimasis Svetaine yra prie\u017eastis atsisakyti suteikti Vartotojui prieig\u0105 prie m\u016bs\u0173 si\u016blom\u0173 paslaug\u0173 ar kit\u0173 Svetain\u0117s funkcij\u0173. Jei pa\u017eeid\u017eiate S\u0105lygas, mes neb\u016bsime atsakingi u\u017e jokius j\u016bs\u0173 d\u0117l to patirtus nuostolius.<\/li>\n\n\n\n<li>Mes nesame atsakingi u\u017e j\u016bs\u0173 naudojim\u0105si Svetaine, nebent d\u0117l m\u016bs\u0173 tiesiogini\u0173 veiksm\u0173 patyr\u0117te materialini\u0173 nuostoli\u0173. Mes atleid\u017eiami nuo atsakomyb\u0117s pagal \u0161\u012f straipsn\u012f, jei \u012frodome, kad jokiu b\u016bdu nesame atsakingi u\u017e \u012fvyk\u012f, d\u0117l kurio atsirado nuostoli\u0173. Taip pat neprisiimame atsakomyb\u0117s u\u017e netiesioginius nuostolius, nenugalimos j\u0117gos aplinkybes ar nuo m\u016bs\u0173 nepriklausant\u012f \u012fvyk\u012f.<\/li>\n<\/ol>\n\n\n\n<div style=\"height:24px\" aria-hidden=\"true\" class=\"wp-block-spacer\"><\/div>\n\n\n\n<h2 class=\"wp-block-heading\">5. INTELEKTIN\u0116S NUOSAVYB\u0116S TEIS\u0116S<\/h2>\n\n\n\n<div style=\"height:24px\" aria-hidden=\"true\" class=\"wp-block-spacer\"><\/div>\n\n\n\n<ol class=\"wp-block-list\">\n<li>Visos Svetain\u0117s teis\u0117s (preki\u0173 \u017eenklai, turinys ir kt.) priklauso mums, o naudodamiesi m\u016bs\u0173 Svetaine j\u016bs sutinkate tai daryti tik pagal paskirt\u012f ir laikydamiesi S\u0105lygose nustatyt\u0173 s\u0105lyg\u0173.<\/li>\n\n\n\n<li>M\u016bs\u0173 Svetain\u0117s originalus turinys, savyb\u0117s ir funkcijos priklauso mums ir yra saugomi pagal Europos ir tarptautini\u0173 autori\u0173 teisi\u0173, preki\u0173 \u017eenkl\u0173, patent\u0173, komercini\u0173 paslap\u010di\u0173 ir kitus intelektin\u0117s nuosavyb\u0117s ar nuosavyb\u0117s teisi\u0173 \u012fstatymus. Taigi, sutikdami su S\u0105lygomis j\u016bs sutinkate nekopijuoti, nemodifikuoti, nekurti i\u0161vestini\u0173 darb\u0173, vie\u0161ai nerodyti, vie\u0161ai neatlikti, neperspausdinti jokios m\u016bs\u0173 autori\u0173 teis\u0117mis saugomos med\u017eiagos be m\u016bs\u0173 ai\u0161kaus ra\u0161ti\u0161ko leidimo.<\/li>\n<\/ol>\n\n\n\n<div style=\"height:24px\" aria-hidden=\"true\" class=\"wp-block-spacer\"><\/div>\n\n\n\n<h2 class=\"wp-block-heading\">6. NUTRAUKIMAS<\/h2>\n\n\n\n<div style=\"height:24px\" aria-hidden=\"true\" class=\"wp-block-spacer\"><\/div>\n\n\n\n<ol class=\"wp-block-list\">\n<li>Mes galime nedelsdami nutraukti arba sustabdyti j\u016bs\u0173 prieig\u0105 prie paslaug\u0173 be i\u0161ankstinio \u012fsp\u0117jimo ar atsakomyb\u0117s d\u0117l bet kokios prie\u017easties, \u012fskaitant, bet neapsiribojant, jei pa\u017eeid\u017eiate S\u0105lygas.<\/li>\n\n\n\n<li>Visos S\u0105lyg\u0173 nuostatos, kurios pagal savo pob\u016bd\u012f tur\u0117t\u0173 galioti ir po nutraukimo, galioja ir po nutraukimo, \u012fskaitant, bet neapsiribojant, nuostatas d\u0117l nuosavyb\u0117s, garantij\u0173 atsisakymo, \u017ealos atlyginimo ir atsakomyb\u0117s apribojimo.<\/li>\n<\/ol>\n\n\n\n<div style=\"height:24px\" aria-hidden=\"true\" class=\"wp-block-spacer\"><\/div>\n\n\n\n<h2 class=\"wp-block-heading\">7. TAIKOMA TEIS\u0116<\/h2>\n\n\n\n<ol class=\"wp-block-list\">\n<li>S\u0105lygos reglamentuojamos ir ai\u0161kinamos pagal \u0161alies, kurioje yra Sutarties Objektas, \u012fstatymus, neatsi\u017evelgiant \u012f j\u0173 prie\u0161taraujan\u010dias nuostatas.<\/li>\n\n\n\n<li>Jei mes ne\u012fgyvendiname bet kurios i\u0161 S\u0105lygomis suteikiam\u0173 teisi\u0173 ar jose nustatyt\u0173 nuostat\u0173, tai nebus laikoma \u0161i\u0173 teisi\u0173 atsisakymu. Jei teismas kuri\u0105 nors S\u0105lyg\u0173 nuostat\u0105 pripa\u017e\u012fsta negaliojan\u010dia arba ne\u012fgyvendinama, likusios S\u0105lyg\u0173 nuostatos lieka galioti.<\/li>\n<\/ol>\n\n\n\n<div style=\"height:24px\" aria-hidden=\"true\" class=\"wp-block-spacer\"><\/div>\n\n\n\n<h2 class=\"wp-block-heading\">8. PAKEITIMAI<\/h2>\n\n\n\n<div style=\"height:24px\" aria-hidden=\"true\" class=\"wp-block-spacer\"><\/div>\n\n\n\n<ol class=\"wp-block-list\">\n<li>Mes pasiliekame teis\u0119 savo nuo\u017ei\u016bra bet kuriuo metu keisti ar papildyti S\u0105lygas. D\u0117sime visas pastangas, kad apie \u0161iuos pakeitimus jus informuotume. Prane\u0161imai apie pakeitimus gali b\u016bti skelbiami m\u016bs\u0173 Svetain\u0117je. Tur\u0117tum\u0117te kartkart\u0117mis patikrinti, ar m\u016bs\u0173 Svetain\u0117je n\u0117ra paskelbt\u0173 pakeitim\u0173. Tai, kad po \u0161i\u0173 pakeitim\u0173 toliau naudojat\u0117s m\u016bs\u0173 paslaugomis, rei\u0161kia, jog pakeitimus priimate ir su jais sutinkate.<\/li>\n<\/ol>\n\n\n\n<div style=\"height:64px\" aria-hidden=\"true\" class=\"wp-block-spacer\"><\/div>\n\n\n\n<h2 class=\"wp-block-heading\">9. KONTAKTIN\u0116 INFORMACIJA<\/h2>\n\n\n\n<ol class=\"wp-block-list\">\n<li>Jei kilt\u0173 klausim\u0173 d\u0117l S\u0105lyg\u0173, kreipkit\u0117s \u012f mus el.&nbsp;pa\u0161tu <a href=\"mailto:vilnius@shedcoliving.com\">vilnius@shedcoliving.com<\/a> .<\/li>\n<\/ol>\n\n\n\n<p>Naudojimo s\u0105lygos yra parengtos lietuvi\u0173 ir angl\u0173 kalbomis. Esant neatitikim\u0173 tarp kalb\u0173 pirmenyb\u0117 taikoma Objekto, kuriam taikomos naudojimo s\u0105lygos, buvimo vietos valstyb\u0117s kalbai.<\/p>\n\n\n\n<div style=\"height:64px\" aria-hidden=\"true\" class=\"wp-block-spacer\"><\/div>\n\n\n\n<p>*&nbsp;Apgyvendinimo kompleksas \u201eSHED Co-living\u201c susideda i\u0161 i) student\u0173 nam\u0173 \u201eSHED Vilnius\u201c (Santaros g. 3, Vilnius, Lietuva), kuriuos administruoja UAB \u201eSHED Vilnius\u201c ( \u012fmon\u0117s kodas 306070275, el. pa\u0161tas: vilnius@shedcoliving.com, tel. +370 657 88805), ir ii) student\u0173 nam\u0173 \u201eSHED Riga\u201c (Jelgavas iela 8\/12, Riga, Latvija), kuriuos administruoja SIA &#8222;J12&#8221; (\u012fmon\u0117s kodas 40203133168, el&nbsp; pa\u0161tas: riga@shedcoliving.com, tel. +371 29551154).<\/p>\n\n\n\n<div style=\"height:24px\" aria-hidden=\"true\" class=\"wp-block-spacer\"><\/div>\n","protected":false},"excerpt":{"rendered":"<p>T&amp;C in English language Naudojimo s\u0105lygosSvetain\u0117 www.shedcoliving.com \u012esigaliojimo data: 2025-01-01 Atid\u017eiai perskaitykite \u0161ias svetain\u0117s&nbsp;www.shedcoliving.com&nbsp;naudojimo s\u0105lygas (toliau \u2013&nbsp;S\u0105lygos) prie\u0161 rezervuodami kambar\u012f svetain\u0117je&nbsp;https:\/\/shedcoliving.com\/&nbsp;(toliau \u2013&nbsp;Svetain\u0117), kuri\u0105 administruoja UAB SHED Vilnius (juridinio asmens kodas 306070275, adresas Ras\u0173 g. 9, Vilnius, Lietuva), kartu su m\u016bs\u0173&nbsp;Privatumo politika,&nbsp;Vidaus tvarkos taisykl\u0117mis, taikomomis apgyvendinimo kompleksui \u201eSHED Co-living\u201c (toliau \u2013&nbsp;Taisykl\u0117s), ir kita ra\u0161ytine informacija, pateikiama [&hellip;]<\/p>\n","protected":false},"author":1,"featured_media":0,"parent":0,"menu_order":0,"comment_status":"closed","ping_status":"closed","template":"template-policy.php","meta":{"_acf_changed":false,"inline_featured_image":false,"footnotes":""},"class_list":["post-9133","page","type-page","status-publish","hentry"],"acf":[],"yoast_head":"<!-- This site is optimized with the Yoast SEO plugin v27.2 - https:\/\/yoast.com\/product\/yoast-seo-wordpress\/ -->\n<title>Naudojimo s\u0105lygos - SHED Co-living<\/title>\n<meta name=\"robots\" content=\"index, follow, max-snippet:-1, max-image-preview:large, max-video-preview:-1\" \/>\n<link rel=\"canonical\" href=\"https:\/\/shedcoliving.com\/vilnius\/lt\/terms-of-use\/\" \/>\n<meta property=\"og:locale\" content=\"lt_LT\" \/>\n<meta property=\"og:type\" content=\"article\" \/>\n<meta property=\"og:title\" content=\"Naudojimo s\u0105lygos - SHED Co-living\" \/>\n<meta property=\"og:description\" content=\"T&amp;C in English language Naudojimo s\u0105lygosSvetain\u0117 www.shedcoliving.com \u012esigaliojimo data: 2025-01-01 Atid\u017eiai perskaitykite \u0161ias svetain\u0117s&nbsp;www.shedcoliving.com&nbsp;naudojimo s\u0105lygas (toliau \u2013&nbsp;S\u0105lygos) prie\u0161 rezervuodami kambar\u012f svetain\u0117je&nbsp;https:\/\/shedcoliving.com\/&nbsp;(toliau \u2013&nbsp;Svetain\u0117), kuri\u0105 administruoja UAB SHED Vilnius (juridinio asmens kodas 306070275, adresas Ras\u0173 g. 9, Vilnius, Lietuva), kartu su m\u016bs\u0173&nbsp;Privatumo politika,&nbsp;Vidaus tvarkos taisykl\u0117mis, taikomomis apgyvendinimo kompleksui \u201eSHED Co-living\u201c (toliau \u2013&nbsp;Taisykl\u0117s), ir kita ra\u0161ytine informacija, pateikiama [&hellip;]\" \/>\n<meta property=\"og:url\" content=\"https:\/\/shedcoliving.com\/vilnius\/lt\/terms-of-use\/\" \/>\n<meta property=\"og:site_name\" content=\"SHED Co-living\" \/>\n<meta property=\"article:publisher\" content=\"https:\/\/www.facebook.com\/shedcolivingvilnius\/\" \/>\n<meta property=\"article:modified_time\" content=\"2025-08-27T06:42:15+00:00\" \/>\n<meta property=\"og:image\" content=\"https:\/\/shedcoliving.com\/vilnius\/wp-content\/uploads\/2024\/12\/shedcoliving-facebook-og-image.png\" \/>\n\t<meta property=\"og:image:width\" content=\"2048\" \/>\n\t<meta property=\"og:image:height\" content=\"1075\" \/>\n\t<meta property=\"og:image:type\" content=\"image\/png\" \/>\n<meta name=\"twitter:card\" content=\"summary_large_image\" \/>\n<meta name=\"twitter:label1\" content=\"Est. reading time\" \/>\n\t<meta name=\"twitter:data1\" content=\"5 minut\u0117s\" \/>\n<script type=\"application\/ld+json\" class=\"yoast-schema-graph\">{\"@context\":\"https:\/\/schema.org\",\"@graph\":[{\"@type\":\"WebPage\",\"@id\":\"https:\/\/shedcoliving.com\/vilnius\/lt\/terms-of-use\/\",\"url\":\"https:\/\/shedcoliving.com\/vilnius\/lt\/terms-of-use\/\",\"name\":\"Naudojimo s\u0105lygos - SHED Co-living\",\"isPartOf\":{\"@id\":\"https:\/\/shedcoliving.com\/vilnius\/#website\"},\"datePublished\":\"2024-11-12T09:47:05+00:00\",\"dateModified\":\"2025-08-27T06:42:15+00:00\",\"breadcrumb\":{\"@id\":\"https:\/\/shedcoliving.com\/vilnius\/lt\/terms-of-use\/#breadcrumb\"},\"inLanguage\":\"lt-LT\",\"potentialAction\":[{\"@type\":\"ReadAction\",\"target\":[\"https:\/\/shedcoliving.com\/vilnius\/lt\/terms-of-use\/\"]}]},{\"@type\":\"BreadcrumbList\",\"@id\":\"https:\/\/shedcoliving.com\/vilnius\/lt\/terms-of-use\/#breadcrumb\",\"itemListElement\":[{\"@type\":\"ListItem\",\"position\":1,\"name\":\"Home\",\"item\":\"https:\/\/shedcoliving.com\/vilnius\/lt\/\"},{\"@type\":\"ListItem\",\"position\":2,\"name\":\"Naudojimo s\u0105lygos\"}]},{\"@type\":\"WebSite\",\"@id\":\"https:\/\/shedcoliving.com\/vilnius\/#website\",\"url\":\"https:\/\/shedcoliving.com\/vilnius\/\",\"name\":\"SHED Co-living\",\"description\":\"Sukurk nauj\u0105j\u0105 savojo a\u0161 versij\u0105\",\"publisher\":{\"@id\":\"https:\/\/shedcoliving.com\/vilnius\/#organization\"},\"potentialAction\":[{\"@type\":\"SearchAction\",\"target\":{\"@type\":\"EntryPoint\",\"urlTemplate\":\"https:\/\/shedcoliving.com\/vilnius\/?s={search_term_string}\"},\"query-input\":{\"@type\":\"PropertyValueSpecification\",\"valueRequired\":true,\"valueName\":\"search_term_string\"}}],\"inLanguage\":\"lt-LT\"},{\"@type\":\"Organization\",\"@id\":\"https:\/\/shedcoliving.com\/vilnius\/#organization\",\"name\":\"Shed Co-living\",\"url\":\"https:\/\/shedcoliving.com\/vilnius\/\",\"logo\":{\"@type\":\"ImageObject\",\"inLanguage\":\"lt-LT\",\"@id\":\"https:\/\/shedcoliving.com\/vilnius\/#\/schema\/logo\/image\/\",\"url\":\"https:\/\/shedcoliving.com\/vilnius\/wp-content\/uploads\/2024\/12\/logo-black.svg\",\"contentUrl\":\"https:\/\/shedcoliving.com\/vilnius\/wp-content\/uploads\/2024\/12\/logo-black.svg\",\"width\":937,\"height\":347,\"caption\":\"Shed Co-living\"},\"image\":{\"@id\":\"https:\/\/shedcoliving.com\/vilnius\/#\/schema\/logo\/image\/\"},\"sameAs\":[\"https:\/\/www.facebook.com\/shedcolivingvilnius\/\",\"https:\/\/www.instagram.com\/shed_vilnius\/\"]}]}<\/script>\n<!-- \/ Yoast SEO plugin. -->","yoast_head_json":{"title":"Naudojimo s\u0105lygos - SHED Co-living","robots":{"index":"index","follow":"follow","max-snippet":"max-snippet:-1","max-image-preview":"max-image-preview:large","max-video-preview":"max-video-preview:-1"},"canonical":"https:\/\/shedcoliving.com\/vilnius\/lt\/terms-of-use\/","og_locale":"lt_LT","og_type":"article","og_title":"Naudojimo s\u0105lygos - SHED Co-living","og_description":"T&amp;C in English language Naudojimo s\u0105lygosSvetain\u0117 www.shedcoliving.com \u012esigaliojimo data: 2025-01-01 Atid\u017eiai perskaitykite \u0161ias svetain\u0117s&nbsp;www.shedcoliving.com&nbsp;naudojimo s\u0105lygas (toliau \u2013&nbsp;S\u0105lygos) prie\u0161 rezervuodami kambar\u012f svetain\u0117je&nbsp;https:\/\/shedcoliving.com\/&nbsp;(toliau \u2013&nbsp;Svetain\u0117), kuri\u0105 administruoja UAB SHED Vilnius (juridinio asmens kodas 306070275, adresas Ras\u0173 g. 9, Vilnius, Lietuva), kartu su m\u016bs\u0173&nbsp;Privatumo politika,&nbsp;Vidaus tvarkos taisykl\u0117mis, taikomomis apgyvendinimo kompleksui \u201eSHED Co-living\u201c (toliau \u2013&nbsp;Taisykl\u0117s), ir kita ra\u0161ytine informacija, pateikiama [&hellip;]","og_url":"https:\/\/shedcoliving.com\/vilnius\/lt\/terms-of-use\/","og_site_name":"SHED Co-living","article_publisher":"https:\/\/www.facebook.com\/shedcolivingvilnius\/","article_modified_time":"2025-08-27T06:42:15+00:00","og_image":[{"width":2048,"height":1075,"url":"https:\/\/shedcoliving.com\/vilnius\/wp-content\/uploads\/2024\/12\/shedcoliving-facebook-og-image.png","type":"image\/png"}],"twitter_card":"summary_large_image","twitter_misc":{"Est. reading time":"5 minut\u0117s"},"schema":{"@context":"https:\/\/schema.org","@graph":[{"@type":"WebPage","@id":"https:\/\/shedcoliving.com\/vilnius\/lt\/terms-of-use\/","url":"https:\/\/shedcoliving.com\/vilnius\/lt\/terms-of-use\/","name":"Naudojimo s\u0105lygos - SHED Co-living","isPartOf":{"@id":"https:\/\/shedcoliving.com\/vilnius\/#website"},"datePublished":"2024-11-12T09:47:05+00:00","dateModified":"2025-08-27T06:42:15+00:00","breadcrumb":{"@id":"https:\/\/shedcoliving.com\/vilnius\/lt\/terms-of-use\/#breadcrumb"},"inLanguage":"lt-LT","potentialAction":[{"@type":"ReadAction","target":["https:\/\/shedcoliving.com\/vilnius\/lt\/terms-of-use\/"]}]},{"@type":"BreadcrumbList","@id":"https:\/\/shedcoliving.com\/vilnius\/lt\/terms-of-use\/#breadcrumb","itemListElement":[{"@type":"ListItem","position":1,"name":"Home","item":"https:\/\/shedcoliving.com\/vilnius\/lt\/"},{"@type":"ListItem","position":2,"name":"Naudojimo s\u0105lygos"}]},{"@type":"WebSite","@id":"https:\/\/shedcoliving.com\/vilnius\/#website","url":"https:\/\/shedcoliving.com\/vilnius\/","name":"SHED Co-living","description":"Sukurk nauj\u0105j\u0105 savojo a\u0161 versij\u0105","publisher":{"@id":"https:\/\/shedcoliving.com\/vilnius\/#organization"},"potentialAction":[{"@type":"SearchAction","target":{"@type":"EntryPoint","urlTemplate":"https:\/\/shedcoliving.com\/vilnius\/?s={search_term_string}"},"query-input":{"@type":"PropertyValueSpecification","valueRequired":true,"valueName":"search_term_string"}}],"inLanguage":"lt-LT"},{"@type":"Organization","@id":"https:\/\/shedcoliving.com\/vilnius\/#organization","name":"Shed Co-living","url":"https:\/\/shedcoliving.com\/vilnius\/","logo":{"@type":"ImageObject","inLanguage":"lt-LT","@id":"https:\/\/shedcoliving.com\/vilnius\/#\/schema\/logo\/image\/","url":"https:\/\/shedcoliving.com\/vilnius\/wp-content\/uploads\/2024\/12\/logo-black.svg","contentUrl":"https:\/\/shedcoliving.com\/vilnius\/wp-content\/uploads\/2024\/12\/logo-black.svg","width":937,"height":347,"caption":"Shed Co-living"},"image":{"@id":"https:\/\/shedcoliving.com\/vilnius\/#\/schema\/logo\/image\/"},"sameAs":["https:\/\/www.facebook.com\/shedcolivingvilnius\/","https:\/\/www.instagram.com\/shed_vilnius\/"]}]}},"_links":{"self":[{"href":"https:\/\/shedcoliving.com\/vilnius\/lt\/wp-json\/wp\/v2\/pages\/9133","targetHints":{"allow":["GET"]}}],"collection":[{"href":"https:\/\/shedcoliving.com\/vilnius\/lt\/wp-json\/wp\/v2\/pages"}],"about":[{"href":"https:\/\/shedcoliving.com\/vilnius\/lt\/wp-json\/wp\/v2\/types\/page"}],"author":[{"embeddable":true,"href":"https:\/\/shedcoliving.com\/vilnius\/lt\/wp-json\/wp\/v2\/users\/1"}],"replies":[{"embeddable":true,"href":"https:\/\/shedcoliving.com\/vilnius\/lt\/wp-json\/wp\/v2\/comments?post=9133"}],"version-history":[{"count":9,"href":"https:\/\/shedcoliving.com\/vilnius\/lt\/wp-json\/wp\/v2\/pages\/9133\/revisions"}],"predecessor-version":[{"id":11368,"href":"https:\/\/shedcoliving.com\/vilnius\/lt\/wp-json\/wp\/v2\/pages\/9133\/revisions\/11368"}],"wp:attachment":[{"href":"https:\/\/shedcoliving.com\/vilnius\/lt\/wp-json\/wp\/v2\/media?parent=9133"}],"curies":[{"name":"wp","href":"https:\/\/api.w.org\/{rel}","templated":true}]}}