{"id":10605,"date":"2024-11-12T09:47:05","date_gmt":"2024-11-12T09:47:05","guid":{"rendered":"https:\/\/shedcoliving.com\/warsaw-campusliving\/tc\/"},"modified":"2026-03-16T09:09:59","modified_gmt":"2026-03-16T09:09:59","slug":"tc","status":"publish","type":"page","link":"https:\/\/shedcoliving.com\/warsaw-campusliving\/es\/tc\/","title":{"rendered":"T\u00e9rminos de Uso"},"content":{"rendered":"\n<h2 class=\"wp-block-heading\">del sitio web <a href=\"http:\/\/www.shedcoliving.com\">www.shedcoliving.com<\/a><\/h2>\n\n\n\n<p><strong>Fecha de entrada en vigor: 1 de enero de 2025<\/strong><\/p>\n\n\n\n<p>Por favor, lea detenidamente estos T\u00e9rminos del sitio web <a href=\"http:\/\/www.shedcoliving.com\">www.shedcoliving.com<\/a> (\u00abT\u00e9rminos\u00bb) antes de realizar la reserva de habitaci\u00f3n a trav\u00e9s del sitio web <a href=\"https:\/\/shedcoliving.com\/warsaw-campusliving\/es\/\">https:\/\/shedcoliving.com\/warsaw-campusliving\/<\/a> (\u00abSitio web\u00bb), operado por UAB \u00abSHED Vilnius\u00bb (c\u00f3digo de persona jur\u00eddica 306070275, direcci\u00f3n: calle Ras\u0173 9, Vilna, Lituania) y SIA \u00abJ12\u00bb (c\u00f3digo de persona jur\u00eddica 40203133168, direcci\u00f3n: Jelgavas iela 8, Riga, Letonia) (\u00abNosotros\u00bb o \u00abnuestro\u00bb), junto con nuestra Pol\u00edtica de Privacidad, el Reglamento de orden interno del complejo de alojamiento \u00abSHED Co-living\u00bb (\u00abReglamento\u00bb), y cualquier otra informaci\u00f3n escrita que hayamos puesto a su disposici\u00f3n antes de realizar la reserva de habitaci\u00f3n en \u00abSHED Co-living\u00bb (\u00abReserva\u00bb) y celebrar el Contrato de Prestaci\u00f3n de Servicios de Alojamiento (\u00abContrato\u00bb).<\/p>\n\n\n\n<p>En estos T\u00e9rminos, las referencias al \u00abUsuario\u00bb, \u00abusted\u00bb y \u00absu\u00bb incluyen a la primera persona indicada en la Reserva y a todas las personas en cuyo nombre se realiza la reserva.<\/p>\n\n\n\n<p>Su capacidad para realizar una Reserva est\u00e1 condicionada a la aceptaci\u00f3n y cumplimiento de estos T\u00e9rminos. Estos T\u00e9rminos se aplican a todos los visitantes, usuarios y personas que realicen la Reserva. Si incumple estos T\u00e9rminos, ya no estar\u00e1 autorizado a realizar la Reserva.<\/p>\n\n\n\n<p>Al realizar la Reserva, usted acepta quedar vinculado por estos T\u00e9rminos. Si no est\u00e1 de acuerdo con alguna parte de los T\u00e9rminos, no podr\u00e1 utilizar nuestros servicios ni realizar la Reserva.<\/p>\n\n\n\n<p>Nuestra Pol\u00edtica de Privacidad describe c\u00f3mo tratamos los datos personales que nos proporciona al utilizar nuestros servicios para realizar la Reserva. Usted entiende que, al utilizar nuestros servicios, consiente la recopilaci\u00f3n y el uso (seg\u00fan lo establecido en la Pol\u00edtica de Privacidad) de dichos datos personales.<\/p>\n\n\n\n<h2 class=\"wp-block-heading\">1. RESERVA<\/h2>\n\n\n\n<p>Antes de enviar la solicitud de Reserva y celebrar el Contrato, el Usuario deber\u00e1 confirmar que cumple las siguientes condiciones y ser\u00e1 responsable de su cumplimiento durante la Reserva:<\/p>\n\n\n\n<p>El Usuario es una persona f\u00edsica que ha cumplido al menos 18 a\u00f1os, especificando su nombre, apellido, pa\u00eds de residencia, direcci\u00f3n de correo electr\u00f3nico, n\u00famero de tel\u00e9fono, per\u00edodo de estancia solicitado, tipo de habitaci\u00f3n, motivo de la estancia, informaci\u00f3n sobre si el Usuario es estudiante Erasmus\/de intercambio o estudiante a tiempo completo, as\u00ed como el curso acad\u00e9mico (si corresponde);<\/p>\n\n\n\n<p>El Usuario tiene una cuenta bancaria abierta;<\/p>\n\n\n\n<p>La capacidad de obrar del Usuario no ha sido restringida por sentencia judicial;<\/p>\n\n\n\n<p>El Usuario tiene plena capacidad de obrar y no se encuentra bajo los efectos del alcohol, estupefacientes, sustancias psicotr\u00f3picas o t\u00f3xicas, u otras sustancias intoxicantes;<\/p>\n\n\n\n<p>El Usuario es el verdadero beneficiario de los servicios de alojamiento, salvo que se indique lo contrario durante la Reserva;<\/p>\n\n\n\n<p>El Usuario deber\u00e1 reservar la habitaci\u00f3n enviando la solicitud de Reserva disponible en el Sitio web, aceptando estos T\u00e9rminos, as\u00ed como el Contrato, el Reglamento y la Pol\u00edtica de Privacidad.<\/p>\n\n\n\n<h2 class=\"wp-block-heading\">2. PAGOS<\/h2>\n\n\n\n<p>Para completar la Reserva y celebrar el Contrato con nosotros, deber\u00e1 realizar un pago en concepto de dep\u00f3sito cuyo importe se especifica en el formulario de solicitud de reserva. Una vez enviada la solicitud de Reserva, ser\u00e1 redirigido a su banco para efectuar dicho pago. El dep\u00f3sito puede abonarse mediante transferencia bancaria o tarjeta de cr\u00e9dito (Visa, Mastercard). Utilizamos el proveedor de servicios de pago PaySera (<a href=\"https:\/\/www.paysera.lt\/\">https:\/\/www.paysera.lt\/<\/a>).<\/p>\n\n\n\n<p>Una vez abonado el dep\u00f3sito requerido, el Contrato se generar\u00e1 autom\u00e1ticamente y ser\u00e1 enviado a la direcci\u00f3n de correo electr\u00f3nico que usted haya indicado durante el proceso de Reserva.<\/p>\n\n\n\n<p>Si por cualquier motivo no pudiera llegar al establecimiento en la fecha prevista, podremos ampliar el plazo de la Reserva de habitaci\u00f3n a su solicitud escrita, siempre que haya abonado el dep\u00f3sito indicado en la solicitud inicial de Reserva y se haya comprometido a abonar el importe total correspondiente al per\u00edodo de la Reserva. La tarifa de reserva de habitaci\u00f3n es equivalente al precio de los servicios de alojamiento para la habitaci\u00f3n reservada y se calcula proporcionalmente al per\u00edodo de la Reserva. Dicha tarifa deber\u00e1 abonarse en un plazo de 5 (cinco) d\u00edas a partir de la fecha de emisi\u00f3n de la factura. Si el pago se retrasa m\u00e1s de 3 (tres) d\u00edas, a partir del cuarto d\u00eda de retraso tendremos derecho a cancelar unilateralmente la Reserva de habitaci\u00f3n sin previo aviso.<\/p>\n\n\n\n<h2 class=\"wp-block-heading\">3. POL\u00cdTICA DE CANCELACI\u00d3N<\/h2>\n\n\n\n<p>La Reserva puede ser cancelada por el Usuario antes de que se haya efectuado el pago del dep\u00f3sito. En este caso, no se cobrar\u00e1 ning\u00fan cargo.<\/p>\n\n\n\n<p>Si la Reserva se cancela despu\u00e9s de haberse efectuado el pago del dep\u00f3sito, dicho pago no ser\u00e1 reembolsado al Usuario. Si el Residente decide cancelar la Reserva de habitaci\u00f3n tras haber abonado el dep\u00f3sito, o si en el plazo de 10 (diez) d\u00edas desde el inicio de la prestaci\u00f3n de los Servicios de Alojamiento (establecido durante la reserva en l\u00ednea) no se presenta en el establecimiento (salvo acuerdo expreso por escrito entre las Partes), se considerar\u00e1 que el Residente ha resuelto el Contrato antes del vencimiento sin culpa del Proveedor de Servicios de Alojamiento, y el dep\u00f3sito abonado no ser\u00e1 reembolsado. Cabe se\u00f1alar que la llegada tard\u00eda no afecta a la factura mensual, que se emitir\u00e1 por el mes completo, independientemente de la fecha de entrada.<\/p>\n\n\n\n<p>En circunstancias excepcionales, podr\u00edamos vernos obligados a cancelar su Reserva por causa de fuerza mayor o por un acontecimiento fuera de nuestro control. En tal caso, le notificaremos lo antes posible y: i) si ya ha abonado el dep\u00f3sito, se lo reembolsaremos; o ii) si a\u00fan no ha abonado el dep\u00f3sito, no estaremos obligados a hacerlo. Lamentamos no poder hacernos cargo de los gastos o p\u00e9rdidas que pudiera sufrir como consecuencia de dicha cancelaci\u00f3n por causa de fuerza mayor o acontecimiento fuera de nuestro control. A efectos de esta cl\u00e1usula, se entiende por fuerza mayor todo acontecimiento que no podamos prever ni evitar, aun con toda la diligencia debida, y como consecuencia del cual no podamos proporcionarle su habitaci\u00f3n.<\/p>\n\n\n\n<h2 class=\"wp-block-heading\">4. RESPONSABILIDAD<\/h2>\n\n\n\n<p>Usted es plenamente responsable (econ\u00f3mica o de cualquier otra forma) de sus actividades en el Sitio web. Garantiza que la informaci\u00f3n que introduce en el Sitio web en relaci\u00f3n con usted es exacta. Ser\u00e1 responsable si dicha informaci\u00f3n es fraudulenta o incorrecta.<\/p>\n\n\n\n<p>Cualquier uso del Sitio web que sea fraudulento o contravenga estos T\u00e9rminos ser\u00e1 motivo para denegarle el acceso al servicio ofrecido por nosotros o a las dem\u00e1s funcionalidades del Sitio web. Si incumple estos T\u00e9rminos, no seremos responsables de las p\u00e9rdidas que usted sufra como consecuencia de ello.<\/p>\n\n\n\n<p>No somos responsables de su uso del Sitio web, salvo que haya sufrido da\u00f1os materiales como consecuencia directa de nuestras acciones. Quedamos exentos de responsabilidad en virtud de esta cl\u00e1usula si demostramos que no somos en modo alguno responsables del hecho que origina el da\u00f1o. En ning\u00fan caso seremos responsables de p\u00e9rdidas indirectas, de fuerza mayor ni de acontecimientos fuera de nuestro control.<\/p>\n\n\n\n<h2 class=\"wp-block-heading\">5. DERECHOS DE PROPIEDAD INTELECTUAL<\/h2>\n\n\n\n<p>Todos los derechos del Sitio web (marcas comerciales, contenidos, etc.) son de nuestra propiedad, y al utilizar nuestro Sitio web usted acepta hacerlo \u00fanicamente con el fin para el que fue creado y respetando las condiciones establecidas en estos T\u00e9rminos.<\/p>\n\n\n\n<p>El contenido original, las caracter\u00edsticas y la funcionalidad de nuestro Sitio web son de nuestra propiedad y est\u00e1n protegidos por las leyes europeas e internacionales sobre derechos de autor, marcas comerciales, patentes, secretos comerciales y otras leyes de propiedad intelectual o derechos de propiedad. Por tanto, al aceptar estos T\u00e9rminos, usted se compromete a no copiar, modificar, crear obras derivadas, exhibir p\u00fablicamente, ejecutar p\u00fablicamente ni republicar ninguno de nuestros materiales protegidos por derechos de autor sin nuestro permiso expreso y por escrito.<\/p>\n\n\n\n<h2 class=\"wp-block-heading\">6. RESCISI\u00d3N<\/h2>\n\n\n\n<p>Podremos rescindir o suspender su acceso a nuestros servicios de forma inmediata, sin previo aviso ni responsabilidad, por cualquier motivo, incluyendo, sin limitaci\u00f3n, el incumplimiento de los T\u00e9rminos por su parte.<\/p>\n\n\n\n<p>Todas las disposiciones de los T\u00e9rminos que por su naturaleza deban subsistir tras la rescisi\u00f3n, subsistir\u00e1n, incluyendo, sin limitaci\u00f3n, las disposiciones sobre titularidad, exenciones de garant\u00eda, indemnizaci\u00f3n y limitaciones de responsabilidad.<\/p>\n\n\n\n<h2 class=\"wp-block-heading\">7. LEY APLICABLE<\/h2>\n\n\n\n<p>Estos T\u00e9rminos se regir\u00e1n e interpretar\u00e1n de conformidad con las leyes del pa\u00eds en el que se encuentre el objeto del Contrato, sin tener en cuenta sus disposiciones sobre conflicto de leyes.<\/p>\n\n\n\n<p>El hecho de que no hagamos valer alg\u00fan derecho o disposici\u00f3n de estos T\u00e9rminos no se considerar\u00e1 una renuncia a dichos derechos. Si un tribunal declarara inv\u00e1lida o inaplicable alguna disposici\u00f3n de estos T\u00e9rminos, las dem\u00e1s disposiciones seguir\u00e1n en vigor.<\/p>\n\n\n\n<h2 class=\"wp-block-heading\">8. MODIFICACIONES<\/h2>\n\n\n\n<p>Nos reservamos el derecho, a nuestra entera discreci\u00f3n, de modificar o sustituir estos T\u00e9rminos en cualquier momento. Realizaremos esfuerzos razonables para informarle de dichos cambios. Los avisos sobre modificaciones podr\u00e1n realizarse mediante la publicaci\u00f3n de los cambios en nuestro Sitio web. Le recomendamos que consulte peri\u00f3dicamente nuestro Sitio web para estar al tanto de posibles cambios. El uso continuado de nuestros servicios tras dichos cambios implica que los acepta y est\u00e1 de acuerdo con ellos.<\/p>\n\n\n\n<h2 class=\"wp-block-heading\">9. CONT\u00c1CTENOS<\/h2>\n\n\n\n<p>Si tiene alguna pregunta sobre estos T\u00e9rminos, p\u00f3ngase en contacto con nosotros en <a href=\"mailto:vilnius@shedcoliving.com\">vilnius@shedcoliving.com<\/a>.<\/p>\n\n\n\n<p>Los T\u00e9rminos de Uso se redactar\u00e1n en lituano, let\u00f3n e ingl\u00e9s. En caso de discrepancias entre las versiones ling\u00fc\u00edsticas, prevalecer\u00e1 la del idioma del pa\u00eds en el que se encuentre el establecimiento al que se aplican los T\u00e9rminos de Uso.<\/p>\n\n\n\n<p><em>El complejo de alojamiento \u00abSHED Co-living\u00bb comprende: (i) la residencia de estudiantes \u00abSHED Vilnius\u00bb, situada en la calle Santaros 3, Vilna, Lituania, gestionada por SHED Vilnius, UAB, c\u00f3digo de empresa 306070275, correo electr\u00f3nico: <a href=\"mailto:vilnius@shedcoliving.com\">vilnius@shedcoliving.com<\/a>, tel. +370 657 88805, y (ii) la residencia de estudiantes \u00abSHED Riga\u00bb, situada en Jelgavas iela 8\/12, Riga, Letonia, gestionada por SIA \u00abJ12\u00bb, c\u00f3digo de empresa 40203133168, correo electr\u00f3nico: <a href=\"mailto:riga@shedcoliving.com\">riga@shedcoliving.com<\/a>, tel. +371 29551154.<\/em><\/p>\n","protected":false},"excerpt":{"rendered":"<p>del sitio web www.shedcoliving.com Fecha de entrada en vigor: 1 de enero de 2025 Por favor, lea detenidamente estos T\u00e9rminos del sitio web www.shedcoliving.com (\u00abT\u00e9rminos\u00bb) antes de realizar la reserva de habitaci\u00f3n a trav\u00e9s del sitio web https:\/\/shedcoliving.com\/warsaw-campusliving\/ (\u00abSitio web\u00bb), operado por UAB \u00abSHED Vilnius\u00bb (c\u00f3digo de persona jur\u00eddica 306070275, direcci\u00f3n: calle Ras\u0173 9, Vilna, [&hellip;]<\/p>\n","protected":false},"author":1,"featured_media":0,"parent":0,"menu_order":0,"comment_status":"closed","ping_status":"closed","template":"template-policy.php","meta":{"_acf_changed":false,"inline_featured_image":false,"_joinchat":[],"footnotes":""},"class_list":["post-10605","page","type-page","status-publish","hentry"],"acf":[],"yoast_head":"<!-- This site is optimized with the Yoast SEO plugin v27.2 - https:\/\/yoast.com\/product\/yoast-seo-wordpress\/ -->\n<title>T\u00e9rminos de Uso - SHED Warsaw - Campus Living<\/title>\n<meta name=\"robots\" content=\"index, follow, max-snippet:-1, max-image-preview:large, max-video-preview:-1\" \/>\n<link rel=\"canonical\" href=\"https:\/\/shedcoliving.com\/warsaw-campusliving\/es\/tc\/\" \/>\n<meta property=\"og:locale\" content=\"es_ES\" \/>\n<meta property=\"og:type\" content=\"article\" \/>\n<meta property=\"og:title\" content=\"T\u00e9rminos de Uso - SHED Warsaw - Campus Living\" \/>\n<meta property=\"og:description\" content=\"del sitio web www.shedcoliving.com Fecha de entrada en vigor: 1 de enero de 2025 Por favor, lea detenidamente estos T\u00e9rminos del sitio web www.shedcoliving.com (\u00abT\u00e9rminos\u00bb) antes de realizar la reserva de habitaci\u00f3n a trav\u00e9s del sitio web https:\/\/shedcoliving.com\/warsaw-campusliving\/ (\u00abSitio web\u00bb), operado por UAB \u00abSHED Vilnius\u00bb (c\u00f3digo de persona jur\u00eddica 306070275, direcci\u00f3n: calle Ras\u0173 9, Vilna, [&hellip;]\" \/>\n<meta property=\"og:url\" content=\"https:\/\/shedcoliving.com\/warsaw-campusliving\/es\/tc\/\" \/>\n<meta property=\"og:site_name\" content=\"SHED Warsaw - Campus Living\" \/>\n<meta property=\"article:publisher\" content=\"https:\/\/www.facebook.com\/shedcolivingvilnius\/\" \/>\n<meta property=\"article:modified_time\" content=\"2026-03-16T09:09:59+00:00\" \/>\n<meta property=\"og:image\" content=\"https:\/\/shedcoliving.com\/warsaw-campusliving\/wp-content\/uploads\/2024\/12\/shedcoliving-facebook-og-image-1.png\" \/>\n\t<meta property=\"og:image:width\" content=\"2048\" \/>\n\t<meta property=\"og:image:height\" content=\"1075\" \/>\n\t<meta property=\"og:image:type\" content=\"image\/png\" \/>\n<meta name=\"twitter:card\" content=\"summary_large_image\" \/>\n<meta name=\"twitter:label1\" content=\"Tiempo de lectura\" \/>\n\t<meta name=\"twitter:data1\" content=\"7 minutos\" \/>\n<script type=\"application\/ld+json\" class=\"yoast-schema-graph\">{\"@context\":\"https:\/\/schema.org\",\"@graph\":[{\"@type\":\"WebPage\",\"@id\":\"https:\/\/shedcoliving.com\/warsaw-campusliving\/es\/tc\/\",\"url\":\"https:\/\/shedcoliving.com\/warsaw-campusliving\/es\/tc\/\",\"name\":\"T\u00e9rminos de Uso - SHED Warsaw - Campus Living\",\"isPartOf\":{\"@id\":\"https:\/\/shedcoliving.com\/warsaw-campusliving\/#website\"},\"datePublished\":\"2024-11-12T09:47:05+00:00\",\"dateModified\":\"2026-03-16T09:09:59+00:00\",\"breadcrumb\":{\"@id\":\"https:\/\/shedcoliving.com\/warsaw-campusliving\/es\/tc\/#breadcrumb\"},\"inLanguage\":\"es\",\"potentialAction\":[{\"@type\":\"ReadAction\",\"target\":[\"https:\/\/shedcoliving.com\/warsaw-campusliving\/es\/tc\/\"]}]},{\"@type\":\"BreadcrumbList\",\"@id\":\"https:\/\/shedcoliving.com\/warsaw-campusliving\/es\/tc\/#breadcrumb\",\"itemListElement\":[{\"@type\":\"ListItem\",\"position\":1,\"name\":\"Home\",\"item\":\"https:\/\/shedcoliving.com\/warsaw-campusliving\/es\/\"},{\"@type\":\"ListItem\",\"position\":2,\"name\":\"T\u00e9rminos de Uso\"}]},{\"@type\":\"WebSite\",\"@id\":\"https:\/\/shedcoliving.com\/warsaw-campusliving\/#website\",\"url\":\"https:\/\/shedcoliving.com\/warsaw-campusliving\/\",\"name\":\"SHED Warsaw - Campus Living\",\"description\":\"Build a new version of yourself!\",\"publisher\":{\"@id\":\"https:\/\/shedcoliving.com\/warsaw-campusliving\/#organization\"},\"potentialAction\":[{\"@type\":\"SearchAction\",\"target\":{\"@type\":\"EntryPoint\",\"urlTemplate\":\"https:\/\/shedcoliving.com\/warsaw-campusliving\/?s={search_term_string}\"},\"query-input\":{\"@type\":\"PropertyValueSpecification\",\"valueRequired\":true,\"valueName\":\"search_term_string\"}}],\"inLanguage\":\"es\"},{\"@type\":\"Organization\",\"@id\":\"https:\/\/shedcoliving.com\/warsaw-campusliving\/#organization\",\"name\":\"Shed Co-living\",\"url\":\"https:\/\/shedcoliving.com\/warsaw-campusliving\/\",\"logo\":{\"@type\":\"ImageObject\",\"inLanguage\":\"es\",\"@id\":\"https:\/\/shedcoliving.com\/warsaw-campusliving\/#\/schema\/logo\/image\/\",\"url\":\"https:\/\/shedcoliving.com\/warsaw-campusliving\/wp-content\/uploads\/2024\/12\/logo-black.svg\",\"contentUrl\":\"https:\/\/shedcoliving.com\/warsaw-campusliving\/wp-content\/uploads\/2024\/12\/logo-black.svg\",\"width\":937,\"height\":347,\"caption\":\"Shed Co-living\"},\"image\":{\"@id\":\"https:\/\/shedcoliving.com\/warsaw-campusliving\/#\/schema\/logo\/image\/\"},\"sameAs\":[\"https:\/\/www.facebook.com\/shedcolivingvilnius\/\",\"https:\/\/www.instagram.com\/shed_vilnius\/\"]}]}<\/script>\n<!-- \/ Yoast SEO plugin. -->","yoast_head_json":{"title":"T\u00e9rminos de Uso - SHED Warsaw - Campus Living","robots":{"index":"index","follow":"follow","max-snippet":"max-snippet:-1","max-image-preview":"max-image-preview:large","max-video-preview":"max-video-preview:-1"},"canonical":"https:\/\/shedcoliving.com\/warsaw-campusliving\/es\/tc\/","og_locale":"es_ES","og_type":"article","og_title":"T\u00e9rminos de Uso - SHED Warsaw - Campus Living","og_description":"del sitio web www.shedcoliving.com Fecha de entrada en vigor: 1 de enero de 2025 Por favor, lea detenidamente estos T\u00e9rminos del sitio web www.shedcoliving.com (\u00abT\u00e9rminos\u00bb) antes de realizar la reserva de habitaci\u00f3n a trav\u00e9s del sitio web https:\/\/shedcoliving.com\/warsaw-campusliving\/ (\u00abSitio web\u00bb), operado por UAB \u00abSHED Vilnius\u00bb (c\u00f3digo de persona jur\u00eddica 306070275, direcci\u00f3n: calle Ras\u0173 9, Vilna, [&hellip;]","og_url":"https:\/\/shedcoliving.com\/warsaw-campusliving\/es\/tc\/","og_site_name":"SHED Warsaw - Campus Living","article_publisher":"https:\/\/www.facebook.com\/shedcolivingvilnius\/","article_modified_time":"2026-03-16T09:09:59+00:00","og_image":[{"width":2048,"height":1075,"url":"https:\/\/shedcoliving.com\/warsaw-campusliving\/wp-content\/uploads\/2024\/12\/shedcoliving-facebook-og-image-1.png","type":"image\/png"}],"twitter_card":"summary_large_image","twitter_misc":{"Tiempo de lectura":"7 minutos"},"schema":{"@context":"https:\/\/schema.org","@graph":[{"@type":"WebPage","@id":"https:\/\/shedcoliving.com\/warsaw-campusliving\/es\/tc\/","url":"https:\/\/shedcoliving.com\/warsaw-campusliving\/es\/tc\/","name":"T\u00e9rminos de Uso - SHED Warsaw - Campus Living","isPartOf":{"@id":"https:\/\/shedcoliving.com\/warsaw-campusliving\/#website"},"datePublished":"2024-11-12T09:47:05+00:00","dateModified":"2026-03-16T09:09:59+00:00","breadcrumb":{"@id":"https:\/\/shedcoliving.com\/warsaw-campusliving\/es\/tc\/#breadcrumb"},"inLanguage":"es","potentialAction":[{"@type":"ReadAction","target":["https:\/\/shedcoliving.com\/warsaw-campusliving\/es\/tc\/"]}]},{"@type":"BreadcrumbList","@id":"https:\/\/shedcoliving.com\/warsaw-campusliving\/es\/tc\/#breadcrumb","itemListElement":[{"@type":"ListItem","position":1,"name":"Home","item":"https:\/\/shedcoliving.com\/warsaw-campusliving\/es\/"},{"@type":"ListItem","position":2,"name":"T\u00e9rminos de Uso"}]},{"@type":"WebSite","@id":"https:\/\/shedcoliving.com\/warsaw-campusliving\/#website","url":"https:\/\/shedcoliving.com\/warsaw-campusliving\/","name":"SHED Warsaw - Campus Living","description":"Build a new version of yourself!","publisher":{"@id":"https:\/\/shedcoliving.com\/warsaw-campusliving\/#organization"},"potentialAction":[{"@type":"SearchAction","target":{"@type":"EntryPoint","urlTemplate":"https:\/\/shedcoliving.com\/warsaw-campusliving\/?s={search_term_string}"},"query-input":{"@type":"PropertyValueSpecification","valueRequired":true,"valueName":"search_term_string"}}],"inLanguage":"es"},{"@type":"Organization","@id":"https:\/\/shedcoliving.com\/warsaw-campusliving\/#organization","name":"Shed Co-living","url":"https:\/\/shedcoliving.com\/warsaw-campusliving\/","logo":{"@type":"ImageObject","inLanguage":"es","@id":"https:\/\/shedcoliving.com\/warsaw-campusliving\/#\/schema\/logo\/image\/","url":"https:\/\/shedcoliving.com\/warsaw-campusliving\/wp-content\/uploads\/2024\/12\/logo-black.svg","contentUrl":"https:\/\/shedcoliving.com\/warsaw-campusliving\/wp-content\/uploads\/2024\/12\/logo-black.svg","width":937,"height":347,"caption":"Shed Co-living"},"image":{"@id":"https:\/\/shedcoliving.com\/warsaw-campusliving\/#\/schema\/logo\/image\/"},"sameAs":["https:\/\/www.facebook.com\/shedcolivingvilnius\/","https:\/\/www.instagram.com\/shed_vilnius\/"]}]}},"_links":{"self":[{"href":"https:\/\/shedcoliving.com\/warsaw-campusliving\/es\/wp-json\/wp\/v2\/pages\/10605","targetHints":{"allow":["GET"]}}],"collection":[{"href":"https:\/\/shedcoliving.com\/warsaw-campusliving\/es\/wp-json\/wp\/v2\/pages"}],"about":[{"href":"https:\/\/shedcoliving.com\/warsaw-campusliving\/es\/wp-json\/wp\/v2\/types\/page"}],"author":[{"embeddable":true,"href":"https:\/\/shedcoliving.com\/warsaw-campusliving\/es\/wp-json\/wp\/v2\/users\/1"}],"replies":[{"embeddable":true,"href":"https:\/\/shedcoliving.com\/warsaw-campusliving\/es\/wp-json\/wp\/v2\/comments?post=10605"}],"version-history":[{"count":2,"href":"https:\/\/shedcoliving.com\/warsaw-campusliving\/es\/wp-json\/wp\/v2\/pages\/10605\/revisions"}],"predecessor-version":[{"id":16349,"href":"https:\/\/shedcoliving.com\/warsaw-campusliving\/es\/wp-json\/wp\/v2\/pages\/10605\/revisions\/16349"}],"wp:attachment":[{"href":"https:\/\/shedcoliving.com\/warsaw-campusliving\/es\/wp-json\/wp\/v2\/media?parent=10605"}],"curies":[{"name":"wp","href":"https:\/\/api.w.org\/{rel}","templated":true}]}}