{"id":12386,"date":"2024-11-12T10:47:36","date_gmt":"2024-11-12T10:47:36","guid":{"rendered":"https:\/\/shedcoliving.com\/warsaw-skyliving\/company-details\/"},"modified":"2026-03-18T08:57:03","modified_gmt":"2026-03-18T08:57:03","slug":"company-details","status":"publish","type":"page","link":"https:\/\/shedcoliving.com\/warsaw-skyliving\/es\/company-details\/","title":{"rendered":"Datos de la empresa"},"content":{"rendered":"\n<p>Ciudad de Vilna:<br><br>UAB \u00abSHED Vilnius\u00bb<br>Calle Ras\u0173, 9, Vilna, LT-11350<br>N.\u00ba de empresa: 306070275<br>N.\u00ba de IVA: LT100015037418<br><br>Ciudad de Riga:<br><br>J12, SIA<br>Jelgavas iela 8, Riga, LV-1004<br>N.\u00ba de empresa: 40203133168<br>N.\u00ba de IVA: LV40203133168<br><br>Ciudad de Varsovia:<br><br>SHED Sky Living<br>Calle: \u017bwirki i Wigury 31 Ochota, Varsovia, Polonia<br>Correo electr\u00f3nico: shedwarsawsky@yugo.com<br>NIP: 5252897848<br><br>SHED Campus Living<br>Pu\u0142awska 246, 02-819 Varsovia, Polonia<br>Correo electr\u00f3nico: shedwarsawcampus@yugo.com<br>NIP: 7011056031<br><br>Ciudad de Cracovia:<br><br><br>SHED Krakow<br>Aleja 3 Maja, 30-062 Cracovia, Polonia<br>Correo electr\u00f3nico: shedkrakow@beyoo.pl<br>NIP: 9452235864<br><br><\/p>\n\n\n\n<p>UAB \u00abSHED Vilnius\u00bb<br>Ras\u0173 g. 9, Vilnius, LT-11350<br>Company Nr. 306070275<br>VAT Nr.&nbsp;LT100015037418<\/p>\n\n\n\n<p>Riga city:<\/p>\n\n\n\n<p>J12, SIA<br>Jelgavas iela 8, Riga, LV-1004<br>Company Nr. 40203133168<br>VAT Nr. LV40203133168<\/p>\n\n\n\n<p>Warsaw City:<\/p>\n\n\n\n<p><strong>SHED Sky Living<\/strong><br>Street: \u017bwirki i Wigury 31 Ochota, Warsaw, Poland<br>e-mail: <a href=\"mailto:shedwarsawsky@yugo.com\">shedwarsawsky@yugo.com<\/a><br>NIP: 5252897848<\/p>\n\n\n\n<p><strong>SHED Campus Living<\/strong><br>Pu\u0142awska 246, 02-819 Warszawa, Polska<br>e-mail: <a href=\"mailto:shedwarsawcampus@yugo.com\" target=\"_blank\" rel=\"noreferrer noopener\">shedwarsawcampus@yugo.com<\/a><br>NIP: 7011056031<\/p>\n\n\n\n<p><strong>Krakow <\/strong>city:<\/p>\n\n\n\n<p><br><strong>SHED Krakow<\/strong><br>Aleja 3 Maja, 30-062 Krak\u00f3w, Poland<br>e-mail: <a href=\"mailto:shedkrakow@beyoo.pl\" target=\"_blank\" rel=\"noreferrer noopener\">shedkrakow@beyoo.pl<\/a><br>NIP: 9452235864<\/p>\n\n\n\n<p><br><br><\/p>\n","protected":false},"excerpt":{"rendered":"<p>Ciudad de Vilna: UAB \u00abSHED Vilnius\u00bbCalle Ras\u0173, 9, Vilna, LT-11350N.\u00ba de empresa: 306070275N.\u00ba de IVA: LT100015037418 Ciudad de Riga: J12, SIAJelgavas iela 8, Riga, LV-1004N.\u00ba de empresa: 40203133168N.\u00ba de IVA: LV40203133168 Ciudad de Varsovia: SHED Sky LivingCalle: \u017bwirki i Wigury 31 Ochota, Varsovia, PoloniaCorreo electr\u00f3nico: shedwarsawsky@yugo.comNIP: 5252897848 SHED Campus LivingPu\u0142awska 246, 02-819 Varsovia, PoloniaCorreo electr\u00f3nico: [&hellip;]<\/p>\n","protected":false},"author":1,"featured_media":0,"parent":0,"menu_order":0,"comment_status":"closed","ping_status":"closed","template":"template-policy.php","meta":{"_acf_changed":false,"inline_featured_image":false,"_joinchat":[],"footnotes":""},"class_list":["post-12386","page","type-page","status-publish","hentry"],"acf":[],"yoast_head":"<!-- This site is optimized with the Yoast SEO plugin v27.2 - https:\/\/yoast.com\/product\/yoast-seo-wordpress\/ -->\n<title>Datos de la empresa - SHED Warsaw - Sky Living<\/title>\n<meta name=\"robots\" content=\"index, follow, max-snippet:-1, max-image-preview:large, max-video-preview:-1\" \/>\n<link rel=\"canonical\" href=\"https:\/\/shedcoliving.com\/warsaw-skyliving\/es\/company-details\/\" \/>\n<meta property=\"og:locale\" content=\"es_ES\" \/>\n<meta property=\"og:type\" content=\"article\" \/>\n<meta property=\"og:title\" content=\"Datos de la empresa - SHED Warsaw - Sky Living\" \/>\n<meta property=\"og:description\" content=\"Ciudad de Vilna: UAB \u00abSHED Vilnius\u00bbCalle Ras\u0173, 9, Vilna, LT-11350N.\u00ba de empresa: 306070275N.\u00ba de IVA: LT100015037418 Ciudad de Riga: J12, SIAJelgavas iela 8, Riga, LV-1004N.\u00ba de empresa: 40203133168N.\u00ba de IVA: LV40203133168 Ciudad de Varsovia: SHED Sky LivingCalle: \u017bwirki i Wigury 31 Ochota, Varsovia, PoloniaCorreo electr\u00f3nico: shedwarsawsky@yugo.comNIP: 5252897848 SHED Campus LivingPu\u0142awska 246, 02-819 Varsovia, PoloniaCorreo electr\u00f3nico: [&hellip;]\" \/>\n<meta property=\"og:url\" content=\"https:\/\/shedcoliving.com\/warsaw-skyliving\/es\/company-details\/\" \/>\n<meta property=\"og:site_name\" content=\"SHED Warsaw - Sky Living\" \/>\n<meta property=\"article:publisher\" content=\"https:\/\/www.facebook.com\/shedcolivingvilnius\/\" \/>\n<meta property=\"article:modified_time\" content=\"2026-03-18T08:57:03+00:00\" \/>\n<meta property=\"og:image\" content=\"https:\/\/shedcoliving.com\/warsaw-skyliving\/wp-content\/uploads\/2024\/12\/shedcoliving-facebook-og-image-1.png\" \/>\n\t<meta property=\"og:image:width\" content=\"2048\" \/>\n\t<meta property=\"og:image:height\" content=\"1075\" \/>\n\t<meta property=\"og:image:type\" content=\"image\/png\" \/>\n<meta name=\"twitter:card\" content=\"summary_large_image\" \/>\n<meta name=\"twitter:label1\" content=\"Tiempo de lectura\" \/>\n\t<meta name=\"twitter:data1\" content=\"1 minuto\" \/>\n<script type=\"application\/ld+json\" class=\"yoast-schema-graph\">{\"@context\":\"https:\/\/schema.org\",\"@graph\":[{\"@type\":\"WebPage\",\"@id\":\"https:\/\/shedcoliving.com\/warsaw-skyliving\/es\/company-details\/\",\"url\":\"https:\/\/shedcoliving.com\/warsaw-skyliving\/es\/company-details\/\",\"name\":\"Datos de la empresa - SHED Warsaw - Sky Living\",\"isPartOf\":{\"@id\":\"https:\/\/shedcoliving.com\/warsaw-skyliving\/#website\"},\"datePublished\":\"2024-11-12T10:47:36+00:00\",\"dateModified\":\"2026-03-18T08:57:03+00:00\",\"breadcrumb\":{\"@id\":\"https:\/\/shedcoliving.com\/warsaw-skyliving\/es\/company-details\/#breadcrumb\"},\"inLanguage\":\"es\",\"potentialAction\":[{\"@type\":\"ReadAction\",\"target\":[\"https:\/\/shedcoliving.com\/warsaw-skyliving\/es\/company-details\/\"]}]},{\"@type\":\"BreadcrumbList\",\"@id\":\"https:\/\/shedcoliving.com\/warsaw-skyliving\/es\/company-details\/#breadcrumb\",\"itemListElement\":[{\"@type\":\"ListItem\",\"position\":1,\"name\":\"Home\",\"item\":\"https:\/\/shedcoliving.com\/warsaw-skyliving\/es\/\"},{\"@type\":\"ListItem\",\"position\":2,\"name\":\"Datos de la empresa\"}]},{\"@type\":\"WebSite\",\"@id\":\"https:\/\/shedcoliving.com\/warsaw-skyliving\/#website\",\"url\":\"https:\/\/shedcoliving.com\/warsaw-skyliving\/\",\"name\":\"SHED Warsaw - Sky Living\",\"description\":\"Build a new version of yourself!\",\"publisher\":{\"@id\":\"https:\/\/shedcoliving.com\/warsaw-skyliving\/#organization\"},\"potentialAction\":[{\"@type\":\"SearchAction\",\"target\":{\"@type\":\"EntryPoint\",\"urlTemplate\":\"https:\/\/shedcoliving.com\/warsaw-skyliving\/?s={search_term_string}\"},\"query-input\":{\"@type\":\"PropertyValueSpecification\",\"valueRequired\":true,\"valueName\":\"search_term_string\"}}],\"inLanguage\":\"es\"},{\"@type\":\"Organization\",\"@id\":\"https:\/\/shedcoliving.com\/warsaw-skyliving\/#organization\",\"name\":\"Shed Co-living\",\"url\":\"https:\/\/shedcoliving.com\/warsaw-skyliving\/\",\"logo\":{\"@type\":\"ImageObject\",\"inLanguage\":\"es\",\"@id\":\"https:\/\/shedcoliving.com\/warsaw-skyliving\/#\/schema\/logo\/image\/\",\"url\":\"https:\/\/shedcoliving.com\/warsaw-skyliving\/wp-content\/uploads\/2024\/12\/logo-black.svg\",\"contentUrl\":\"https:\/\/shedcoliving.com\/warsaw-skyliving\/wp-content\/uploads\/2024\/12\/logo-black.svg\",\"width\":937,\"height\":347,\"caption\":\"Shed Co-living\"},\"image\":{\"@id\":\"https:\/\/shedcoliving.com\/warsaw-skyliving\/#\/schema\/logo\/image\/\"},\"sameAs\":[\"https:\/\/www.facebook.com\/shedcolivingvilnius\/\",\"https:\/\/www.instagram.com\/shed_vilnius\/\"]}]}<\/script>\n<!-- \/ Yoast SEO plugin. -->","yoast_head_json":{"title":"Datos de la empresa - SHED Warsaw - Sky Living","robots":{"index":"index","follow":"follow","max-snippet":"max-snippet:-1","max-image-preview":"max-image-preview:large","max-video-preview":"max-video-preview:-1"},"canonical":"https:\/\/shedcoliving.com\/warsaw-skyliving\/es\/company-details\/","og_locale":"es_ES","og_type":"article","og_title":"Datos de la empresa - SHED Warsaw - Sky Living","og_description":"Ciudad de Vilna: UAB \u00abSHED Vilnius\u00bbCalle Ras\u0173, 9, Vilna, LT-11350N.\u00ba de empresa: 306070275N.\u00ba de IVA: LT100015037418 Ciudad de Riga: J12, SIAJelgavas iela 8, Riga, LV-1004N.\u00ba de empresa: 40203133168N.\u00ba de IVA: LV40203133168 Ciudad de Varsovia: SHED Sky LivingCalle: \u017bwirki i Wigury 31 Ochota, Varsovia, PoloniaCorreo electr\u00f3nico: shedwarsawsky@yugo.comNIP: 5252897848 SHED Campus LivingPu\u0142awska 246, 02-819 Varsovia, PoloniaCorreo electr\u00f3nico: [&hellip;]","og_url":"https:\/\/shedcoliving.com\/warsaw-skyliving\/es\/company-details\/","og_site_name":"SHED Warsaw - Sky Living","article_publisher":"https:\/\/www.facebook.com\/shedcolivingvilnius\/","article_modified_time":"2026-03-18T08:57:03+00:00","og_image":[{"width":2048,"height":1075,"url":"https:\/\/shedcoliving.com\/warsaw-skyliving\/wp-content\/uploads\/2024\/12\/shedcoliving-facebook-og-image-1.png","type":"image\/png"}],"twitter_card":"summary_large_image","twitter_misc":{"Tiempo de lectura":"1 minuto"},"schema":{"@context":"https:\/\/schema.org","@graph":[{"@type":"WebPage","@id":"https:\/\/shedcoliving.com\/warsaw-skyliving\/es\/company-details\/","url":"https:\/\/shedcoliving.com\/warsaw-skyliving\/es\/company-details\/","name":"Datos de la empresa - SHED Warsaw - Sky Living","isPartOf":{"@id":"https:\/\/shedcoliving.com\/warsaw-skyliving\/#website"},"datePublished":"2024-11-12T10:47:36+00:00","dateModified":"2026-03-18T08:57:03+00:00","breadcrumb":{"@id":"https:\/\/shedcoliving.com\/warsaw-skyliving\/es\/company-details\/#breadcrumb"},"inLanguage":"es","potentialAction":[{"@type":"ReadAction","target":["https:\/\/shedcoliving.com\/warsaw-skyliving\/es\/company-details\/"]}]},{"@type":"BreadcrumbList","@id":"https:\/\/shedcoliving.com\/warsaw-skyliving\/es\/company-details\/#breadcrumb","itemListElement":[{"@type":"ListItem","position":1,"name":"Home","item":"https:\/\/shedcoliving.com\/warsaw-skyliving\/es\/"},{"@type":"ListItem","position":2,"name":"Datos de la empresa"}]},{"@type":"WebSite","@id":"https:\/\/shedcoliving.com\/warsaw-skyliving\/#website","url":"https:\/\/shedcoliving.com\/warsaw-skyliving\/","name":"SHED Warsaw - Sky Living","description":"Build a new version of yourself!","publisher":{"@id":"https:\/\/shedcoliving.com\/warsaw-skyliving\/#organization"},"potentialAction":[{"@type":"SearchAction","target":{"@type":"EntryPoint","urlTemplate":"https:\/\/shedcoliving.com\/warsaw-skyliving\/?s={search_term_string}"},"query-input":{"@type":"PropertyValueSpecification","valueRequired":true,"valueName":"search_term_string"}}],"inLanguage":"es"},{"@type":"Organization","@id":"https:\/\/shedcoliving.com\/warsaw-skyliving\/#organization","name":"Shed Co-living","url":"https:\/\/shedcoliving.com\/warsaw-skyliving\/","logo":{"@type":"ImageObject","inLanguage":"es","@id":"https:\/\/shedcoliving.com\/warsaw-skyliving\/#\/schema\/logo\/image\/","url":"https:\/\/shedcoliving.com\/warsaw-skyliving\/wp-content\/uploads\/2024\/12\/logo-black.svg","contentUrl":"https:\/\/shedcoliving.com\/warsaw-skyliving\/wp-content\/uploads\/2024\/12\/logo-black.svg","width":937,"height":347,"caption":"Shed Co-living"},"image":{"@id":"https:\/\/shedcoliving.com\/warsaw-skyliving\/#\/schema\/logo\/image\/"},"sameAs":["https:\/\/www.facebook.com\/shedcolivingvilnius\/","https:\/\/www.instagram.com\/shed_vilnius\/"]}]}},"_links":{"self":[{"href":"https:\/\/shedcoliving.com\/warsaw-skyliving\/es\/wp-json\/wp\/v2\/pages\/12386","targetHints":{"allow":["GET"]}}],"collection":[{"href":"https:\/\/shedcoliving.com\/warsaw-skyliving\/es\/wp-json\/wp\/v2\/pages"}],"about":[{"href":"https:\/\/shedcoliving.com\/warsaw-skyliving\/es\/wp-json\/wp\/v2\/types\/page"}],"author":[{"embeddable":true,"href":"https:\/\/shedcoliving.com\/warsaw-skyliving\/es\/wp-json\/wp\/v2\/users\/1"}],"replies":[{"embeddable":true,"href":"https:\/\/shedcoliving.com\/warsaw-skyliving\/es\/wp-json\/wp\/v2\/comments?post=12386"}],"version-history":[{"count":2,"href":"https:\/\/shedcoliving.com\/warsaw-skyliving\/es\/wp-json\/wp\/v2\/pages\/12386\/revisions"}],"predecessor-version":[{"id":14374,"href":"https:\/\/shedcoliving.com\/warsaw-skyliving\/es\/wp-json\/wp\/v2\/pages\/12386\/revisions\/14374"}],"wp:attachment":[{"href":"https:\/\/shedcoliving.com\/warsaw-skyliving\/es\/wp-json\/wp\/v2\/media?parent=12386"}],"curies":[{"name":"wp","href":"https:\/\/api.w.org\/{rel}","templated":true}]}}