{"id":10277,"date":"2024-10-17T12:30:15","date_gmt":"2024-10-17T12:30:15","guid":{"rendered":"https:\/\/shed.treigys.com\/krakow\/vilnius\/"},"modified":"2026-02-26T12:21:50","modified_gmt":"2026-02-26T12:21:50","slug":"krakow","status":"publish","type":"page","link":"https:\/\/shedcoliving.com\/warsaw-skyliving\/pl\/","title":{"rendered":"Warsaw Sky Living"},"content":{"rendered":"","protected":false},"excerpt":{"rendered":"","protected":false},"author":1,"featured_media":0,"parent":0,"menu_order":0,"comment_status":"closed","ping_status":"closed","template":"template-city_home.php","meta":{"_acf_changed":false,"inline_featured_image":false,"_joinchat":[],"footnotes":""},"class_list":["post-10277","page","type-page","status-publish","hentry"],"acf":[],"yoast_head":"<!-- This site is optimized with the Yoast SEO plugin v27.2 - https:\/\/yoast.com\/product\/yoast-seo-wordpress\/ -->\n<title>SHED Warsaw Sky Living - nowoczesne zakwaterowanie dla student\u00f3w<\/title>\n<meta name=\"description\" content=\"Pokoje w SHED Warsaw Sky Living przy \u017bwirki i Wigury 31 z prywatn\u0105 \u0142azienk\u0105 i aneksem kuchennym, Wi-Fi, klimatyzacj\u0105 i strefami wsp\u00f3lnymi.\" \/>\n<meta name=\"robots\" content=\"index, follow, max-snippet:-1, max-image-preview:large, max-video-preview:-1\" \/>\n<link rel=\"canonical\" href=\"https:\/\/shedcoliving.com\/warsaw-skyliving\/pl\/\" \/>\n<meta property=\"og:locale\" content=\"pl_PL\" \/>\n<meta property=\"og:type\" content=\"article\" \/>\n<meta property=\"og:title\" content=\"SHED Warsaw Sky Living - nowoczesne zakwaterowanie dla student\u00f3w\" \/>\n<meta property=\"og:description\" content=\"Pokoje w SHED Warsaw Sky Living przy \u017bwirki i Wigury 31 z prywatn\u0105 \u0142azienk\u0105 i aneksem kuchennym, Wi-Fi, klimatyzacj\u0105 i strefami wsp\u00f3lnymi.\" \/>\n<meta property=\"og:url\" content=\"https:\/\/shedcoliving.com\/warsaw-skyliving\/pl\/\" \/>\n<meta property=\"og:site_name\" content=\"SHED Warsaw - Sky Living\" \/>\n<meta property=\"article:publisher\" content=\"https:\/\/www.facebook.com\/shedcolivingvilnius\/\" \/>\n<meta property=\"article:modified_time\" content=\"2026-02-26T12:21:50+00:00\" \/>\n<meta property=\"og:image\" content=\"https:\/\/shedcoliving.com\/warsaw-skyliving\/wp-content\/uploads\/2024\/12\/shedcoliving-facebook-og-image-1.png\" \/>\n\t<meta property=\"og:image:width\" content=\"2048\" \/>\n\t<meta property=\"og:image:height\" content=\"1075\" \/>\n\t<meta property=\"og:image:type\" content=\"image\/png\" \/>\n<meta name=\"twitter:card\" content=\"summary_large_image\" \/>\n<script type=\"application\/ld+json\" class=\"yoast-schema-graph\">{\"@context\":\"https:\/\/schema.org\",\"@graph\":[{\"@type\":\"WebPage\",\"@id\":\"https:\/\/shedcoliving.com\/warsaw-skyliving\/pl\/\",\"url\":\"https:\/\/shedcoliving.com\/warsaw-skyliving\/pl\/\",\"name\":\"SHED Warsaw Sky Living - nowoczesne zakwaterowanie dla student\u00f3w\",\"isPartOf\":{\"@id\":\"https:\/\/shedcoliving.com\/warsaw-skyliving\/#website\"},\"datePublished\":\"2024-10-17T12:30:15+00:00\",\"dateModified\":\"2026-02-26T12:21:50+00:00\",\"description\":\"Pokoje w SHED Warsaw Sky Living przy \u017bwirki i Wigury 31 z prywatn\u0105 \u0142azienk\u0105 i aneksem kuchennym, Wi-Fi, klimatyzacj\u0105 i strefami wsp\u00f3lnymi.\",\"breadcrumb\":{\"@id\":\"https:\/\/shedcoliving.com\/warsaw-skyliving\/pl\/#breadcrumb\"},\"inLanguage\":\"pl-PL\",\"potentialAction\":[{\"@type\":\"ReadAction\",\"target\":[\"https:\/\/shedcoliving.com\/warsaw-skyliving\/pl\/\"]}]},{\"@type\":\"BreadcrumbList\",\"@id\":\"https:\/\/shedcoliving.com\/warsaw-skyliving\/pl\/#breadcrumb\",\"itemListElement\":[{\"@type\":\"ListItem\",\"position\":1,\"name\":\"Home\",\"item\":\"https:\/\/shedcoliving.com\/warsaw-skyliving\/pl\/\"},{\"@type\":\"ListItem\",\"position\":2,\"name\":\"Warsaw Sky Living\"}]},{\"@type\":\"WebSite\",\"@id\":\"https:\/\/shedcoliving.com\/warsaw-skyliving\/#website\",\"url\":\"https:\/\/shedcoliving.com\/warsaw-skyliving\/\",\"name\":\"SHED Warsaw - Sky Living\",\"description\":\"Build a new version of yourself!\",\"publisher\":{\"@id\":\"https:\/\/shedcoliving.com\/warsaw-skyliving\/#organization\"},\"potentialAction\":[{\"@type\":\"SearchAction\",\"target\":{\"@type\":\"EntryPoint\",\"urlTemplate\":\"https:\/\/shedcoliving.com\/warsaw-skyliving\/?s={search_term_string}\"},\"query-input\":{\"@type\":\"PropertyValueSpecification\",\"valueRequired\":true,\"valueName\":\"search_term_string\"}}],\"inLanguage\":\"pl-PL\"},{\"@type\":\"Organization\",\"@id\":\"https:\/\/shedcoliving.com\/warsaw-skyliving\/#organization\",\"name\":\"Shed Co-living\",\"url\":\"https:\/\/shedcoliving.com\/warsaw-skyliving\/\",\"logo\":{\"@type\":\"ImageObject\",\"inLanguage\":\"pl-PL\",\"@id\":\"https:\/\/shedcoliving.com\/warsaw-skyliving\/#\/schema\/logo\/image\/\",\"url\":\"https:\/\/shedcoliving.com\/warsaw-skyliving\/wp-content\/uploads\/2024\/12\/logo-black.svg\",\"contentUrl\":\"https:\/\/shedcoliving.com\/warsaw-skyliving\/wp-content\/uploads\/2024\/12\/logo-black.svg\",\"width\":937,\"height\":347,\"caption\":\"Shed Co-living\"},\"image\":{\"@id\":\"https:\/\/shedcoliving.com\/warsaw-skyliving\/#\/schema\/logo\/image\/\"},\"sameAs\":[\"https:\/\/www.facebook.com\/shedcolivingvilnius\/\",\"https:\/\/www.instagram.com\/shed_vilnius\/\"]}]}<\/script>\n<!-- \/ Yoast SEO plugin. -->","yoast_head_json":{"title":"SHED Warsaw Sky Living - nowoczesne zakwaterowanie dla student\u00f3w","description":"Pokoje w SHED Warsaw Sky Living przy \u017bwirki i Wigury 31 z prywatn\u0105 \u0142azienk\u0105 i aneksem kuchennym, Wi-Fi, klimatyzacj\u0105 i strefami wsp\u00f3lnymi.","robots":{"index":"index","follow":"follow","max-snippet":"max-snippet:-1","max-image-preview":"max-image-preview:large","max-video-preview":"max-video-preview:-1"},"canonical":"https:\/\/shedcoliving.com\/warsaw-skyliving\/pl\/","og_locale":"pl_PL","og_type":"article","og_title":"SHED Warsaw Sky Living - nowoczesne zakwaterowanie dla student\u00f3w","og_description":"Pokoje w SHED Warsaw Sky Living przy \u017bwirki i Wigury 31 z prywatn\u0105 \u0142azienk\u0105 i aneksem kuchennym, Wi-Fi, klimatyzacj\u0105 i strefami wsp\u00f3lnymi.","og_url":"https:\/\/shedcoliving.com\/warsaw-skyliving\/pl\/","og_site_name":"SHED Warsaw - Sky Living","article_publisher":"https:\/\/www.facebook.com\/shedcolivingvilnius\/","article_modified_time":"2026-02-26T12:21:50+00:00","og_image":[{"width":2048,"height":1075,"url":"https:\/\/shedcoliving.com\/warsaw-skyliving\/wp-content\/uploads\/2024\/12\/shedcoliving-facebook-og-image-1.png","type":"image\/png"}],"twitter_card":"summary_large_image","schema":{"@context":"https:\/\/schema.org","@graph":[{"@type":"WebPage","@id":"https:\/\/shedcoliving.com\/warsaw-skyliving\/pl\/","url":"https:\/\/shedcoliving.com\/warsaw-skyliving\/pl\/","name":"SHED Warsaw Sky Living - nowoczesne zakwaterowanie dla student\u00f3w","isPartOf":{"@id":"https:\/\/shedcoliving.com\/warsaw-skyliving\/#website"},"datePublished":"2024-10-17T12:30:15+00:00","dateModified":"2026-02-26T12:21:50+00:00","description":"Pokoje w SHED Warsaw Sky Living przy \u017bwirki i Wigury 31 z prywatn\u0105 \u0142azienk\u0105 i aneksem kuchennym, Wi-Fi, klimatyzacj\u0105 i strefami wsp\u00f3lnymi.","breadcrumb":{"@id":"https:\/\/shedcoliving.com\/warsaw-skyliving\/pl\/#breadcrumb"},"inLanguage":"pl-PL","potentialAction":[{"@type":"ReadAction","target":["https:\/\/shedcoliving.com\/warsaw-skyliving\/pl\/"]}]},{"@type":"BreadcrumbList","@id":"https:\/\/shedcoliving.com\/warsaw-skyliving\/pl\/#breadcrumb","itemListElement":[{"@type":"ListItem","position":1,"name":"Home","item":"https:\/\/shedcoliving.com\/warsaw-skyliving\/pl\/"},{"@type":"ListItem","position":2,"name":"Warsaw Sky Living"}]},{"@type":"WebSite","@id":"https:\/\/shedcoliving.com\/warsaw-skyliving\/#website","url":"https:\/\/shedcoliving.com\/warsaw-skyliving\/","name":"SHED Warsaw - Sky Living","description":"Build a new version of yourself!","publisher":{"@id":"https:\/\/shedcoliving.com\/warsaw-skyliving\/#organization"},"potentialAction":[{"@type":"SearchAction","target":{"@type":"EntryPoint","urlTemplate":"https:\/\/shedcoliving.com\/warsaw-skyliving\/?s={search_term_string}"},"query-input":{"@type":"PropertyValueSpecification","valueRequired":true,"valueName":"search_term_string"}}],"inLanguage":"pl-PL"},{"@type":"Organization","@id":"https:\/\/shedcoliving.com\/warsaw-skyliving\/#organization","name":"Shed Co-living","url":"https:\/\/shedcoliving.com\/warsaw-skyliving\/","logo":{"@type":"ImageObject","inLanguage":"pl-PL","@id":"https:\/\/shedcoliving.com\/warsaw-skyliving\/#\/schema\/logo\/image\/","url":"https:\/\/shedcoliving.com\/warsaw-skyliving\/wp-content\/uploads\/2024\/12\/logo-black.svg","contentUrl":"https:\/\/shedcoliving.com\/warsaw-skyliving\/wp-content\/uploads\/2024\/12\/logo-black.svg","width":937,"height":347,"caption":"Shed Co-living"},"image":{"@id":"https:\/\/shedcoliving.com\/warsaw-skyliving\/#\/schema\/logo\/image\/"},"sameAs":["https:\/\/www.facebook.com\/shedcolivingvilnius\/","https:\/\/www.instagram.com\/shed_vilnius\/"]}]}},"_links":{"self":[{"href":"https:\/\/shedcoliving.com\/warsaw-skyliving\/pl\/wp-json\/wp\/v2\/pages\/10277","targetHints":{"allow":["GET"]}}],"collection":[{"href":"https:\/\/shedcoliving.com\/warsaw-skyliving\/pl\/wp-json\/wp\/v2\/pages"}],"about":[{"href":"https:\/\/shedcoliving.com\/warsaw-skyliving\/pl\/wp-json\/wp\/v2\/types\/page"}],"author":[{"embeddable":true,"href":"https:\/\/shedcoliving.com\/warsaw-skyliving\/pl\/wp-json\/wp\/v2\/users\/1"}],"replies":[{"embeddable":true,"href":"https:\/\/shedcoliving.com\/warsaw-skyliving\/pl\/wp-json\/wp\/v2\/comments?post=10277"}],"version-history":[{"count":87,"href":"https:\/\/shedcoliving.com\/warsaw-skyliving\/pl\/wp-json\/wp\/v2\/pages\/10277\/revisions"}],"predecessor-version":[{"id":12158,"href":"https:\/\/shedcoliving.com\/warsaw-skyliving\/pl\/wp-json\/wp\/v2\/pages\/10277\/revisions\/12158"}],"wp:attachment":[{"href":"https:\/\/shedcoliving.com\/warsaw-skyliving\/pl\/wp-json\/wp\/v2\/media?parent=10277"}],"curies":[{"name":"wp","href":"https:\/\/api.w.org\/{rel}","templated":true}]}}